{"id":420,"date":"2018-04-03T10:54:52","date_gmt":"2018-04-03T07:54:52","guid":{"rendered":"https:\/\/kutluyayinevi.com\/magaza\/?page_id=420"},"modified":"2021-09-03T18:23:17","modified_gmt":"2021-09-03T15:23:17","slug":"banka-bilgileri","status":"publish","type":"page","link":"https:\/\/kutluyayinevi.com\/magaza\/banka-bilgileri\/","title":{"rendered":"Banka Bilgileri"},"content":{"rendered":"<p><strong>QNB F\u0130NANSBANK<\/strong><\/p>\n<p>Hesap Ad\u0131: Kutlu Yay\u0131nevi Bas\u0131m Yay\u0131m Da\u011f\u0131t\u0131m Limited \u015eirketi<\/p>\n<p>IBAN: TR59 0011 1000 0000 0099 4058 22<\/p>\n","protected":false},"excerpt":{"rendered":"<p>QNB F\u0130NANSBANK Hesap Ad\u0131: Kutlu Yay\u0131nevi Bas\u0131m Yay\u0131m Da\u011f\u0131t\u0131m Limited \u015eirketi IBAN: TR59 0011 1000 0000 0099 4058 22<\/p>\n","protected":false},"author":1,"featured_media":353,"parent":0,"menu_order":0,"comment_status":"closed","ping_status":"closed","template":"","meta":{"footnotes":""},"class_list":["post-420","page","type-page","status-publish","has-post-thumbnail","hentry"],"_links":{"self":[{"href":"https:\/\/kutluyayinevi.com\/magaza\/wp-json\/wp\/v2\/pages\/420","targetHints":{"allow":["GET"]}}],"collection":[{"href":"https:\/\/kutluyayinevi.com\/magaza\/wp-json\/wp\/v2\/pages"}],"about":[{"href":"https:\/\/kutluyayinevi.com\/magaza\/wp-json\/wp\/v2\/types\/page"}],"author":[{"embeddable":true,"href":"https:\/\/kutluyayinevi.com\/magaza\/wp-json\/wp\/v2\/users\/1"}],"replies":[{"embeddable":true,"href":"https:\/\/kutluyayinevi.com\/magaza\/wp-json\/wp\/v2\/comments?post=420"}],"version-history":[{"count":5,"href":"https:\/\/kutluyayinevi.com\/magaza\/wp-json\/wp\/v2\/pages\/420\/revisions"}],"predecessor-version":[{"id":20892,"href":"https:\/\/kutluyayinevi.com\/magaza\/wp-json\/wp\/v2\/pages\/420\/revisions\/20892"}],"wp:featuredmedia":[{"embeddable":true,"href":"https:\/\/kutluyayinevi.com\/magaza\/wp-json\/wp\/v2\/media\/353"}],"wp:attachment":[{"href":"https:\/\/kutluyayinevi.com\/magaza\/wp-json\/wp\/v2\/media?parent=420"}],"curies":[{"name":"wp","href":"https:\/\/api.w.org\/{rel}","templated":true}]}}