{"id":458,"date":"2018-04-06T12:36:36","date_gmt":"2018-04-06T09:36:36","guid":{"rendered":"https:\/\/kutluyayinevi.com\/magaza\/?page_id=458"},"modified":"2018-04-06T12:36:52","modified_gmt":"2018-04-06T09:36:52","slug":"iletisim","status":"publish","type":"page","link":"https:\/\/kutluyayinevi.com\/magaza\/iletisim\/","title":{"rendered":"\u0130leti\u015fim"},"content":{"rendered":"<p>Siyavu\u015fpa\u015fa Mah. Aydede Sok. No: 2\/A<br \/>\nBah\u00e7elievler \u2013 \u0130STANBUL<br \/>\n[<a href=\"http:\/\/kutluyayinevi.com\/wp-content\/uploads\/2018\/01\/kutlu-yayinevi-kroki.jpg\" target=\"_blank\" rel=\"noopener\">Kroki i\u00e7in t\u0131klay\u0131n\u0131z]<\/a><br \/>\nTelefon: 0212 603 56 61<br \/>\n<u><a href=\"mailto:istek@kutluyayinevi.com\">istek@kutluyayinevi.com<\/a><\/u><\/p>\n","protected":false},"excerpt":{"rendered":"<p>Siyavu\u015fpa\u015fa Mah. Aydede Sok. No: 2\/A Bah\u00e7elievler \u2013 \u0130STANBUL [Kroki i\u00e7in t\u0131klay\u0131n\u0131z] Telefon: 0212 603 56 61 istek@kutluyayinevi.com<\/p>\n","protected":false},"author":1,"featured_media":0,"parent":0,"menu_order":0,"comment_status":"closed","ping_status":"closed","template":"","meta":{"footnotes":""},"class_list":["post-458","page","type-page","status-publish","hentry"],"_links":{"self":[{"href":"https:\/\/kutluyayinevi.com\/magaza\/wp-json\/wp\/v2\/pages\/458","targetHints":{"allow":["GET"]}}],"collection":[{"href":"https:\/\/kutluyayinevi.com\/magaza\/wp-json\/wp\/v2\/pages"}],"about":[{"href":"https:\/\/kutluyayinevi.com\/magaza\/wp-json\/wp\/v2\/types\/page"}],"author":[{"embeddable":true,"href":"https:\/\/kutluyayinevi.com\/magaza\/wp-json\/wp\/v2\/users\/1"}],"replies":[{"embeddable":true,"href":"https:\/\/kutluyayinevi.com\/magaza\/wp-json\/wp\/v2\/comments?post=458"}],"version-history":[{"count":2,"href":"https:\/\/kutluyayinevi.com\/magaza\/wp-json\/wp\/v2\/pages\/458\/revisions"}],"predecessor-version":[{"id":462,"href":"https:\/\/kutluyayinevi.com\/magaza\/wp-json\/wp\/v2\/pages\/458\/revisions\/462"}],"wp:attachment":[{"href":"https:\/\/kutluyayinevi.com\/magaza\/wp-json\/wp\/v2\/media?parent=458"}],"curies":[{"name":"wp","href":"https:\/\/api.w.org\/{rel}","templated":true}]}}