{"id":1250,"date":"2018-12-04T17:40:42","date_gmt":"2018-12-04T14:40:42","guid":{"rendered":"https:\/\/kutluyayinevi.com\/magaza\/?post_type=product&#038;p=1250"},"modified":"2025-01-28T13:52:19","modified_gmt":"2025-01-28T10:52:19","slug":"siber-guvenlik-bibliyografyasi-kurgan","status":"publish","type":"product","link":"https:\/\/kutluyayinevi.com\/magaza\/urun\/siber-guvenlik-bibliyografyasi-kurgan\/","title":{"rendered":"Siber G\u00fcvenlik Bibliyografyas\u0131 &#8211; KURGAN"},"content":{"rendered":"","protected":false},"excerpt":{"rendered":"<p>Bibliyografya, kapsad\u0131\u011f\u0131 alan itibariyle yaz\u0131lan bilgi birikiminin yer ald\u0131\u011f\u0131 ba\u015fvuru kayna\u011f\u0131 i\u015flevini \u00fcstlenmektedir. Bir bak\u0131ma s\u00f6z konusu ortak eserlerin bir arada bulundu\u011fu k\u00fct\u00fcphane olan bibliyografya, ara\u015ft\u0131rmac\u0131n\u0131n \u00e7al\u0131\u015faca\u011f\u0131 konu \u00fczerindeki haz\u0131rl\u0131\u011f\u0131n\u0131n ilk a\u015famas\u0131nda yol g\u00f6sterici k\u0131lavuzdur. B\u00f6ylelikle ara\u015ft\u0131rmac\u0131, kelimenin tam anlam\u0131yla elinin alt\u0131nda olan bir veri taban\u0131na sahip olur.<\/p>\n<p>Bibliyografya haz\u0131rlanacak kadar eserin olmas\u0131 da ele al\u0131nan konunun o literat\u00fcrdeki ge\u00e7mi\u015fini ve yerle\u015fmi\u015f bir k\u00fclt\u00fcr\u00fcn\u00fc de ortaya koyma ehliyetine hakl\u0131 olarak sahiptir. Bu a\u00e7\u0131dan de\u011ferlendirildi\u011finde Siber G\u00fcvenlik Bibliyografyas\u0131, \u00fclkemizdeki siber g\u00fcvenlik ge\u00e7mi\u015fini ve g\u00fcn\u00fcm\u00fczdeki ilgiyi net bi\u00e7imde ortaya koymaktad\u0131r.<\/p>\n<p><a href=\"http:\/\/www.siberkitaplik.com\" target=\"_blank\" rel=\"nofollow noopener noreferrer\">www.siberkitaplik.com<\/a> \u00fczerinden de siber g\u00fcvenli\u011fin \u00e7evrim i\u00e7i eser dizinine g\u00fcncel ve h\u0131zl\u0131ca ula\u015fabilirsiniz. Site \u00fczerinden eser \u00f6nerisinde bulunarak bibliyografyaya katk\u0131da bulunabilirsiniz.<\/p>\n<p>T\u00fcrk\u00e7e yaz\u0131lm\u0131\u015f siber g\u00fcvenlik eser birikimi olan Siber G\u00fcvenlik Bibliyografyas\u0131\u2019n\u0131n \u00e7al\u0131\u015fmalar\u0131n\u0131zda yararl\u0131 olmas\u0131 dile\u011fiyle&#8230;<\/p>\n","protected":false},"featured_media":1251,"comment_status":"open","ping_status":"closed","template":"","meta":[],"product_brand":[],"product_cat":[18],"product_tag":[],"class_list":{"0":"post-1250","1":"product","2":"type-product","3":"status-publish","4":"has-post-thumbnail","6":"product_cat-bilgisayar","8":"first","9":"instock","10":"sale","11":"shipping-taxable","12":"purchasable","13":"product-type-simple"},"_links":{"self":[{"href":"https:\/\/kutluyayinevi.com\/magaza\/wp-json\/wp\/v2\/product\/1250","targetHints":{"allow":["GET"]}}],"collection":[{"href":"https:\/\/kutluyayinevi.com\/magaza\/wp-json\/wp\/v2\/product"}],"about":[{"href":"https:\/\/kutluyayinevi.com\/magaza\/wp-json\/wp\/v2\/types\/product"}],"replies":[{"embeddable":true,"href":"https:\/\/kutluyayinevi.com\/magaza\/wp-json\/wp\/v2\/comments?post=1250"}],"wp:featuredmedia":[{"embeddable":true,"href":"https:\/\/kutluyayinevi.com\/magaza\/wp-json\/wp\/v2\/media\/1251"}],"wp:attachment":[{"href":"https:\/\/kutluyayinevi.com\/magaza\/wp-json\/wp\/v2\/media?parent=1250"}],"wp:term":[{"taxonomy":"product_brand","embeddable":true,"href":"https:\/\/kutluyayinevi.com\/magaza\/wp-json\/wp\/v2\/product_brand?post=1250"},{"taxonomy":"product_cat","embeddable":true,"href":"https:\/\/kutluyayinevi.com\/magaza\/wp-json\/wp\/v2\/product_cat?post=1250"},{"taxonomy":"product_tag","embeddable":true,"href":"https:\/\/kutluyayinevi.com\/magaza\/wp-json\/wp\/v2\/product_tag?post=1250"}],"curies":[{"name":"wp","href":"https:\/\/api.w.org\/{rel}","templated":true}]}}