{"id":134,"date":"2018-03-22T13:00:28","date_gmt":"2018-03-22T10:00:28","guid":{"rendered":"http:\/\/kutluyayinevi.com\/magaza\/?post_type=product&#038;p=134"},"modified":"2025-01-27T16:53:40","modified_gmt":"2025-01-27T13:53:40","slug":"siber-mucadeleye-giris-kurgan","status":"publish","type":"product","link":"https:\/\/kutluyayinevi.com\/magaza\/urun\/siber-mucadeleye-giris-kurgan\/","title":{"rendered":"Siber M\u00fccadeleye Giri\u015f &#8211; Kurgan"},"content":{"rendered":"<table class=\"attribute\">\n<tbody>\n<tr>\n<td>Yay\u0131n Tarihi<\/td>\n<td>2018-02-13<\/td>\n<\/tr>\n<tr>\n<td>ISBN<\/td>\n<td>6059672795<\/td>\n<\/tr>\n<tr>\n<td>Bask\u0131 Say\u0131s\u0131<\/td>\n<td>1. Bask\u0131<\/td>\n<\/tr>\n<tr>\n<td>Dil<\/td>\n<td>T\u00dcRK\u00c7E<\/td>\n<\/tr>\n<tr>\n<td>Sayfa Say\u0131s\u0131<\/td>\n<td>340<\/td>\n<\/tr>\n<tr>\n<td>Cilt Tipi<\/td>\n<td>Karton Kapak<\/td>\n<\/tr>\n<tr>\n<td>Ka\u011f\u0131t Cinsi<\/td>\n<td>Kitap Ka\u011f\u0131d\u0131<\/td>\n<\/tr>\n<tr>\n<td>Boyut<\/td>\n<td>16 x 24 cm<\/td>\n<\/tr>\n<\/tbody>\n<\/table>\n","protected":false},"excerpt":{"rendered":"<p>G\u00fcvenli\u011fin siber boyutuna tarihsel ve psikolojik a\u00e7\u0131dan analizlerle giri\u015f yapmak ve siber uzayda kuvvet kazanmak isteyenler i\u00e7in&#8230;<\/p>\n<p>https:\/\/youtu.be\/jmkLLELj7Is<\/p>\n<p>Bilgisayar biliminin geli\u015fimi otomobilin geli\u015fimine benzer. Henry Ford, ilk otomobilini yapt\u0131\u011f\u0131 zaman bunun gelece\u011fi olaca\u011f\u0131 san\u0131lm\u0131yordu. Neden olarak da otomobillerin s\u00fcr\u00fclmeye elveri\u015fli yollar\u0131n olmamas\u0131na ba\u011flan\u0131yordu. Buna bir \u00f6rnek de sinemadan, 1895 y\u0131l\u0131nda sinematograf\u0131n yarat\u0131c\u0131s\u0131 Frans\u0131z Lumiere karde\u015flerden: Onlara g\u00f6re sinema ge\u00e7ici bir e\u011flenceden, hevesten ba\u015fka bir \u015fey de\u011fildi. Oysa g\u00fcn\u00fcm\u00fczde sinema filmlerinin ula\u015ft\u0131\u011f\u0131 kitle potansiyeli ve propaganda g\u00fcc\u00fc hi\u00e7bir sanat ve bilim dal\u0131nda hen\u00fcz yok.<\/p>\n<p>Siber uzay, uluslararas\u0131 camiada be\u015finci sava\u015f unsuru olarak yer edinse de \u00e7o\u011funlukla herhangi bir muharebe alan\u0131 dahilinde her iki taraf\u0131n da kar\u015f\u0131la\u015fma durumunun olmamas\u0131 ve bir kesin sonu\u00e7la neticelenmemesi ona sava\u015ftan daha \u00e7ok m\u00fccadele kavram\u0131n\u0131n kullan\u0131lmas\u0131n\u0131 gereklili\u011fini do\u011furmaktad\u0131r.<\/p>\n<p>&#8220;Siber M\u00fccadeleye Giri\u015f&#8221; kitab\u0131 ile \u00fclkemizdeki siber g\u00fcvenlik bilincinin yayg\u0131nla\u015ft\u0131r\u0131lmas\u0131n\u0131, g\u00fcn\u00fcm\u00fcz\u00fcn ve gelece\u011fimizin etkili g\u00fcc\u00fc olan bili\u015fimin geni\u015f kitlelerce fark\u0131na vard\u0131r\u0131lmas\u0131n\u0131 ve ilgililerin alana te\u015fvik olunmas\u0131n\u0131 dileyerek kaleme ald\u0131k. Umar\u0131m\u0131z ki bu \u00e7al\u0131\u015fma \u00f6ncelikle gen\u00e7lerimize yol g\u00f6stersin, siber g\u00fcvenlik alan\u0131 \u00fczerinde \u00e7al\u0131\u015fma yapabilecek azim ve istek uyand\u0131rs\u0131n ve bili\u015fim meslek liseli dostlar\u0131m\u0131z laboratuvarda giydi\u011fi beyaz \u00f6nl\u00fc\u011f\u00fcn hakk\u0131n\u0131 versin. Umar\u0131z ki bu \u00e7al\u0131\u015fma, karanl\u0131\u011fa kar\u015f\u0131 yak\u0131lacak mumlar\u0131 da\u011f\u0131tmaya vesile olur.\u00a0 Ama\u00e7 ve dileklerimiz bunlard\u0131r.<\/p>\n","protected":false},"featured_media":214,"comment_status":"open","ping_status":"closed","template":"","meta":[],"product_brand":[],"product_cat":[18],"product_tag":[],"class_list":{"0":"post-134","1":"product","2":"type-product","3":"status-publish","4":"has-post-thumbnail","6":"product_cat-bilgisayar","8":"first","9":"instock","10":"sale","11":"featured","12":"shipping-taxable","13":"purchasable","14":"product-type-simple"},"_links":{"self":[{"href":"https:\/\/kutluyayinevi.com\/magaza\/wp-json\/wp\/v2\/product\/134","targetHints":{"allow":["GET"]}}],"collection":[{"href":"https:\/\/kutluyayinevi.com\/magaza\/wp-json\/wp\/v2\/product"}],"about":[{"href":"https:\/\/kutluyayinevi.com\/magaza\/wp-json\/wp\/v2\/types\/product"}],"replies":[{"embeddable":true,"href":"https:\/\/kutluyayinevi.com\/magaza\/wp-json\/wp\/v2\/comments?post=134"}],"wp:featuredmedia":[{"embeddable":true,"href":"https:\/\/kutluyayinevi.com\/magaza\/wp-json\/wp\/v2\/media\/214"}],"wp:attachment":[{"href":"https:\/\/kutluyayinevi.com\/magaza\/wp-json\/wp\/v2\/media?parent=134"}],"wp:term":[{"taxonomy":"product_brand","embeddable":true,"href":"https:\/\/kutluyayinevi.com\/magaza\/wp-json\/wp\/v2\/product_brand?post=134"},{"taxonomy":"product_cat","embeddable":true,"href":"https:\/\/kutluyayinevi.com\/magaza\/wp-json\/wp\/v2\/product_cat?post=134"},{"taxonomy":"product_tag","embeddable":true,"href":"https:\/\/kutluyayinevi.com\/magaza\/wp-json\/wp\/v2\/product_tag?post=134"}],"curies":[{"name":"wp","href":"https:\/\/api.w.org\/{rel}","templated":true}]}}