{"id":1351,"date":"2018-12-28T21:40:38","date_gmt":"2018-12-28T18:40:38","guid":{"rendered":"https:\/\/kutluyayinevi.com\/magaza\/?post_type=product&#038;p=1351"},"modified":"2026-02-20T12:35:01","modified_gmt":"2026-02-20T09:35:01","slug":"korece-kelime-kitabi-baslangic-seviyesi-topik-i-kelimeleri-seviye-2","status":"publish","type":"product","link":"https:\/\/kutluyayinevi.com\/magaza\/urun\/korece-kelime-kitabi-baslangic-seviyesi-topik-i-kelimeleri-seviye-2\/","title":{"rendered":"Korece Kelime Kitab\u0131 &#8211; Ba\u015flang\u0131\u00e7 Seviyesi TOPIK I Kelimeleri (Seviye 2)"},"content":{"rendered":"","protected":false},"excerpt":{"rendered":"<p>Korece Kelime Kitab\u0131\u2019m\u0131z; hem Korece Yeterlilik S\u0131nav\u0131 TOPIK I\u2019e haz\u0131rlananlar, hem de bireysel olarak Korece \u00f6\u011frenmeye yeni ba\u015flayanlar i\u00e7in haz\u0131rlanm\u0131\u015ft\u0131r. Bu sebeple, Kore Alf\u00e2besi\u2019ni okumay\u0131 bilmeyenler i\u00e7in ikinci kitab\u0131m\u0131z\u0131n ba\u015f\u0131nda alf\u00e2be tablosuna yer verilmi\u015f, t\u00fcm kelimelerin T\u00fcrk\u00e7e okunu\u015flar\u0131 yaz\u0131lm\u0131\u015ft\u0131r. Her bir kelimenin T\u00fcrk\u00e7e okunu\u015flar\u0131 ve kar\u015f\u0131l\u0131klar\u0131yla birlikte \u00f6rnek c\u00fcmle i\u00e7inde kullan\u0131mlar\u0131 verilmi\u015ftir. Ayr\u0131ca; bu kelimelerle ilgili -\u00f6rnek c\u00fcmlelerden ayr\u0131 olarak- say\u0131s\u0131 10.000\u2019i bulan bir\u00e7ok s\u00f6zc\u00fck grubu, tamlama, t\u00fcremi\u015f kelime ve kullan\u0131m kal\u0131b\u0131 da T\u00fcrk\u00e7e okunu\u015flar\u0131 ve anlamlar\u0131yla birlikte derlenmi\u015ftir. B\u00f6ylelikle, \u00f6\u011frenmek istedi\u011finiz her bir s\u00f6zc\u00fc\u011f\u00fcn nerede ve nas\u0131l kullan\u0131ld\u0131\u011f\u0131n\u0131 sa\u011flam bir \u015fekilde kavrayabilir, kolayca ezberleyebilirsiniz. Mevcut kelimelerin tam\u00e2m\u0131; g\u00fcnl\u00fck ya\u015famda s\u0131k\u00e7a kullan\u0131lan, \u00f6ncelikli olarak \u00f6\u011frenilmesi gereken temel kelimelerdir ve son 10 y\u0131lda yay\u0131mlanm\u0131\u015f Korece Yeterlilik S\u0131nav\u0131 TOPIK I sorular\u0131n\u0131n tek tek taranmas\u0131yla bir araya getirilmi\u015ftir. Kitab\u0131m\u0131z\u0131n sonunda ise Benzer ve Z\u0131t Anlaml\u0131 Kelimeler Tablosu mevcuttur.<br \/>\nKelimeleri do\u011fru bir \u015fekilde \u00f6\u011frenebilmeniz i\u00e7in kitaptaki d\u00fczensiz eylem ve s\u0131fatlar ayr\u0131ca belirtilmi\u015f, t\u00e2bi olduklar\u0131 kurallar g\u00f6sterilmi\u015ftir. Mevcut eylemlerin ise hangi eklerle kullan\u0131ld\u0131klar\u0131 belirtilmi\u015ftir. \u00d6te yandan, Hanca (\u00c7ince) karakterle olu\u015fturulmu\u015f b\u00fct\u00fcn kelimelerin k\u00f6ken bilgisine dahi de\u011finilmi\u015f, bu karakterlerin T\u00fcrk\u00e7e anlamlar\u0131 verilmi\u015ftir. Bu \u015fekilde, \u00e7ok daha h\u0131zl\u0131 ve ak\u0131lda kal\u0131c\u0131 bir \u015fekilde kelime ezberleyebilirsiniz. Kitapta Hanca karakterlerin T\u00fcrk\u00e7e kar\u015f\u0131l\u0131klar\u0131n\u0131n ve bolca \u00f6rneklerin olu\u015fu, Korecesi orta seviye olanlar\u0131n da rahatl\u0131kla istif\u00e2de edebilece\u011fi bir kaynak kitap olmas\u0131n\u0131 sa\u011flam\u0131\u015ft\u0131r.<br \/>\nBu kelime kitab\u0131; Koreceyi tek ba\u015f\u0131na \u00f6\u011frenmek isteyenlerden, akademik olarak \u00f6\u011frenmek ve Korece bilgisini ileri seviyelere ta\u015f\u0131mak isteyenlere de\u011fin, geni\u015f bir kitleye hitap edecek \u015fekilde haz\u0131rlanm\u0131\u015ft\u0131r. Kitab\u0131n son k\u0131sm\u0131nda, kelimeler konular\u0131na ve t\u00fcrlerine g\u00f6re listelenmi\u015ftir. Dileyenler, bu listelere g\u00f6re kelime \u00e7al\u0131\u015fmas\u0131 yapabilirler. Birbirini tamamlay\u0131c\u0131 \u015fekilde haz\u0131rlanm\u0131\u015f iki kitapl\u0131k serimizi \u00e7al\u0131\u015ft\u0131\u011f\u0131n\u0131zda, temel Korece kelimelerin neredeyse tam\u00e2m\u0131n\u0131 \u00f6\u011frenmi\u015f olacaks\u0131n\u0131z.<\/p>\n<p>\u2022 Alf\u00e2be tablosu<br \/>\n\u2022 \u00d6rnek c\u00fcmleler<br \/>\n\u2022 T\u00fcrk\u00e7e okunu\u015flar<br \/>\n\u2022 Hanca a\u00e7\u0131klamalar<br \/>\n\u2022 Fiillerle birlikte kullan\u0131lan ekler<br \/>\n\u2022 Kelimelerle ilgili \u00f6nemli notlar<br \/>\n\u2022 Binlerce kelime grubu ve c\u00fcmle kal\u0131plar\u0131<br \/>\n\u2022 Benzer ve z\u0131t anlaml\u0131 kelimeler tablosu<br \/>\n\u2022 Konular\u0131na ve t\u00fcrlerine g\u00f6re kelime listesi<\/p>\n<p>K\u00dcNYE:<br \/>\nKitap: Korece Kelime Kitab\u0131 \u2013 Ba\u015flang\u0131\u00e7 Seviyesi TOPIK I Kelimeleri (Seviye 2)<br \/>\nYazar: Ender \u00c7a\u011flar U\u00e7ak<br \/>\nISBN: 978-605-7993-74-8<br \/>\nSayfa: 244<br \/>\n\u00d6l\u00e7\u00fc: 13,5 x 19,5 cm<br \/>\nKa\u011f\u0131t: 1. hamur (beyaz)<\/p>\n","protected":false},"featured_media":1352,"comment_status":"open","ping_status":"closed","template":"","meta":[],"product_brand":[],"product_cat":[20,29],"product_tag":[65,62,68,69,67,66],"class_list":{"0":"post-1351","1":"product","2":"type-product","3":"status-publish","4":"has-post-thumbnail","6":"product_cat-sinavlara-hazirlik","7":"product_cat-yabanci-dil","8":"product_tag-ender-caglar-ucak","9":"product_tag-korece-kelime-kitabi","10":"product_tag-korece-sinavlara-hazirlik","11":"product_tag-korece-topik","12":"product_tag-kutlu-yayinevi","13":"product_tag-kutlu-yayinevi-korece","15":"first","16":"instock","17":"sale","18":"shipping-taxable","19":"purchasable","20":"product-type-simple"},"_links":{"self":[{"href":"https:\/\/kutluyayinevi.com\/magaza\/wp-json\/wp\/v2\/product\/1351","targetHints":{"allow":["GET"]}}],"collection":[{"href":"https:\/\/kutluyayinevi.com\/magaza\/wp-json\/wp\/v2\/product"}],"about":[{"href":"https:\/\/kutluyayinevi.com\/magaza\/wp-json\/wp\/v2\/types\/product"}],"replies":[{"embeddable":true,"href":"https:\/\/kutluyayinevi.com\/magaza\/wp-json\/wp\/v2\/comments?post=1351"}],"wp:featuredmedia":[{"embeddable":true,"href":"https:\/\/kutluyayinevi.com\/magaza\/wp-json\/wp\/v2\/media\/1352"}],"wp:attachment":[{"href":"https:\/\/kutluyayinevi.com\/magaza\/wp-json\/wp\/v2\/media?parent=1351"}],"wp:term":[{"taxonomy":"product_brand","embeddable":true,"href":"https:\/\/kutluyayinevi.com\/magaza\/wp-json\/wp\/v2\/product_brand?post=1351"},{"taxonomy":"product_cat","embeddable":true,"href":"https:\/\/kutluyayinevi.com\/magaza\/wp-json\/wp\/v2\/product_cat?post=1351"},{"taxonomy":"product_tag","embeddable":true,"href":"https:\/\/kutluyayinevi.com\/magaza\/wp-json\/wp\/v2\/product_tag?post=1351"}],"curies":[{"name":"wp","href":"https:\/\/api.w.org\/{rel}","templated":true}]}}