{"id":147,"date":"2018-03-22T13:56:00","date_gmt":"2018-03-22T10:56:00","guid":{"rendered":"http:\/\/kutluyayinevi.com\/magaza\/?post_type=product&#038;p=147"},"modified":"2026-02-23T11:21:37","modified_gmt":"2026-02-23T08:21:37","slug":"yurek-yurege-fulya-uludag","status":"publish","type":"product","link":"https:\/\/kutluyayinevi.com\/magaza\/urun\/yurek-yurege-fulya-uludag\/","title":{"rendered":"Y\u00fcrek Y\u00fcre\u011fe &#8211; Fulya Uluda\u011f"},"content":{"rendered":"<table class=\"attribute\">\n<tbody>\n<tr>\n<td>Yay\u0131n Tarihi<\/td>\n<td>2017-07-12<\/td>\n<\/tr>\n<tr>\n<td>ISBN<\/td>\n<td>6059672504<\/td>\n<\/tr>\n<tr>\n<td>Bask\u0131 Say\u0131s\u0131<\/td>\n<td>1. Bask\u0131<\/td>\n<\/tr>\n<tr>\n<td>Dil<\/td>\n<td>T\u00dcRK\u00c7E<\/td>\n<\/tr>\n<tr>\n<td>Sayfa Say\u0131s\u0131<\/td>\n<td>86<\/td>\n<\/tr>\n<tr>\n<td>Cilt Tipi<\/td>\n<td>Karton Kapak<\/td>\n<\/tr>\n<tr>\n<td>Ka\u011f\u0131t Cinsi<\/td>\n<td>Kitap Ka\u011f\u0131d\u0131<\/td>\n<\/tr>\n<tr>\n<td>Boyut<\/td>\n<td>13.5 x 19.5 cm<\/td>\n<\/tr>\n<\/tbody>\n<\/table>\n","protected":false},"excerpt":{"rendered":"<p>Hayat, Rabbimizin bize sundu\u011fu bir mucizedir.<br \/>\nSevgi olmasa, a\u015fk olmasa, \u015fiirler, \u015fark\u0131lar, dostlar olmasa nas\u0131l \u00e7\u0131kar ki bu mucizenin tad\u0131?<br \/>\nBiz a\u015fk\u0131 \u015fark\u0131larda ya\u015fad\u0131k.<br \/>\nBiz a\u015fk\u0131 destenlerden \u00f6\u011frendik.<br \/>\nRomanlarda ya\u015fad\u0131k.<br \/>\nOnlarla sevindik, onlarla a\u011flad\u0131k.<br \/>\nA\u015f\u0131k olduk \u015fiirlire s\u0131\u011f\u0131nd\u0131k,<br \/>\nAyr\u0131l\u0131klar\u0131 en g\u00fczel \u015fiirlerde anlatt\u0131k.<br \/>\nKalp k\u0131r\u0131klar\u0131n\u0131n ilac\u0131d\u0131r \u015fiir.<br \/>\nBiz \u015fairler i\u00e7imizden d\u00f6k\u00fclenleri sat\u0131rlara ta\u015f\u0131d\u0131k.<br \/>\nT\u00fcm \u015fiir ve g\u00f6n\u00fcl dostlar\u0131na sevgilerimle&#8230;<\/p>\n","protected":false},"featured_media":203,"comment_status":"open","ping_status":"closed","template":"","meta":[],"product_brand":[],"product_cat":[22],"product_tag":[],"class_list":{"0":"post-147","1":"product","2":"type-product","3":"status-publish","4":"has-post-thumbnail","6":"product_cat-siir","8":"first","9":"instock","10":"sale","11":"shipping-taxable","12":"purchasable","13":"product-type-simple"},"_links":{"self":[{"href":"https:\/\/kutluyayinevi.com\/magaza\/wp-json\/wp\/v2\/product\/147","targetHints":{"allow":["GET"]}}],"collection":[{"href":"https:\/\/kutluyayinevi.com\/magaza\/wp-json\/wp\/v2\/product"}],"about":[{"href":"https:\/\/kutluyayinevi.com\/magaza\/wp-json\/wp\/v2\/types\/product"}],"replies":[{"embeddable":true,"href":"https:\/\/kutluyayinevi.com\/magaza\/wp-json\/wp\/v2\/comments?post=147"}],"wp:featuredmedia":[{"embeddable":true,"href":"https:\/\/kutluyayinevi.com\/magaza\/wp-json\/wp\/v2\/media\/203"}],"wp:attachment":[{"href":"https:\/\/kutluyayinevi.com\/magaza\/wp-json\/wp\/v2\/media?parent=147"}],"wp:term":[{"taxonomy":"product_brand","embeddable":true,"href":"https:\/\/kutluyayinevi.com\/magaza\/wp-json\/wp\/v2\/product_brand?post=147"},{"taxonomy":"product_cat","embeddable":true,"href":"https:\/\/kutluyayinevi.com\/magaza\/wp-json\/wp\/v2\/product_cat?post=147"},{"taxonomy":"product_tag","embeddable":true,"href":"https:\/\/kutluyayinevi.com\/magaza\/wp-json\/wp\/v2\/product_tag?post=147"}],"curies":[{"name":"wp","href":"https:\/\/api.w.org\/{rel}","templated":true}]}}