{"id":1658,"date":"2019-03-02T14:55:10","date_gmt":"2019-03-02T11:55:10","guid":{"rendered":"https:\/\/kutluyayinevi.com\/magaza\/?post_type=product&#038;p=1658"},"modified":"2026-02-19T13:31:43","modified_gmt":"2026-02-19T10:31:43","slug":"aynanin-gizli-yuzu-temel-kilincli","status":"publish","type":"product","link":"https:\/\/kutluyayinevi.com\/magaza\/urun\/aynanin-gizli-yuzu-temel-kilincli\/","title":{"rendered":"Aynan\u0131n Gizli Y\u00fcz\u00fc &#8211; Temel K\u0131l\u0131n\u00e7l\u0131"},"content":{"rendered":"<div class=\"css-1bqf25i\">\n<div class=\"ak-renderer-document\">\n<p data-renderer-start-pos=\"1\">1980&#8217;lerin ortas\u0131nda k\u00fc\u00e7\u00fck bir k\u00f6yde ba\u015flayan bu hik\u00e2yede, hayat kahraman\u0131n\u0131 bir\u00e7ok s\u0131navdan ge\u00e7irir. \u0130mk\u00e2ns\u0131zl\u0131klar, hastal\u0131klar, ayr\u0131l\u0131klar ve kay\u0131plar&#8230; Ya\u015fanan her ac\u0131, onu hayata kar\u015f\u0131 daha g\u00fc\u00e7l\u00fc k\u0131lar. Defalarca d\u00fc\u015fse de pes etmeyen, yeniden aya\u011fa kalkmay\u0131 bilen bir adam\u0131n hik\u00e2yesi anlat\u0131l\u0131r bu kitapta. Hayat\u0131n t\u00fcm zorluklar\u0131na ra\u011fmen yolundan d\u00f6nmeyen bu sessiz m\u00fccadelenin i\u00e7inde, belki de kendinden bir par\u00e7a bulacaks\u0131n. Hayat ona hep zor olan\u0131 se\u00e7tirir.<\/p>\n<p data-renderer-start-pos=\"469\">Bu roman; ba\u015far\u0131yla yaln\u0131zl\u0131\u011f\u0131n, vicdanla vazge\u00e7menin, g\u00fc\u00e7le sabr\u0131n hik\u00e2yesi.<\/p>\n<\/div>\n<\/div>\n","protected":false},"excerpt":{"rendered":"<p>1980&#8217;lerin ortas\u0131nda k\u00fc\u00e7\u00fck bir k\u00f6yde ba\u015flayan bu hik\u00e2yede, hayat kahraman\u0131n\u0131 bir\u00e7ok s\u0131navdan ge\u00e7irir. \u0130mk\u00e2ns\u0131zl\u0131klar, hastal\u0131klar, ayr\u0131l\u0131klar ve kay\u0131plar&#8230; Ya\u015fanan her ac\u0131, onu hayata kar\u015f\u0131 daha g\u00fc\u00e7l\u00fc k\u0131lar. Defalarca d\u00fc\u015fse de pes etmeyen, yeniden aya\u011fa kalkmay\u0131 bilen bir adam\u0131n hik\u00e2yesi anlat\u0131l\u0131r bu kitapta. Hayat\u0131n t\u00fcm zorluklar\u0131na ra\u011fmen yolundan d\u00f6nmeyen bu sessiz m\u00fccadelenin i\u00e7inde, belki de kendinden [&hellip;]<\/p>\n","protected":false},"featured_media":24198,"comment_status":"open","ping_status":"closed","template":"","meta":[],"product_brand":[],"product_cat":[24],"product_tag":[],"class_list":{"0":"post-1658","1":"product","2":"type-product","3":"status-publish","4":"has-post-thumbnail","6":"product_cat-roman","8":"first","9":"instock","10":"sale","11":"featured","12":"shipping-taxable","13":"purchasable","14":"product-type-simple"},"_links":{"self":[{"href":"https:\/\/kutluyayinevi.com\/magaza\/wp-json\/wp\/v2\/product\/1658","targetHints":{"allow":["GET"]}}],"collection":[{"href":"https:\/\/kutluyayinevi.com\/magaza\/wp-json\/wp\/v2\/product"}],"about":[{"href":"https:\/\/kutluyayinevi.com\/magaza\/wp-json\/wp\/v2\/types\/product"}],"replies":[{"embeddable":true,"href":"https:\/\/kutluyayinevi.com\/magaza\/wp-json\/wp\/v2\/comments?post=1658"}],"wp:featuredmedia":[{"embeddable":true,"href":"https:\/\/kutluyayinevi.com\/magaza\/wp-json\/wp\/v2\/media\/24198"}],"wp:attachment":[{"href":"https:\/\/kutluyayinevi.com\/magaza\/wp-json\/wp\/v2\/media?parent=1658"}],"wp:term":[{"taxonomy":"product_brand","embeddable":true,"href":"https:\/\/kutluyayinevi.com\/magaza\/wp-json\/wp\/v2\/product_brand?post=1658"},{"taxonomy":"product_cat","embeddable":true,"href":"https:\/\/kutluyayinevi.com\/magaza\/wp-json\/wp\/v2\/product_cat?post=1658"},{"taxonomy":"product_tag","embeddable":true,"href":"https:\/\/kutluyayinevi.com\/magaza\/wp-json\/wp\/v2\/product_tag?post=1658"}],"curies":[{"name":"wp","href":"https:\/\/api.w.org\/{rel}","templated":true}]}}