{"id":17165,"date":"2019-07-03T19:42:53","date_gmt":"2019-07-03T16:42:53","guid":{"rendered":"https:\/\/kutluyayinevi.com\/magaza\/?post_type=product&#038;p=17165"},"modified":"2025-01-28T18:46:53","modified_gmt":"2025-01-28T15:46:53","slug":"35-mm-ve-oncesi-sinema-eldar-bora","status":"publish","type":"product","link":"https:\/\/kutluyayinevi.com\/magaza\/urun\/35-mm-ve-oncesi-sinema-eldar-bora\/","title":{"rendered":"35 mm ve \u00d6ncesi Sinema &#8211; Eldar Bora"},"content":{"rendered":"","protected":false},"excerpt":{"rendered":"<p>Sinema, g\u00f6r\u00fcnt\u00fclerin veya \u00e7izimlerin \u0131\u015f\u0131k ile bir perdeye yans\u0131t\u0131larak hareketli g\u00f6r\u00fcnt\u00fc elde edilmesi temeline dayanan bir sanat dal\u0131d\u0131r. 7. sanat dal\u0131 olarak da bilinen \u201csinema\u201d, resimlerin hareketini; d\u00fczenli bir bi\u00e7imde belirli aral\u0131klarla, karanl\u0131k bir yerde, \u00f6zel makine arac\u0131l\u0131\u011f\u0131yla perde \u00fczerine yans\u0131t\u0131larak yeniden elde etmek i\u015fine verilmi\u015f bir isimdir, fakat g\u00fcn\u00fcm\u00fczde yanl\u0131\u015f bir \u015fekilde sinema toplum i\u00e7erisinde y\u00fcksek maddi gelir sa\u011flayan sekt\u00f6rel, ticari bir alan olarak bilin\u00e7 alt\u0131m\u0131za yerle\u015ftirilmi\u015ftir.<\/p>\n<ol>\n<li>sanat yani \u201csinema\u201d, ya\u015fam\u0131n aynas\u0131 ve hayat\u0131n bir yans\u0131mas\u0131d\u0131r. Bazen de hayallerimizi harekete ge\u00e7iren, ya\u015fam\u0131m\u0131zda g\u00f6remeyece\u011fimiz ayr\u0131nt\u0131lar\u0131 bize tekrardan ya\u015fatan g\u00f6r\u00fcnt\u00fcler ge\u00e7ididir.<\/li>\n<\/ol>\n<p>Hayat\u0131m\u0131zda 1 saniyenin bizim i\u00e7in hi\u00e7 bir anlam ta\u015f\u0131mad\u0131\u011f\u0131n\u0131 hepimiz iyi bilmekteyiz, ancak sinema saniyede kaydedilen 24 kareden olu\u015fmaktad\u0131r. Yani bizim hayatta \u00fcst\u00fcnde durmad\u0131\u011f\u0131m\u0131z \u201c1\u201d saniye, bir olay\u0131 anlatan 24 foto\u011fraftan ibarettir.<\/p>\n<p>\u201cBug\u00fcn e\u011fer sineman\u0131n tarihini ara\u015ft\u0131r\u0131p konu\u015fuyorsak, \u00f6ncelikle ona ve onun yarad\u0131l\u0131\u015f\u0131na ilham kayna\u011f\u0131 olan ki\u015fileri bulmam\u0131z gerekli. Sinema tarihinde d\u00f6n\u00fcm noktas\u0131 olmu\u015f olaylar\u0131 i\u00e7ine alan, yani o &#8220;1&#8221; saniyede \u00e7ekilen 24 kareyi tek tek incelememiz gerekmektedir.<\/p>\n","protected":false},"featured_media":17166,"comment_status":"closed","ping_status":"closed","template":"","meta":[],"product_brand":[],"product_cat":[28],"product_tag":[],"class_list":{"0":"post-17165","1":"product","2":"type-product","3":"status-publish","4":"has-post-thumbnail","6":"product_cat-aratirma-inceleme","8":"first","9":"instock","10":"sale","11":"shipping-taxable","12":"purchasable","13":"product-type-simple"},"_links":{"self":[{"href":"https:\/\/kutluyayinevi.com\/magaza\/wp-json\/wp\/v2\/product\/17165","targetHints":{"allow":["GET"]}}],"collection":[{"href":"https:\/\/kutluyayinevi.com\/magaza\/wp-json\/wp\/v2\/product"}],"about":[{"href":"https:\/\/kutluyayinevi.com\/magaza\/wp-json\/wp\/v2\/types\/product"}],"replies":[{"embeddable":true,"href":"https:\/\/kutluyayinevi.com\/magaza\/wp-json\/wp\/v2\/comments?post=17165"}],"wp:featuredmedia":[{"embeddable":true,"href":"https:\/\/kutluyayinevi.com\/magaza\/wp-json\/wp\/v2\/media\/17166"}],"wp:attachment":[{"href":"https:\/\/kutluyayinevi.com\/magaza\/wp-json\/wp\/v2\/media?parent=17165"}],"wp:term":[{"taxonomy":"product_brand","embeddable":true,"href":"https:\/\/kutluyayinevi.com\/magaza\/wp-json\/wp\/v2\/product_brand?post=17165"},{"taxonomy":"product_cat","embeddable":true,"href":"https:\/\/kutluyayinevi.com\/magaza\/wp-json\/wp\/v2\/product_cat?post=17165"},{"taxonomy":"product_tag","embeddable":true,"href":"https:\/\/kutluyayinevi.com\/magaza\/wp-json\/wp\/v2\/product_tag?post=17165"}],"curies":[{"name":"wp","href":"https:\/\/api.w.org\/{rel}","templated":true}]}}