{"id":1762,"date":"2019-04-10T14:30:16","date_gmt":"2019-04-10T11:30:16","guid":{"rendered":"https:\/\/kutluyayinevi.com\/magaza\/?post_type=product&#038;p=1762"},"modified":"2026-02-23T10:34:08","modified_gmt":"2026-02-23T07:34:08","slug":"turuncu-radyo-samet-turkyurdu","status":"publish","type":"product","link":"https:\/\/kutluyayinevi.com\/magaza\/urun\/turuncu-radyo-samet-turkyurdu\/","title":{"rendered":"Turuncu Radyo &#8211; Samet T\u00fcrkyurdu"},"content":{"rendered":"","protected":false},"excerpt":{"rendered":"<p>K\u0131rlang\u0131\u00e7larla gelirdi bahar kokusu, leylekler \u0131s\u0131t\u0131rd\u0131 serinli\u011fi cemreler d\u00fc\u015ferken. Erik a\u011fa\u00e7lar\u0131nda bir avu\u00e7 tuzla ge\u00e7erdi saatler. Bir de karadutlardan yendikten sonra simsiyah olan parmaklar vard\u0131.<br \/>\nYa\u015fanas\u0131, geriye d\u00f6n\u00fclesi zamanlar\u2026<br \/>\nO ilime vak\u0131f olmak i\u00e7in Z\u00fclkarneyn\u2019in pe\u015fi s\u0131ra giderdi insan ya! Ne b\u00fcy\u00fck bir \u015feref olurdu. Zaman; ilim \u00f6tesi bir kavramd\u0131.<\/p>\n<p>\u201cZaman; ilim \u00f6tesi bir kavramd\u0131.\u201d diyor Samet T\u00fcrkyurdu. Elinizde tuttu\u011funuz, birazdan sat\u0131rlar\u0131 aras\u0131nda kaybolup gidece\u011finiz bu kitap size bu ger\u00e7e\u011fi en derininizden, en masum, en saf zamanlar\u0131n\u0131zdan yani \u00e7ocuklu\u011funuzdan yakalayarak anlat\u0131yor.<br \/>\n&#8211; B\u00fc\u015fra Tarlac\u0131, Edit\u00f6r<\/p>\n<p>\u201cD\u00fc\u015fler Gezgini\u201d ve \u201cBulutlar\u0131n Dans\u0131\u201d isimli eserlerindeki her y\u00fcre\u011fe dokunan \u015fiirlerinden sonra, herkesin kendi \u00e7ocuklu\u011fundan bir par\u00e7a an\u0131 bulaca\u011f\u0131 muhte\u015fem bir \u00f6yk\u00fc. Eserlerinin devam\u0131n\u0131 heyecanla bekliyorum.<br \/>\n&#8211; Yasemin Kap\u0131s\u0131z, Ele\u015ftirmen<\/p>\n","protected":false},"featured_media":1763,"comment_status":"open","ping_status":"closed","template":"","meta":[],"product_brand":[],"product_cat":[31],"product_tag":[],"class_list":{"0":"post-1762","1":"product","2":"type-product","3":"status-publish","4":"has-post-thumbnail","6":"product_cat-yasamoykusu","8":"first","9":"instock","10":"sale","11":"shipping-taxable","12":"purchasable","13":"product-type-simple"},"_links":{"self":[{"href":"https:\/\/kutluyayinevi.com\/magaza\/wp-json\/wp\/v2\/product\/1762","targetHints":{"allow":["GET"]}}],"collection":[{"href":"https:\/\/kutluyayinevi.com\/magaza\/wp-json\/wp\/v2\/product"}],"about":[{"href":"https:\/\/kutluyayinevi.com\/magaza\/wp-json\/wp\/v2\/types\/product"}],"replies":[{"embeddable":true,"href":"https:\/\/kutluyayinevi.com\/magaza\/wp-json\/wp\/v2\/comments?post=1762"}],"wp:featuredmedia":[{"embeddable":true,"href":"https:\/\/kutluyayinevi.com\/magaza\/wp-json\/wp\/v2\/media\/1763"}],"wp:attachment":[{"href":"https:\/\/kutluyayinevi.com\/magaza\/wp-json\/wp\/v2\/media?parent=1762"}],"wp:term":[{"taxonomy":"product_brand","embeddable":true,"href":"https:\/\/kutluyayinevi.com\/magaza\/wp-json\/wp\/v2\/product_brand?post=1762"},{"taxonomy":"product_cat","embeddable":true,"href":"https:\/\/kutluyayinevi.com\/magaza\/wp-json\/wp\/v2\/product_cat?post=1762"},{"taxonomy":"product_tag","embeddable":true,"href":"https:\/\/kutluyayinevi.com\/magaza\/wp-json\/wp\/v2\/product_tag?post=1762"}],"curies":[{"name":"wp","href":"https:\/\/api.w.org\/{rel}","templated":true}]}}