{"id":18678,"date":"2019-09-20T15:36:44","date_gmt":"2019-09-20T12:36:44","guid":{"rendered":"https:\/\/kutluyayinevi.com\/magaza\/?post_type=product&#038;p=18678"},"modified":"2026-02-19T17:11:12","modified_gmt":"2026-02-19T14:11:12","slug":"dini-hurafesiz-yasamak-metin-sevil","status":"publish","type":"product","link":"https:\/\/kutluyayinevi.com\/magaza\/urun\/dini-hurafesiz-yasamak-metin-sevil\/","title":{"rendered":"Dini Hurafesiz Ya\u015famak &#8211; Metin Sevil"},"content":{"rendered":"","protected":false},"excerpt":{"rendered":"<p>Toplumda, bilhassa dini mecralarda hurafe, uydurma, bidat gibi kavramlar zikredildi\u011finde birden tav\u0131r alan, bunlar\u0131 s\u00f6yleyeni tekfir ediveren bir anlay\u0131\u015f mevcut ne yaz\u0131k ki. \u0130nsano\u011flunun semavi dinleri tahrif etme konusundaki bozuk sicili bilinmiyormu\u015f\u00e7as\u0131na, din ad\u0131na s\u00f6ylenen ve inan\u0131lan her \u015feyi tart\u0131\u015fmas\u0131z\/mutlak do\u011fru ve hatta, birer iman esas\u0131 olarak kabul etmek pek makul olmasa gerekir. Ge\u00e7mi\u015ften g\u00fcn\u00fcm\u00fcze, eskilerin tercihi ve \u00e7o\u011funlu\u011fun da kabul\u00fc ile olu\u015fmu\u015f bu problemli alg\u0131 o kadar sa\u011flam bir kale h\u00e2line gelmi\u015ftir ki, ak\u0131l almaz din d\u0131\u015f\u0131 inan\u00e7 ve uygulamalar\u0131n yanl\u0131\u015fl\u0131\u011f\u0131n\u0131 anlatmak, me\u015fakkatten \u00f6te, cesaret meselesine d\u00f6n\u00fc\u015fm\u00fc\u015ft\u00fcr. Vak\u0131a odur ki: Din, k\u00fclt\u00fcr, \u00f6rf, yorum, ayet, rivayet, mistik hik\u00e2ye, k\u0131ssa, menk\u0131be\u2026 Ne bulduysak bir mikserin i\u00e7ine atm\u0131\u015f ve d\u00fc\u011fmesine basm\u0131\u015f\u0131z. \u015eimdi, ayr\u0131\u015ft\u0131r ayr\u0131\u015ft\u0131rabilirsen, anlat anlatabilirsen!<\/p>\n<p>\u0130\u015fte biz, elinizdeki bu kitapta, do\u011fru bilinen, kemikle\u015fmi\u015f ve sorgulanamaz g\u00f6z\u00fcken kimi yanl\u0131\u015flara dikkat \u00e7ekmeye; her m\u00fcsl\u00fcman\u0131n g\u00fcnl\u00fck ya\u015fant\u0131s\u0131nda kar\u015f\u0131la\u015fabilece\u011fi inan\u00e7, ibadet ve muamelat alan\u0131na dair kimi mesele ve sorular\u0131na Kuran k\u0131lavuzlu\u011funda \u00e7\u00f6z\u00fcmler \u00fcretmeye ve cevaplar sunmaya \u00e7al\u0131\u015faca\u011f\u0131z.<\/p>\n<p>Ayr\u0131ca, ilk kitab\u0131m\u0131z\u0131 tamamlay\u0131c\u0131 mahiyette olan \u201cCevap Bekleyen Sorular-3\/Cuma Namaz\u0131n\u0131n Kad\u0131nlara Farziyeti Meselesi Ba\u011flam\u0131nda Kuran M\u00fcsl\u00fcmanl\u0131\u011f\u0131 Ekol\u00fcn\u00fcn Metodoloji Problemi\u201d ba\u015fl\u0131kl\u0131 \u00e7al\u0131\u015fmam\u0131z\u0131 ve bir kitap de\u011ferlendirmemizi de bu kitab\u0131m\u0131zda bulabileceksiniz.<\/p>\n","protected":false},"featured_media":18679,"comment_status":"open","ping_status":"closed","template":"","meta":[],"product_brand":[],"product_cat":[19],"product_tag":[],"class_list":{"0":"post-18678","1":"product","2":"type-product","3":"status-publish","4":"has-post-thumbnail","6":"product_cat-din-tasavvuf","8":"first","9":"instock","10":"sale","11":"shipping-taxable","12":"purchasable","13":"product-type-simple"},"_links":{"self":[{"href":"https:\/\/kutluyayinevi.com\/magaza\/wp-json\/wp\/v2\/product\/18678","targetHints":{"allow":["GET"]}}],"collection":[{"href":"https:\/\/kutluyayinevi.com\/magaza\/wp-json\/wp\/v2\/product"}],"about":[{"href":"https:\/\/kutluyayinevi.com\/magaza\/wp-json\/wp\/v2\/types\/product"}],"replies":[{"embeddable":true,"href":"https:\/\/kutluyayinevi.com\/magaza\/wp-json\/wp\/v2\/comments?post=18678"}],"wp:featuredmedia":[{"embeddable":true,"href":"https:\/\/kutluyayinevi.com\/magaza\/wp-json\/wp\/v2\/media\/18679"}],"wp:attachment":[{"href":"https:\/\/kutluyayinevi.com\/magaza\/wp-json\/wp\/v2\/media?parent=18678"}],"wp:term":[{"taxonomy":"product_brand","embeddable":true,"href":"https:\/\/kutluyayinevi.com\/magaza\/wp-json\/wp\/v2\/product_brand?post=18678"},{"taxonomy":"product_cat","embeddable":true,"href":"https:\/\/kutluyayinevi.com\/magaza\/wp-json\/wp\/v2\/product_cat?post=18678"},{"taxonomy":"product_tag","embeddable":true,"href":"https:\/\/kutluyayinevi.com\/magaza\/wp-json\/wp\/v2\/product_tag?post=18678"}],"curies":[{"name":"wp","href":"https:\/\/api.w.org\/{rel}","templated":true}]}}