{"id":18976,"date":"2019-12-06T12:19:16","date_gmt":"2019-12-06T09:19:16","guid":{"rendered":"https:\/\/kutluyayinevi.com\/magaza\/?post_type=product&#038;p=18976"},"modified":"2025-01-27T14:48:14","modified_gmt":"2025-01-27T11:48:14","slug":"saat-kirkin-yarisi-gokbey-uluc","status":"publish","type":"product","link":"https:\/\/kutluyayinevi.com\/magaza\/urun\/saat-kirkin-yarisi-gokbey-uluc\/","title":{"rendered":"Saat K\u0131rk\u0131n Yar\u0131s\u0131 &#8211; G\u00f6kbey Ulu\u00e7"},"content":{"rendered":"","protected":false},"excerpt":{"rendered":"<div class=\"wysiwyg prd_description\">\n<p>\u00dcniversite e\u011fitimi i\u00e7in 2009&#8217;da Azerbaycan&#8217;\u0131\u00f1 ba\u015fkenti Bak\u00fc&#8217;ye gittim. Haz\u0131rl\u0131k s\u0131n\u0131f\u0131yla birlikte d\u00f6rt y\u0131ll\u0131k lisans e\u011fitimimi bitirdi\u011fim 2014 y\u0131l\u0131nda da d\u00f6nd\u00fcm. Bak\u00fc&#8217;de g\u00e9\u00e7irdi\u011fim b\u00e9\u015f y\u0131ll\u0131k \u00f6\u011frencilik y\u0131llar\u0131, usumda ve g\u00f6\u00f1l\u00fcmde g\u00e9\u00f1i\u015fce y\u00e9r kaplam\u0131\u015f, belle\u011fimde derin izler b\u0131rakm\u0131\u015ft\u0131.<\/p>\n<p>Bu an\u0131lardan kimilerini s\u0131ca\u011f\u0131 s\u0131ca\u011f\u0131na yazsam da b\u00fcy\u00fck bir kesimini de g\u00fcnl\u00fc\u011f\u00fcme ufak metinlerle dip\u00e7eledim. 2014&#8217;de mezun oldu\u011fumda t\u00fcm bu an\u0131lar\u0131 yazarak b\u00e9tik \u00e7\u0131kartmak gibi bir giri\u015fimim oldu ancak araya giren t\u00fcrl\u00fc n\u00e9denlerle ertelenip \u00f6telendi. \u00c7\u0131kt\u0131lar\u0131, taslak metinleri \u00f6ylece rafta uzunca bir s\u00fcre bekledi. \u00dcst\u00fcnden b\u00e9\u015f y\u0131l daha g\u00e9\u00e7ip Bak\u00fc&#8217;ye bir k\u00e9z daha gidi\u015fim(iz) bu iste\u011fimi y\u00e9\u00f1iden k\u00f6r\u00fcklendirerek \u00e7al\u0131\u015fman\u0131\u00f1 so\u00f1u\u00e7a ula\u015fmas\u0131n\u0131 sa\u011flad\u0131.<\/p>\n<\/div>\n","protected":false},"featured_media":18977,"comment_status":"open","ping_status":"closed","template":"","meta":[],"product_brand":[],"product_cat":[52],"product_tag":[],"class_list":{"0":"post-18976","1":"product","2":"type-product","3":"status-publish","4":"has-post-thumbnail","6":"product_cat-ani","8":"first","9":"instock","10":"sale","11":"shipping-taxable","12":"purchasable","13":"product-type-simple"},"_links":{"self":[{"href":"https:\/\/kutluyayinevi.com\/magaza\/wp-json\/wp\/v2\/product\/18976","targetHints":{"allow":["GET"]}}],"collection":[{"href":"https:\/\/kutluyayinevi.com\/magaza\/wp-json\/wp\/v2\/product"}],"about":[{"href":"https:\/\/kutluyayinevi.com\/magaza\/wp-json\/wp\/v2\/types\/product"}],"replies":[{"embeddable":true,"href":"https:\/\/kutluyayinevi.com\/magaza\/wp-json\/wp\/v2\/comments?post=18976"}],"wp:featuredmedia":[{"embeddable":true,"href":"https:\/\/kutluyayinevi.com\/magaza\/wp-json\/wp\/v2\/media\/18977"}],"wp:attachment":[{"href":"https:\/\/kutluyayinevi.com\/magaza\/wp-json\/wp\/v2\/media?parent=18976"}],"wp:term":[{"taxonomy":"product_brand","embeddable":true,"href":"https:\/\/kutluyayinevi.com\/magaza\/wp-json\/wp\/v2\/product_brand?post=18976"},{"taxonomy":"product_cat","embeddable":true,"href":"https:\/\/kutluyayinevi.com\/magaza\/wp-json\/wp\/v2\/product_cat?post=18976"},{"taxonomy":"product_tag","embeddable":true,"href":"https:\/\/kutluyayinevi.com\/magaza\/wp-json\/wp\/v2\/product_tag?post=18976"}],"curies":[{"name":"wp","href":"https:\/\/api.w.org\/{rel}","templated":true}]}}