{"id":19038,"date":"2020-01-02T20:34:24","date_gmt":"2020-01-02T17:34:24","guid":{"rendered":"https:\/\/kutluyayinevi.com\/magaza\/?post_type=product&#038;p=19038"},"modified":"2025-01-29T18:03:38","modified_gmt":"2025-01-29T15:03:38","slug":"k-a-n-celal-cem-dengiz","status":"publish","type":"product","link":"https:\/\/kutluyayinevi.com\/magaza\/urun\/k-a-n-celal-cem-dengiz\/","title":{"rendered":"K.A.N &#8211; Celal Cem Dengiz"},"content":{"rendered":"","protected":false},"excerpt":{"rendered":"<div class=\"wysiwyg prd_description\">\n<p>\u0130zmir\u2019de varl\u0131\u011f\u0131n\u0131 y\u00fczy\u0131llard\u0131r gizlice s\u00fcrd\u00fcrm\u00fc\u015f olan k\u00f6t\u00fcl\u00fck, tan\u0131nm\u0131\u015f bir i\u015f adam\u0131 y\u00fcz\u00fcnden g\u00fcn y\u00fcz\u00fcne \u00e7\u0131kar.<\/p>\n<p>Egenin \u0130ncisi bu sakin \u015fehir ipucu b\u0131rakmadan i\u015flenen cinayetler, tehdit dolu mesajlar ve gizemli i\u015faretlerle o zamana de\u011fin hi\u00e7 ya\u015fanmam\u0131\u015f bir \u00e7\u0131lg\u0131nl\u0131\u011f\u0131n be\u015fi\u011fi oluverir.<\/p>\n<p>Ger\u00e7e\u011fin pe\u015fine d\u00fc\u015fen cinayet masas\u0131 komiseri C\u00fcneyt ve yeni orta\u011f\u0131 Nazl\u0131, ger\u00e7ekleri y\u00fcz \u00fcst\u00fcne \u00e7\u0131karmak i\u00e7in kollar\u0131 s\u0131vasa da, K.A.N. yolun sonunda t\u00fcm ger\u00e7ekli\u011fin \u00fcst\u00fcn\u00fc \u00f6rtmek i\u00e7in sessizce beklemektedir.<br \/>\nG\u00f6zlerindeki band\u0131 \u00e7\u0131kar\u0131p, ger\u00e7eklerle y\u00fczle\u015fmeye cesaretin var m\u0131?<\/p>\n<p>\u2018\u2019Bu roman\u0131, subay oldu\u011fum d\u00f6nemde \u00e7al\u0131\u015ft\u0131\u011f\u0131m NATO g\u00f6rev ve karargahlar\u0131nda, yak\u0131ndan g\u00f6zlemleme f\u0131rsat\u0131 buldu\u011fum K\u00fcresel G\u00fc\u00e7\u2019ten esinlenerek yazd\u0131m. Romanda ge\u00e7en karakterler, yerler ve olaylar her ne kadar hayal \u00fcr\u00fcn\u00fc olsa da, bu hayal perdesinin ard\u0131ndaki ger\u00e7ekli\u011fin g\u00f6lgelerini fark etmeniz dile\u011fimle.\u2019\u2019<\/p>\n<\/div>\n","protected":false},"featured_media":19039,"comment_status":"open","ping_status":"closed","template":"","meta":[],"product_brand":[],"product_cat":[24],"product_tag":[],"class_list":{"0":"post-19038","1":"product","2":"type-product","3":"status-publish","4":"has-post-thumbnail","6":"product_cat-roman","8":"first","9":"instock","10":"sale","11":"shipping-taxable","12":"purchasable","13":"product-type-simple"},"_links":{"self":[{"href":"https:\/\/kutluyayinevi.com\/magaza\/wp-json\/wp\/v2\/product\/19038","targetHints":{"allow":["GET"]}}],"collection":[{"href":"https:\/\/kutluyayinevi.com\/magaza\/wp-json\/wp\/v2\/product"}],"about":[{"href":"https:\/\/kutluyayinevi.com\/magaza\/wp-json\/wp\/v2\/types\/product"}],"replies":[{"embeddable":true,"href":"https:\/\/kutluyayinevi.com\/magaza\/wp-json\/wp\/v2\/comments?post=19038"}],"wp:featuredmedia":[{"embeddable":true,"href":"https:\/\/kutluyayinevi.com\/magaza\/wp-json\/wp\/v2\/media\/19039"}],"wp:attachment":[{"href":"https:\/\/kutluyayinevi.com\/magaza\/wp-json\/wp\/v2\/media?parent=19038"}],"wp:term":[{"taxonomy":"product_brand","embeddable":true,"href":"https:\/\/kutluyayinevi.com\/magaza\/wp-json\/wp\/v2\/product_brand?post=19038"},{"taxonomy":"product_cat","embeddable":true,"href":"https:\/\/kutluyayinevi.com\/magaza\/wp-json\/wp\/v2\/product_cat?post=19038"},{"taxonomy":"product_tag","embeddable":true,"href":"https:\/\/kutluyayinevi.com\/magaza\/wp-json\/wp\/v2\/product_tag?post=19038"}],"curies":[{"name":"wp","href":"https:\/\/api.w.org\/{rel}","templated":true}]}}