{"id":19220,"date":"2020-03-04T18:38:03","date_gmt":"2020-03-04T15:38:03","guid":{"rendered":"https:\/\/kutluyayinevi.com\/magaza\/?post_type=product&#038;p=19220"},"modified":"2025-01-30T10:38:00","modified_gmt":"2025-01-30T07:38:00","slug":"oykumuzun-hikayesi-busra-civi","status":"publish","type":"product","link":"https:\/\/kutluyayinevi.com\/magaza\/urun\/oykumuzun-hikayesi-busra-civi\/","title":{"rendered":"\u00d6yk\u00fcm\u00fcz\u00fcn Hikayesi &#8211; B\u00fc\u015fra \u00c7ivi"},"content":{"rendered":"","protected":false},"excerpt":{"rendered":"<div class=\"wysiwyg prd_description\">\n<p>\u2026<br \/>\nDaha sonra ilgin\u00e7 bir durum dikkatimizi \u00e7ekti. Biz kitapta ilerledik\u00e7e kitab\u0131n bo\u015f sayfalar\u0131na yeni sat\u0131rlar ekleniyordu. Durdu\u011fumuzda ise kitaba eklenen sat\u0131rlar da duruyordu hatta daha \u00f6nceden yaz\u0131lm\u0131\u015f olanlar bile silinebiliyordu. Sonunda anlad\u0131k ki bu bizim kendi hik\u00e2yemizdi. Bu bizim \u2018\u2019\u00f6yk\u00fcm\u00fcz\u00fcn hik\u00e2yesi\u2019\u2019 idi ve onu biz yaz\u0131yorduk. Ya\u015fayarak\u2026 \u00d6yleyse asla durmamal\u0131y\u0131z. Ard\u0131m\u0131za bakmadan y\u00fcr\u00fcyerek engin sayfalara siyah m\u00fcrekkeple yaz\u0131lm\u0131\u015f renkli sat\u0131rlar eklemeliyiz. Zira insan hem yaz\u0131lan\u0131 ya\u015f\u0131yor hem de yazd\u0131\u011f\u0131n\u0131.<\/p>\n<p>Biz \u015fimdi bu kitapta \u00f6yk\u00fcm\u00fcz\u00fcn hik\u00e2yesini yaz\u0131yoruz.<\/p>\n<p>Hay\u0131r hay\u0131r! Ya\u015f\u0131yoruz\u2026<\/p>\n<\/div>\n","protected":false},"featured_media":19221,"comment_status":"open","ping_status":"closed","template":"","meta":[],"product_brand":[],"product_cat":[23],"product_tag":[],"class_list":{"0":"post-19220","1":"product","2":"type-product","3":"status-publish","4":"has-post-thumbnail","6":"product_cat-hikaye","8":"first","9":"instock","10":"sale","11":"shipping-taxable","12":"purchasable","13":"product-type-simple"},"_links":{"self":[{"href":"https:\/\/kutluyayinevi.com\/magaza\/wp-json\/wp\/v2\/product\/19220","targetHints":{"allow":["GET"]}}],"collection":[{"href":"https:\/\/kutluyayinevi.com\/magaza\/wp-json\/wp\/v2\/product"}],"about":[{"href":"https:\/\/kutluyayinevi.com\/magaza\/wp-json\/wp\/v2\/types\/product"}],"replies":[{"embeddable":true,"href":"https:\/\/kutluyayinevi.com\/magaza\/wp-json\/wp\/v2\/comments?post=19220"}],"wp:featuredmedia":[{"embeddable":true,"href":"https:\/\/kutluyayinevi.com\/magaza\/wp-json\/wp\/v2\/media\/19221"}],"wp:attachment":[{"href":"https:\/\/kutluyayinevi.com\/magaza\/wp-json\/wp\/v2\/media?parent=19220"}],"wp:term":[{"taxonomy":"product_brand","embeddable":true,"href":"https:\/\/kutluyayinevi.com\/magaza\/wp-json\/wp\/v2\/product_brand?post=19220"},{"taxonomy":"product_cat","embeddable":true,"href":"https:\/\/kutluyayinevi.com\/magaza\/wp-json\/wp\/v2\/product_cat?post=19220"},{"taxonomy":"product_tag","embeddable":true,"href":"https:\/\/kutluyayinevi.com\/magaza\/wp-json\/wp\/v2\/product_tag?post=19220"}],"curies":[{"name":"wp","href":"https:\/\/api.w.org\/{rel}","templated":true}]}}