{"id":19227,"date":"2020-03-05T17:37:19","date_gmt":"2020-03-05T14:37:19","guid":{"rendered":"https:\/\/kutluyayinevi.com\/magaza\/?post_type=product&#038;p=19227"},"modified":"2025-01-30T11:09:22","modified_gmt":"2025-01-30T08:09:22","slug":"yasanmis-ask-siirleri-metin-ergun","status":"publish","type":"product","link":"https:\/\/kutluyayinevi.com\/magaza\/urun\/yasanmis-ask-siirleri-metin-ergun\/","title":{"rendered":"Ya\u015fanm\u0131\u015f A\u015fk \u015eiirleri &#8211; Metin Erg\u00fcn"},"content":{"rendered":"","protected":false},"excerpt":{"rendered":"<p>A\u015fk\u0131m\u0131, duygular\u0131m\u0131, d\u00fc\u015f\u00fcncelerimi<br \/>\nBir \u015fiirle anlatmaya karar verdim<br \/>\n\u00c7\u00fcnk\u00fc bu benim en b\u00fcy\u00fck hayallerimden biriydi<br \/>\nVe bu hayallerimi ger\u00e7ekle\u015ftirmeye karar verdim<br \/>\nVeee bundan eminim&#8217;ki benim gibi ya\u015fayanlar vard\u0131r<br \/>\nBel&#8217;ki her hangi bir kitaba derdini d\u00f6kmek isteyenlerde vard\u0131r<br \/>\nBende b\u00f6yle d\u00fc\u015f\u00fcnerekten yola girdim<br \/>\nKimsenin anlatamad\u0131\u011f\u0131 derdi anlatmaya karar verdim<br \/>\nOkurlar\u0131m\u0131za sevgilerimle ve sayg\u0131lar\u0131mla sunar\u0131m&#8230;<\/p>\n","protected":false},"featured_media":19228,"comment_status":"open","ping_status":"closed","template":"","meta":[],"product_brand":[],"product_cat":[22],"product_tag":[],"class_list":{"0":"post-19227","1":"product","2":"type-product","3":"status-publish","4":"has-post-thumbnail","6":"product_cat-siir","8":"first","9":"instock","10":"sale","11":"shipping-taxable","12":"purchasable","13":"product-type-simple"},"_links":{"self":[{"href":"https:\/\/kutluyayinevi.com\/magaza\/wp-json\/wp\/v2\/product\/19227","targetHints":{"allow":["GET"]}}],"collection":[{"href":"https:\/\/kutluyayinevi.com\/magaza\/wp-json\/wp\/v2\/product"}],"about":[{"href":"https:\/\/kutluyayinevi.com\/magaza\/wp-json\/wp\/v2\/types\/product"}],"replies":[{"embeddable":true,"href":"https:\/\/kutluyayinevi.com\/magaza\/wp-json\/wp\/v2\/comments?post=19227"}],"wp:featuredmedia":[{"embeddable":true,"href":"https:\/\/kutluyayinevi.com\/magaza\/wp-json\/wp\/v2\/media\/19228"}],"wp:attachment":[{"href":"https:\/\/kutluyayinevi.com\/magaza\/wp-json\/wp\/v2\/media?parent=19227"}],"wp:term":[{"taxonomy":"product_brand","embeddable":true,"href":"https:\/\/kutluyayinevi.com\/magaza\/wp-json\/wp\/v2\/product_brand?post=19227"},{"taxonomy":"product_cat","embeddable":true,"href":"https:\/\/kutluyayinevi.com\/magaza\/wp-json\/wp\/v2\/product_cat?post=19227"},{"taxonomy":"product_tag","embeddable":true,"href":"https:\/\/kutluyayinevi.com\/magaza\/wp-json\/wp\/v2\/product_tag?post=19227"}],"curies":[{"name":"wp","href":"https:\/\/api.w.org\/{rel}","templated":true}]}}