{"id":19457,"date":"2020-04-10T17:04:58","date_gmt":"2020-04-10T14:04:58","guid":{"rendered":"https:\/\/kutluyayinevi.com\/magaza\/?post_type=product&#038;p=19457"},"modified":"2025-01-30T17:06:43","modified_gmt":"2025-01-30T14:06:43","slug":"miracle-dr-kemal-cubukcu","status":"publish","type":"product","link":"https:\/\/kutluyayinevi.com\/magaza\/urun\/miracle-dr-kemal-cubukcu\/","title":{"rendered":"Mira&#8217;cle &#8211; Dr. Kemal \u00c7ubukcu"},"content":{"rendered":"","protected":false},"excerpt":{"rendered":"<p>Who would have thought that <strong>&#8220;meaning&#8221;,<\/strong> which cannot be discovered through years of books, researches and practices, can be discovered in a minute with you?<\/p>\n<p>***<\/p>\n<p>Y\u0131llarca okunan kitaplar, yap\u0131lan ara\u015ft\u0131rmalar ve uygulanan pratikler ile ke\u015ffedilemeyen <strong>\u201canlam\u201d<\/strong>\u0131n seninle ge\u00e7irilen bir dakika ile ke\u015ffedilebilece\u011fi kimin akl\u0131na gelirdi?<\/p>\n<p>***<\/p>\n<p>\u0645\u0646 \u0643\u0627\u0646 \u064a\u0638\u0646 \u0623\u0646 <strong>&#8220;<\/strong>\u0627\u0644\u0645\u0639\u0646\u0649<strong>&#8220;<\/strong> \u0627\u0644\u0630\u064a \u0644\u0627 \u064a\u0645\u0643\u0646 \u0627\u0633\u062a\u0643\u0634\u0627\u0641\u0647 \u0645\u0646 \u062e\u0644\u0627\u0644 \u0633\u0646\u0648\u0627\u062a \u0645\u0646 \u0627\u0644\u0643\u062a\u0628\u060c \u0645\u0646 \u0627\u0644\u0623\u0628\u062d\u0627\u062b \u0648 \u0627\u0644\u062a\u062f\u0631\u064a\u0628,\u00a0 \u064a\u0645\u0643\u0646 \u0627\u0643\u062a\u0634\u0627\u0641\u0647 \u0641\u064a \u062f\u0642\u064a\u0642\u0629 \u0623\u0642\u0636\u064a\u0647\u0627 \u0645\u0639\u0643\u061f<\/p>\n","protected":false},"featured_media":19458,"comment_status":"open","ping_status":"closed","template":"","meta":[],"product_brand":[],"product_cat":[22],"product_tag":[],"class_list":{"0":"post-19457","1":"product","2":"type-product","3":"status-publish","4":"has-post-thumbnail","6":"product_cat-siir","8":"first","9":"instock","10":"sale","11":"shipping-taxable","12":"purchasable","13":"product-type-simple"},"_links":{"self":[{"href":"https:\/\/kutluyayinevi.com\/magaza\/wp-json\/wp\/v2\/product\/19457","targetHints":{"allow":["GET"]}}],"collection":[{"href":"https:\/\/kutluyayinevi.com\/magaza\/wp-json\/wp\/v2\/product"}],"about":[{"href":"https:\/\/kutluyayinevi.com\/magaza\/wp-json\/wp\/v2\/types\/product"}],"replies":[{"embeddable":true,"href":"https:\/\/kutluyayinevi.com\/magaza\/wp-json\/wp\/v2\/comments?post=19457"}],"wp:featuredmedia":[{"embeddable":true,"href":"https:\/\/kutluyayinevi.com\/magaza\/wp-json\/wp\/v2\/media\/19458"}],"wp:attachment":[{"href":"https:\/\/kutluyayinevi.com\/magaza\/wp-json\/wp\/v2\/media?parent=19457"}],"wp:term":[{"taxonomy":"product_brand","embeddable":true,"href":"https:\/\/kutluyayinevi.com\/magaza\/wp-json\/wp\/v2\/product_brand?post=19457"},{"taxonomy":"product_cat","embeddable":true,"href":"https:\/\/kutluyayinevi.com\/magaza\/wp-json\/wp\/v2\/product_cat?post=19457"},{"taxonomy":"product_tag","embeddable":true,"href":"https:\/\/kutluyayinevi.com\/magaza\/wp-json\/wp\/v2\/product_tag?post=19457"}],"curies":[{"name":"wp","href":"https:\/\/api.w.org\/{rel}","templated":true}]}}