{"id":19818,"date":"2020-07-15T15:04:48","date_gmt":"2020-07-15T12:04:48","guid":{"rendered":"https:\/\/kutluyayinevi.com\/magaza\/?post_type=product&#038;p=19818"},"modified":"2025-01-28T18:52:44","modified_gmt":"2025-01-28T15:52:44","slug":"astronomiden-sinemaya-eldar-bora","status":"publish","type":"product","link":"https:\/\/kutluyayinevi.com\/magaza\/urun\/astronomiden-sinemaya-eldar-bora\/","title":{"rendered":"Astronomiden Sinemaya &#8211; Eldar Bora"},"content":{"rendered":"","protected":false},"excerpt":{"rendered":"<div class=\"wysiwyg prd_description\">\n<p>\u00a0 \u00a0 Bilim kurgu veya uzay konulu edebiyat, uzunca s\u00fcre pek de ciddiye al\u0131nmam\u0131\u015f bir t\u00fcrd\u00fc. 20. y\u00fczy\u0131l\u0131n ilk yar\u0131s\u0131na dek, Amerika&#8217;da bu eserlerin sadece gen\u00e7 kitleye hitap etmesi ve tamam\u0131yla ger\u00e7eklikten uzak, fantastik hikayelerle benzetilmesi bak\u0131\u015f a\u00e7\u0131s\u0131, bilim kurgunun ve \u00f6zellikle hen\u00fcz gidilmedi\u011finden dolay\u0131 uzay konulu bilim kurgu hikayelerinin ger\u00e7eklikle alakas\u0131z oldu\u011fu izlenimini yaratm\u0131\u015ft\u0131. O d\u00f6nemde bilim kurgu, kalitesiz ka\u011f\u0131tlara bas\u0131lan, ger\u00e7eklikten uzak; ikinci, \u00fc\u00e7\u00fcnc\u00fc s\u0131n\u0131f dergilerin k\u00f6\u015felerinde yer alan ve abart\u0131s\u0131 bol bir edebiyatt\u0131. Fakat ileriki d\u00f6nemlerde, \u00f6zellikle &#8220;Space Opera&#8221; roman\u0131ndan sonra, kurgular daha da bilimselle\u015fmi\u015f; i\u00e7erde\u011fi bilimsel teoriler daha da somutla\u015fm\u0131\u015ft\u0131. &#8220;Star Wars&#8221; veya &#8220;Star Trek&#8221; film serilerinin belki de ilk y\u0131llar\u0131 olan o d\u00f6nemde abart\u0131lar\u0131n ve fantastik konular\u0131n \u00e7oklu\u011fu, bilimi geri plana itiyor ve bizlere e\u011flenceli bir ortam yarat\u0131yordu. Bu hikayeler ve filmler insano\u011flunun b\u00fcy\u00fckl\u00fc\u011f\u00fcnden bahsediyor; bizlere, evrenin en ak\u0131ll\u0131 ve en g\u00fc\u00f6l\u00fc t\u00fcr\u00fc oldu\u011fumuzu hissettirmekle kalm\u0131yor, daha da ileri giderek yenilmez oldu\u011fumuzu d\u00fc\u015f\u00fcnd\u00fcrt\u00fcyolard\u0131!<\/p>\n<p>Ta ki Voyager Uydusu, sonsuz bo\u015fluktaki o <strong>Soluk Mavi Nokta<\/strong>&#8216;n\u0131n foto\u011fraf\u0131n\u0131 bize g\u00f6nderene dek&#8230;<\/p>\n<p>Biz ger\u00e7ekleri g\u00f6rm\u00fc\u015f, bilimin g\u00fcc\u00fcn\u00fc kavram\u0131\u015ft\u0131k ve i\u015fte tam da o noktada, kafalar\u0131m\u0131zda b\u00fcy\u00fck bir soru i\u015fareti olu\u015ftu:<\/p>\n<p><strong>Acaba orada ne var?<\/strong><\/p>\n<\/div>\n","protected":false},"featured_media":19819,"comment_status":"open","ping_status":"closed","template":"","meta":[],"product_brand":[],"product_cat":[28],"product_tag":[],"class_list":{"0":"post-19818","1":"product","2":"type-product","3":"status-publish","4":"has-post-thumbnail","6":"product_cat-aratirma-inceleme","8":"first","9":"instock","10":"sale","11":"shipping-taxable","12":"purchasable","13":"product-type-simple"},"_links":{"self":[{"href":"https:\/\/kutluyayinevi.com\/magaza\/wp-json\/wp\/v2\/product\/19818","targetHints":{"allow":["GET"]}}],"collection":[{"href":"https:\/\/kutluyayinevi.com\/magaza\/wp-json\/wp\/v2\/product"}],"about":[{"href":"https:\/\/kutluyayinevi.com\/magaza\/wp-json\/wp\/v2\/types\/product"}],"replies":[{"embeddable":true,"href":"https:\/\/kutluyayinevi.com\/magaza\/wp-json\/wp\/v2\/comments?post=19818"}],"wp:featuredmedia":[{"embeddable":true,"href":"https:\/\/kutluyayinevi.com\/magaza\/wp-json\/wp\/v2\/media\/19819"}],"wp:attachment":[{"href":"https:\/\/kutluyayinevi.com\/magaza\/wp-json\/wp\/v2\/media?parent=19818"}],"wp:term":[{"taxonomy":"product_brand","embeddable":true,"href":"https:\/\/kutluyayinevi.com\/magaza\/wp-json\/wp\/v2\/product_brand?post=19818"},{"taxonomy":"product_cat","embeddable":true,"href":"https:\/\/kutluyayinevi.com\/magaza\/wp-json\/wp\/v2\/product_cat?post=19818"},{"taxonomy":"product_tag","embeddable":true,"href":"https:\/\/kutluyayinevi.com\/magaza\/wp-json\/wp\/v2\/product_tag?post=19818"}],"curies":[{"name":"wp","href":"https:\/\/api.w.org\/{rel}","templated":true}]}}