{"id":19921,"date":"2020-09-29T13:42:29","date_gmt":"2020-09-29T10:42:29","guid":{"rendered":"https:\/\/kutluyayinevi.com\/magaza\/?post_type=product&#038;p=19921"},"modified":"2026-02-20T13:30:01","modified_gmt":"2026-02-20T10:30:01","slug":"misirin-turk-firavunlari-v-metin-turkoglu","status":"publish","type":"product","link":"https:\/\/kutluyayinevi.com\/magaza\/urun\/misirin-turk-firavunlari-v-metin-turkoglu\/","title":{"rendered":"M\u0131s\u0131r&#8217;\u0131n T\u00fcrk Firavunlar\u0131 &#8211; V. Metin T\u00fcrko\u011flu"},"content":{"rendered":"","protected":false},"excerpt":{"rendered":"<div class=\"wysiwyg prd_description\">\n<p>\u201cR\u201d grubu gen, T\u00fcrklerin ata genidir. R geninin bir kolu olan R1\u2019den t\u00fcreyen R1a&#8217;n\u0131n olu\u015fumunun yakla\u015f\u0131k 22.800 y\u0131l \u00f6nce, son buzul \u00e7a\u011f\u0131 zaman\u0131nda ger\u00e7ekle\u015fti\u011fi ve R1a ile R1b\u2019nin ikiz karde\u015f oldu\u011fu tahmin edilmektedir.<\/p>\n<p>M\u0131s\u0131rl\u0131lar\u0131n \u201cHiksos\u201d, g\u00fcn\u00fcm\u00fcz tarih\u00e7ilerinin \u201cHurri\u201d dedi\u011fi (Hititlerin bir kolu olan) R1b1 genine sahip insanlar, \u0130.\u00d6 1500\u2019l\u00fc y\u0131llarda M\u0131s\u0131r\u2019a gelmi\u015ftir. At\u0131, ok-yay\u0131 ve tekerlekli sava\u015f arabas\u0131n\u0131 M\u0131s\u0131r\u2019a getiren R1b1 geni ta\u015f\u0131yan bu topluluktur. M\u0131s\u0131r firavunlar\u0131 soyunun gen kodu ise E1v178\u2019dir. M\u0131s\u0131r\u2019\u0131n \u00e7ok tanr\u0131l\u0131 dinini tek tanr\u0131l\u0131 Aton dinine \u00e7eviren Akhenaton ve babas\u0131 ise R1b1 (T\u00fcrk) genine sahip olan firavunlard\u0131r.<\/p>\n<p>T\u00fcrk genine rastlanan firavunlar\u0131n d\u00f6nemi Kamose&#8217;un erkek karde\u015fi veya o\u011flu I. Ahmose ile ba\u015flar ve Akhenaton ile biter.<\/p>\n<\/div>\n","protected":false},"featured_media":19922,"comment_status":"closed","ping_status":"closed","template":"","meta":[],"product_brand":[],"product_cat":[28],"product_tag":[],"class_list":{"0":"post-19921","1":"product","2":"type-product","3":"status-publish","4":"has-post-thumbnail","6":"product_cat-aratirma-inceleme","8":"first","9":"instock","10":"sale","11":"shipping-taxable","12":"purchasable","13":"product-type-simple"},"_links":{"self":[{"href":"https:\/\/kutluyayinevi.com\/magaza\/wp-json\/wp\/v2\/product\/19921","targetHints":{"allow":["GET"]}}],"collection":[{"href":"https:\/\/kutluyayinevi.com\/magaza\/wp-json\/wp\/v2\/product"}],"about":[{"href":"https:\/\/kutluyayinevi.com\/magaza\/wp-json\/wp\/v2\/types\/product"}],"replies":[{"embeddable":true,"href":"https:\/\/kutluyayinevi.com\/magaza\/wp-json\/wp\/v2\/comments?post=19921"}],"wp:featuredmedia":[{"embeddable":true,"href":"https:\/\/kutluyayinevi.com\/magaza\/wp-json\/wp\/v2\/media\/19922"}],"wp:attachment":[{"href":"https:\/\/kutluyayinevi.com\/magaza\/wp-json\/wp\/v2\/media?parent=19921"}],"wp:term":[{"taxonomy":"product_brand","embeddable":true,"href":"https:\/\/kutluyayinevi.com\/magaza\/wp-json\/wp\/v2\/product_brand?post=19921"},{"taxonomy":"product_cat","embeddable":true,"href":"https:\/\/kutluyayinevi.com\/magaza\/wp-json\/wp\/v2\/product_cat?post=19921"},{"taxonomy":"product_tag","embeddable":true,"href":"https:\/\/kutluyayinevi.com\/magaza\/wp-json\/wp\/v2\/product_tag?post=19921"}],"curies":[{"name":"wp","href":"https:\/\/api.w.org\/{rel}","templated":true}]}}