{"id":19955,"date":"2020-10-02T15:33:48","date_gmt":"2020-10-02T12:33:48","guid":{"rendered":"https:\/\/kutluyayinevi.com\/magaza\/?post_type=product&#038;p=19955"},"modified":"2025-01-30T18:49:59","modified_gmt":"2025-01-30T15:49:59","slug":"makedonya-kizilalma-karaman-yorukleri-agzi-i-izzet-ibrahimsoylu","status":"publish","type":"product","link":"https:\/\/kutluyayinevi.com\/magaza\/urun\/makedonya-kizilalma-karaman-yorukleri-agzi-i-izzet-ibrahimsoylu\/","title":{"rendered":"Makedonya K\u0131z\u0131lalma-Karaman Y\u00f6r\u00fckleri A\u011fz\u0131 &#8211; I &#8211; \u0130zzet \u0130brahimsoylu"},"content":{"rendered":"","protected":false},"excerpt":{"rendered":"<div class=\"wysiwyg prd_description\">\n<p>Makedonya K\u0131z\u0131lalma-Karaman Y\u00f6r\u00fckleri A\u011fz\u0131 ad\u0131n\u0131 ta\u015f\u0131yan bu \u00e7al\u0131\u015fma, b\u00f6lgede b\u00fct\u00fcn K\u0131z\u0131lalma-Karaman Y\u00f6r\u00fck k\u00f6ylerini kapsayan ilk ve tek \u00e7al\u0131\u015fma olma \u00f6zelli\u011fini ta\u015f\u0131maktad\u0131r.<\/p>\n<p>Bu kitap y\u0131llarca \u00f6zg\u00fcnl\u00fc\u011f\u00fcn\u00fc koruyan ancak son zamanlarda modernizmin de etkisiyle de\u011fi\u015fikli\u011fe u\u011framaya ba\u015flayan K\u0131z\u0131lalma-Karaman Y\u00f6r\u00fcklerinin a\u011fz\u0131n\u0131 akademik bir dille incelemeyi kendine ama\u00e7 edinmi\u015ftir. \u00c7al\u0131\u015fman\u0131n di\u011fer bir amac\u0131 ise yok olmak \u00fczere olan bir a\u011fz\u0131 kay\u0131t alt\u0131na al\u0131p bilim d\u00fcnyas\u0131na kazand\u0131rmak ve Balkan T\u00fcrk a\u011f\u0131zlar\u0131 ba\u011flam\u0131nda T\u00fcrkiye T\u00fcrk\u00e7esi a\u011f\u0131z ara\u015ft\u0131rmalar\u0131na katk\u0131 sa\u011flamakt\u0131r.<\/p>\n<p>K\u0131z\u0131lalma-Karaman Y\u00f6r\u00fcklerinin, Sel\u00e7uklular D\u00f6neminde T\u00fcrkistan\u2019\u0131n K\u0131z\u0131lalma\u2019s\u0131ndan Anadolu\u2019nun Karaman\u2019\u0131na; Osmanl\u0131lar D\u00f6neminde Anadolu\u2019nun Karaman\u2019\u0131ndan Makedonya\u2019n\u0131n Akta\u015f Da\u011f\u0131 eteklerine uzanan uzun bir tarihleri mevcuttur. Bu ayn\u0131 zamanda T\u00fcrk tarihinin bir par\u00e7as\u0131d\u0131r. Di\u011fer bir ifade ile T\u00fcrk tarihinin ta kendisidir.<\/p>\n<\/div>\n","protected":false},"featured_media":19956,"comment_status":"closed","ping_status":"closed","template":"","meta":[],"product_brand":[],"product_cat":[15],"product_tag":[],"class_list":{"0":"post-19955","1":"product","2":"type-product","3":"status-publish","4":"has-post-thumbnail","6":"product_cat-dilbilim","8":"first","9":"instock","10":"sale","11":"shipping-taxable","12":"purchasable","13":"product-type-simple"},"_links":{"self":[{"href":"https:\/\/kutluyayinevi.com\/magaza\/wp-json\/wp\/v2\/product\/19955","targetHints":{"allow":["GET"]}}],"collection":[{"href":"https:\/\/kutluyayinevi.com\/magaza\/wp-json\/wp\/v2\/product"}],"about":[{"href":"https:\/\/kutluyayinevi.com\/magaza\/wp-json\/wp\/v2\/types\/product"}],"replies":[{"embeddable":true,"href":"https:\/\/kutluyayinevi.com\/magaza\/wp-json\/wp\/v2\/comments?post=19955"}],"wp:featuredmedia":[{"embeddable":true,"href":"https:\/\/kutluyayinevi.com\/magaza\/wp-json\/wp\/v2\/media\/19956"}],"wp:attachment":[{"href":"https:\/\/kutluyayinevi.com\/magaza\/wp-json\/wp\/v2\/media?parent=19955"}],"wp:term":[{"taxonomy":"product_brand","embeddable":true,"href":"https:\/\/kutluyayinevi.com\/magaza\/wp-json\/wp\/v2\/product_brand?post=19955"},{"taxonomy":"product_cat","embeddable":true,"href":"https:\/\/kutluyayinevi.com\/magaza\/wp-json\/wp\/v2\/product_cat?post=19955"},{"taxonomy":"product_tag","embeddable":true,"href":"https:\/\/kutluyayinevi.com\/magaza\/wp-json\/wp\/v2\/product_tag?post=19955"}],"curies":[{"name":"wp","href":"https:\/\/api.w.org\/{rel}","templated":true}]}}