{"id":19964,"date":"2020-10-02T16:14:38","date_gmt":"2020-10-02T13:14:38","guid":{"rendered":"https:\/\/kutluyayinevi.com\/magaza\/?post_type=product&#038;p=19964"},"modified":"2021-08-04T13:51:31","modified_gmt":"2021-08-04T10:51:31","slug":"koman-seyma-gencoglu","status":"publish","type":"product","link":"https:\/\/kutluyayinevi.com\/magaza\/urun\/koman-seyma-gencoglu\/","title":{"rendered":"Koman &#8211; \u015eeyma Gen\u00e7o\u011flu"},"content":{"rendered":"","protected":false},"excerpt":{"rendered":"<div class=\"wysiwyg prd_description\">\n<p>Japonlar ikinci d\u00fcnya sava\u015f\u0131nda u\u00e7aklarla intihar sald\u0131r\u0131lar\u0131 ger\u00e7ekle\u015ftirirdi. Yapt\u0131klar\u0131 intihar sald\u0131r\u0131lar\u0131na \u2018kamikaze\u2019 denilirdi. Japonlar\u0131n yapt\u0131\u011f\u0131 bu kamikazeler efsanele\u015fip, d\u00fc\u015fmanlar\u0131na korku sal\u0131yordu. Kimsenin bilmedi\u011fiyse Japonlar\u0131n u\u00e7aklarla yapt\u0131\u011f\u0131n\u0131, bizim atalar\u0131m\u0131z u\u00e7aklar olmadan yap\u0131yordu. Biz onlara \u2018Koman\u2019 diyorduk. Komanlar 1000 y\u0131ld\u0131r varlar, bundan 1000 y\u0131l sonra da var olacaklar.<\/p>\n<p>\u2018\u2019Bizler basit birer neferiz, anlams\u0131z\u0131z, hi\u00e7bir \u015feyiz. Bizler sadece o al bayra\u011fa sar\u0131l\u0131 tabuta girdi\u011fimizde anlam kazan\u0131r\u0131z.\u2019\u2019<\/p>\n<p>SON DAK\u0130KA!<br \/>\nSize anlatacaklar\u0131m; haber programlar\u0131nda b\u0131rak\u0131n 60 saniyeyi, 20 saniyeye s\u0131\u011fd\u0131r\u0131lan \u015fehitlerimizin, geride kalanlar\u0131n\u0131n ac\u0131lar\u0131\u2026 Elinizde tuttu\u011funuz kitapta, birka\u00e7 saniyeye s\u0131\u011fd\u0131r\u0131lm\u0131\u015f, sadece alt yaz\u0131da ge\u00e7mi\u015f; kan\u0131ksad\u0131\u011f\u0131n\u0131z, ba\u015f\u0131n\u0131z\u0131 \u00e7evirdi\u011finiz, g\u00f6rmemek i\u00e7in diretti\u011finiz, \u00e7oktan unuttu\u011funuz \u015fehitlerimizin a\u015fk\u0131n\u0131, \u00e7ocuklu\u011funu ve nas\u0131l bir asker oldu\u011funun hat\u0131ralar\u0131 var.<\/p>\n<p>\u00dczg\u00fcn\u00fcm! Birilerinin size bu ger\u00e7ekleri tokat gibi surat\u0131n\u0131za vurmas\u0131 gerekiyordu.<\/p>\n<\/div>\n","protected":false},"featured_media":19965,"comment_status":"closed","ping_status":"closed","template":"","meta":[],"product_brand":[],"product_cat":[24],"product_tag":[],"class_list":{"0":"post-19964","1":"product","2":"type-product","3":"status-publish","4":"has-post-thumbnail","6":"product_cat-roman","8":"first","9":"outofstock","10":"sale","11":"shipping-taxable","12":"purchasable","13":"product-type-simple"},"_links":{"self":[{"href":"https:\/\/kutluyayinevi.com\/magaza\/wp-json\/wp\/v2\/product\/19964","targetHints":{"allow":["GET"]}}],"collection":[{"href":"https:\/\/kutluyayinevi.com\/magaza\/wp-json\/wp\/v2\/product"}],"about":[{"href":"https:\/\/kutluyayinevi.com\/magaza\/wp-json\/wp\/v2\/types\/product"}],"replies":[{"embeddable":true,"href":"https:\/\/kutluyayinevi.com\/magaza\/wp-json\/wp\/v2\/comments?post=19964"}],"wp:featuredmedia":[{"embeddable":true,"href":"https:\/\/kutluyayinevi.com\/magaza\/wp-json\/wp\/v2\/media\/19965"}],"wp:attachment":[{"href":"https:\/\/kutluyayinevi.com\/magaza\/wp-json\/wp\/v2\/media?parent=19964"}],"wp:term":[{"taxonomy":"product_brand","embeddable":true,"href":"https:\/\/kutluyayinevi.com\/magaza\/wp-json\/wp\/v2\/product_brand?post=19964"},{"taxonomy":"product_cat","embeddable":true,"href":"https:\/\/kutluyayinevi.com\/magaza\/wp-json\/wp\/v2\/product_cat?post=19964"},{"taxonomy":"product_tag","embeddable":true,"href":"https:\/\/kutluyayinevi.com\/magaza\/wp-json\/wp\/v2\/product_tag?post=19964"}],"curies":[{"name":"wp","href":"https:\/\/api.w.org\/{rel}","templated":true}]}}