{"id":19988,"date":"2020-10-16T20:19:14","date_gmt":"2020-10-16T17:19:14","guid":{"rendered":"https:\/\/kutluyayinevi.com\/magaza\/?post_type=product&#038;p=19988"},"modified":"2025-01-31T11:21:59","modified_gmt":"2025-01-31T08:21:59","slug":"savant-burhan-isik","status":"publish","type":"product","link":"https:\/\/kutluyayinevi.com\/magaza\/urun\/savant-burhan-isik\/","title":{"rendered":"Savant &#8211; Burhan I\u015f\u0131k"},"content":{"rendered":"","protected":false},"excerpt":{"rendered":"<p>S\u0131radan hayatlar ya\u015far\u0131z, bunlar\u0131n s\u0131radanl\u0131\u011f\u0131n\u0131 kader olarak adland\u0131r\u0131r\u0131z. Ama baz\u0131lar\u0131m\u0131z\u0131n hayat\u0131 san\u0131lan s\u0131radanl\u0131ktan s\u0131yr\u0131l\u0131r. Hayata herkes gibi bakamaz art\u0131k bu ki\u015filer. Ka\u00e7\u0131\u015f\u0131 olmad\u0131\u011f\u0131 gibi, geri d\u00f6n\u00fc\u015f\u00fc de yoktur, onlar\u0131n hayatlar\u0131n\u0131n. O kader ya\u015fanacakt\u0131r.<\/p>\n","protected":false},"featured_media":19989,"comment_status":"closed","ping_status":"closed","template":"","meta":[],"product_brand":[],"product_cat":[23],"product_tag":[],"class_list":{"0":"post-19988","1":"product","2":"type-product","3":"status-publish","4":"has-post-thumbnail","6":"product_cat-hikaye","8":"first","9":"instock","10":"sale","11":"shipping-taxable","12":"purchasable","13":"product-type-simple"},"_links":{"self":[{"href":"https:\/\/kutluyayinevi.com\/magaza\/wp-json\/wp\/v2\/product\/19988","targetHints":{"allow":["GET"]}}],"collection":[{"href":"https:\/\/kutluyayinevi.com\/magaza\/wp-json\/wp\/v2\/product"}],"about":[{"href":"https:\/\/kutluyayinevi.com\/magaza\/wp-json\/wp\/v2\/types\/product"}],"replies":[{"embeddable":true,"href":"https:\/\/kutluyayinevi.com\/magaza\/wp-json\/wp\/v2\/comments?post=19988"}],"wp:featuredmedia":[{"embeddable":true,"href":"https:\/\/kutluyayinevi.com\/magaza\/wp-json\/wp\/v2\/media\/19989"}],"wp:attachment":[{"href":"https:\/\/kutluyayinevi.com\/magaza\/wp-json\/wp\/v2\/media?parent=19988"}],"wp:term":[{"taxonomy":"product_brand","embeddable":true,"href":"https:\/\/kutluyayinevi.com\/magaza\/wp-json\/wp\/v2\/product_brand?post=19988"},{"taxonomy":"product_cat","embeddable":true,"href":"https:\/\/kutluyayinevi.com\/magaza\/wp-json\/wp\/v2\/product_cat?post=19988"},{"taxonomy":"product_tag","embeddable":true,"href":"https:\/\/kutluyayinevi.com\/magaza\/wp-json\/wp\/v2\/product_tag?post=19988"}],"curies":[{"name":"wp","href":"https:\/\/api.w.org\/{rel}","templated":true}]}}