{"id":20017,"date":"2020-10-30T12:47:58","date_gmt":"2020-10-30T09:47:58","guid":{"rendered":"https:\/\/kutluyayinevi.com\/magaza\/?post_type=product&#038;p=20017"},"modified":"2025-01-31T11:41:40","modified_gmt":"2025-01-31T08:41:40","slug":"turkiyede-bakteriyoloji-alaninda-gelismeler-1876-1938-doc-dr-deniz-akpinar-dr-ogr-uyesi-ertugrul-erhan","status":"publish","type":"product","link":"https:\/\/kutluyayinevi.com\/magaza\/urun\/turkiyede-bakteriyoloji-alaninda-gelismeler-1876-1938-doc-dr-deniz-akpinar-dr-ogr-uyesi-ertugrul-erhan\/","title":{"rendered":"T\u00fcrkiye&#8217;de Bakteriyoloji Alan\u0131nda Geli\u015fmeler (1876-1938) &#8211; Do\u00e7. Dr. Deniz Akp\u0131nar, Dr. \u00d6\u011fr. \u00dcyesi Ertu\u011frul Erhan"},"content":{"rendered":"","protected":false},"excerpt":{"rendered":"<div class=\"wysiwyg prd_description\">\n<p>T\u0131bhane-i Amire kurulu\u015fu ile ba\u015flayan t\u0131p e\u011fitiminde modern bat\u0131 e\u011fitimi T\u00fcrk hekimlerinin \u00f6n\u00fcn\u00fc a\u00e7arak t\u0131p d\u00fcnyas\u0131nda pek \u00e7ok ba\u015far\u0131l\u0131 hizmetler sunmalar\u0131na yol a\u00e7m\u0131\u015ft\u0131r. Biz bu konuda katk\u0131s\u0131 olan ba\u015fta devlet ricali, hekimba\u015f\u0131lar\u0131, t\u0131p hocalar\u0131 (yerli ve yabanc\u0131) ve yap\u0131lan \u00e7al\u0131\u015fmalar\u0131ndan bahsettik. Bu sayede T\u00fcrk hekimli\u011fi b\u00fct\u00fcn mesleklerden \u00f6nce ilerlemi\u015f ve bat\u0131 hekimli\u011fini ad\u0131m ad\u0131m takip etmi\u015f, her yeni ke\u015fif memleketimize derhal girmi\u015ftir. T\u0131p e\u011fitimi ba\u015flang\u0131\u00e7ta yabanc\u0131 hocalar taraf\u0131ndan yap\u0131l\u0131rken sonradan bir\u00e7ok hekim Avrupa\u2019ya g\u00f6nderilerek \u00fclkemizde modern klinikler kurulmu\u015ftur. Bu geli\u015fmeler g\u00fcn\u00fcm\u00fczde Corona salg\u0131n\u0131 gibi, 1900\u2019li y\u0131llar\u0131n ba\u015f\u0131nda \u00fclkemizde salg\u0131n hastal\u0131klar m\u00fccadele de d\u00fcnyada belki de ilk defa etkeni hen\u00fcz ke\u015ffedilmeyen tif\u00fcs hastal\u0131\u011f\u0131na kar\u015f\u0131 a\u015f\u0131 \u00fcretmeye kadar gitmi\u015ftir. Bu geli\u015fme hekimlerimizin literat\u00fcr bilgisi, yeni sonu\u00e7lara ula\u015facak ve uygulayacak bilimsel yeterlili\u011fini g\u00f6stermesi bak\u0131m\u0131ndan \u00f6nemlidir.<\/p>\n<p>Amac\u0131m\u0131z ge\u00e7mi\u015fte bu yap\u0131lanlar \u00f6rnek al\u0131narak g\u00fcn\u00fcm\u00fczde hekimlerimizin insanl\u0131\u011fa daha ileri ve daha faydal\u0131 t\u0131p \u00e7al\u0131\u015fmalar\u0131n\u0131n yap\u0131lmas\u0131n\u0131 sa\u011flamakt\u0131r.<\/p>\n<\/div>\n","protected":false},"featured_media":20018,"comment_status":"closed","ping_status":"closed","template":"","meta":[],"product_brand":[],"product_cat":[28],"product_tag":[],"class_list":{"0":"post-20017","1":"product","2":"type-product","3":"status-publish","4":"has-post-thumbnail","6":"product_cat-aratirma-inceleme","8":"first","9":"instock","10":"sale","11":"shipping-taxable","12":"purchasable","13":"product-type-simple"},"_links":{"self":[{"href":"https:\/\/kutluyayinevi.com\/magaza\/wp-json\/wp\/v2\/product\/20017","targetHints":{"allow":["GET"]}}],"collection":[{"href":"https:\/\/kutluyayinevi.com\/magaza\/wp-json\/wp\/v2\/product"}],"about":[{"href":"https:\/\/kutluyayinevi.com\/magaza\/wp-json\/wp\/v2\/types\/product"}],"replies":[{"embeddable":true,"href":"https:\/\/kutluyayinevi.com\/magaza\/wp-json\/wp\/v2\/comments?post=20017"}],"wp:featuredmedia":[{"embeddable":true,"href":"https:\/\/kutluyayinevi.com\/magaza\/wp-json\/wp\/v2\/media\/20018"}],"wp:attachment":[{"href":"https:\/\/kutluyayinevi.com\/magaza\/wp-json\/wp\/v2\/media?parent=20017"}],"wp:term":[{"taxonomy":"product_brand","embeddable":true,"href":"https:\/\/kutluyayinevi.com\/magaza\/wp-json\/wp\/v2\/product_brand?post=20017"},{"taxonomy":"product_cat","embeddable":true,"href":"https:\/\/kutluyayinevi.com\/magaza\/wp-json\/wp\/v2\/product_cat?post=20017"},{"taxonomy":"product_tag","embeddable":true,"href":"https:\/\/kutluyayinevi.com\/magaza\/wp-json\/wp\/v2\/product_tag?post=20017"}],"curies":[{"name":"wp","href":"https:\/\/api.w.org\/{rel}","templated":true}]}}