{"id":20039,"date":"2025-10-10T19:01:21","date_gmt":"2025-10-10T16:01:21","guid":{"rendered":"https:\/\/kutluyayinevi.com\/magaza\/?post_type=product&#038;p=20039"},"modified":"2025-10-10T19:03:27","modified_gmt":"2025-10-10T16:03:27","slug":"joh-poh-silopi-hendeklerinde-yesil-bozlak","status":"publish","type":"product","link":"https:\/\/kutluyayinevi.com\/magaza\/urun\/joh-poh-silopi-hendeklerinde-yesil-bozlak\/","title":{"rendered":"J\u00d6H P\u00d6H Silopi Hendeklerinde &#8211; Ye\u015fil Bozlak"},"content":{"rendered":"","protected":false},"excerpt":{"rendered":"<p>-B\u00fct\u00fcn ya\u015fad\u0131klar\u0131m k\u0131sa bir film \u015feridi gibi tekrar g\u00f6z\u00fcm\u00fcn \u00f6n\u00fcnde canland\u0131. Kan, g\u00f6zya\u015f\u0131, barut, mermi ve patlamalar\u0131n aras\u0131ndan \u00e7\u0131k\u0131p, kendimi bamba\u015fka bir hayata atarken hi\u00e7bir \u015fey ya\u015fanmam\u0131\u015f gibi hayat\u0131ma devam edecektim.<\/p>\n<p>-\u00dc\u00e7 el bombas\u0131 yemi\u015fsin. Be\u015f namlu sana \u00e7al\u0131\u015f\u0131yor\u2026<\/p>\n<p>-En iyi silah iyi e\u011fitilmi\u015f bir askerdir.<\/p>\n<p>-\u00c7at\u0131\u015fma, okunmas\u0131 kolay, ya\u015fanmas\u0131 ise var olmakla yok olmak aras\u0131nda ince bir \u00e7izgidir.<\/p>\n<p>-\u0130lk mermi bizleri bulmazsa kurtulma \u015fans\u0131m\u0131z art\u0131yordu. Patlamada ise kurtulma \u015fans\u0131m\u0131z s\u0131f\u0131rd\u0131.<\/p>\n","protected":false},"featured_media":20040,"comment_status":"closed","ping_status":"closed","template":"","meta":[],"product_brand":[],"product_cat":[52],"product_tag":[],"class_list":{"0":"post-20039","1":"product","2":"type-product","3":"status-publish","4":"has-post-thumbnail","6":"product_cat-ani","8":"first","9":"instock","10":"sale","11":"shipping-taxable","12":"purchasable","13":"product-type-simple"},"_links":{"self":[{"href":"https:\/\/kutluyayinevi.com\/magaza\/wp-json\/wp\/v2\/product\/20039","targetHints":{"allow":["GET"]}}],"collection":[{"href":"https:\/\/kutluyayinevi.com\/magaza\/wp-json\/wp\/v2\/product"}],"about":[{"href":"https:\/\/kutluyayinevi.com\/magaza\/wp-json\/wp\/v2\/types\/product"}],"replies":[{"embeddable":true,"href":"https:\/\/kutluyayinevi.com\/magaza\/wp-json\/wp\/v2\/comments?post=20039"}],"wp:featuredmedia":[{"embeddable":true,"href":"https:\/\/kutluyayinevi.com\/magaza\/wp-json\/wp\/v2\/media\/20040"}],"wp:attachment":[{"href":"https:\/\/kutluyayinevi.com\/magaza\/wp-json\/wp\/v2\/media?parent=20039"}],"wp:term":[{"taxonomy":"product_brand","embeddable":true,"href":"https:\/\/kutluyayinevi.com\/magaza\/wp-json\/wp\/v2\/product_brand?post=20039"},{"taxonomy":"product_cat","embeddable":true,"href":"https:\/\/kutluyayinevi.com\/magaza\/wp-json\/wp\/v2\/product_cat?post=20039"},{"taxonomy":"product_tag","embeddable":true,"href":"https:\/\/kutluyayinevi.com\/magaza\/wp-json\/wp\/v2\/product_tag?post=20039"}],"curies":[{"name":"wp","href":"https:\/\/api.w.org\/{rel}","templated":true}]}}