{"id":20070,"date":"2020-11-18T13:57:54","date_gmt":"2020-11-18T10:57:54","guid":{"rendered":"https:\/\/kutluyayinevi.com\/magaza\/?post_type=product&#038;p=20070"},"modified":"2025-01-31T12:09:21","modified_gmt":"2025-01-31T09:09:21","slug":"donusluluk-zamirinin-siirleri-mustafa-emir-eldemir","status":"publish","type":"product","link":"https:\/\/kutluyayinevi.com\/magaza\/urun\/donusluluk-zamirinin-siirleri-mustafa-emir-eldemir\/","title":{"rendered":"D\u00f6n\u00fc\u015fl\u00fcl\u00fck Zamirinin \u015eiirleri &#8211; Mustafa Emir Eldemir"},"content":{"rendered":"","protected":false},"excerpt":{"rendered":"<p>D\u00d6N\u00dc\u015eL\u00dcL\u00dcK ZAM\u0130R\u0130,T\u00dcRK\u00c7EDE \u201cKEND\u0130\u201d S\u00d6ZC\u00dc\u011e\u00dcN\u00dcN YER\u0130N\u0130 TUTAR.<br \/>\nB\u0130R \u00c7OCU\u011eUN PENCERES\u0130NDEN ANLATMAYI TERC\u0130H ETT\u0130\u011e\u0130M ASLINDA KEND\u0130 SEV\u0130N\u00c7 VE H\u00dcZ\u00dcNLER\u0130MLE DEMLENEN HAYALLER Z\u0130NC\u0130R\u0130 OLAN BU H\u0130KAYEDE ANLA\u015eILMAMAYI VE A\u015eILAMAMAYI SE\u00c7MEKTEK\u0130 KARARLILI\u011eI YANSITMAYI AMA\u00c7LADIM.<br \/>\nYO\u011eUN DUYGULARLA HARMANLANAN VE GE\u00c7M\u0130\u015e\u0130N \u00d6ZLEM\u0130 \u0130LE GELECE\u011e\u0130N KAYGISINI AYNI SAFTA YO\u011eURAN BU K\u0130TAP,\u015e\u0130MD\u0130 YEN\u0130 B\u0130R \u015e\u0130\u0130R \u00c7\u0130ZG\u0130S\u0130 ARAYAN DOSTLARLA KUCAKLA\u015eMAKTA\u2026<\/p>\n","protected":false},"featured_media":20071,"comment_status":"closed","ping_status":"closed","template":"","meta":[],"product_brand":[],"product_cat":[22],"product_tag":[],"class_list":{"0":"post-20070","1":"product","2":"type-product","3":"status-publish","4":"has-post-thumbnail","6":"product_cat-siir","8":"first","9":"instock","10":"sale","11":"shipping-taxable","12":"purchasable","13":"product-type-simple"},"_links":{"self":[{"href":"https:\/\/kutluyayinevi.com\/magaza\/wp-json\/wp\/v2\/product\/20070","targetHints":{"allow":["GET"]}}],"collection":[{"href":"https:\/\/kutluyayinevi.com\/magaza\/wp-json\/wp\/v2\/product"}],"about":[{"href":"https:\/\/kutluyayinevi.com\/magaza\/wp-json\/wp\/v2\/types\/product"}],"replies":[{"embeddable":true,"href":"https:\/\/kutluyayinevi.com\/magaza\/wp-json\/wp\/v2\/comments?post=20070"}],"wp:featuredmedia":[{"embeddable":true,"href":"https:\/\/kutluyayinevi.com\/magaza\/wp-json\/wp\/v2\/media\/20071"}],"wp:attachment":[{"href":"https:\/\/kutluyayinevi.com\/magaza\/wp-json\/wp\/v2\/media?parent=20070"}],"wp:term":[{"taxonomy":"product_brand","embeddable":true,"href":"https:\/\/kutluyayinevi.com\/magaza\/wp-json\/wp\/v2\/product_brand?post=20070"},{"taxonomy":"product_cat","embeddable":true,"href":"https:\/\/kutluyayinevi.com\/magaza\/wp-json\/wp\/v2\/product_cat?post=20070"},{"taxonomy":"product_tag","embeddable":true,"href":"https:\/\/kutluyayinevi.com\/magaza\/wp-json\/wp\/v2\/product_tag?post=20070"}],"curies":[{"name":"wp","href":"https:\/\/api.w.org\/{rel}","templated":true}]}}