{"id":20093,"date":"2020-12-02T14:08:21","date_gmt":"2020-12-02T11:08:21","guid":{"rendered":"https:\/\/kutluyayinevi.com\/magaza\/?post_type=product&#038;p=20093"},"modified":"2025-01-31T12:19:37","modified_gmt":"2025-01-31T09:19:37","slug":"bilgelerim-ile-birlikte-dil-ve-edebiyat-uzerine-soylesiler-safak-karakoc","status":"publish","type":"product","link":"https:\/\/kutluyayinevi.com\/magaza\/urun\/bilgelerim-ile-birlikte-dil-ve-edebiyat-uzerine-soylesiler-safak-karakoc\/","title":{"rendered":"Bilgelerim ile Birlikte Dil ve Edebiyat \u00dczerine S\u00f6yle\u015filer &#8211; \u015eafak Karako\u00e7"},"content":{"rendered":"","protected":false},"excerpt":{"rendered":"<p>T\u00fcrk edebiyat\u0131nda s\u00f6yle\u015fi t\u00fcr\u00fcn\u00fcn bir\u00e7ok bak\u0131mdan \u00f6nemi bulunmaktad\u0131r. S\u00f6yle\u015fi t\u00fcr\u00fc g\u00fcn\u00fcm\u00fczde \u00e7o\u011funlukla \u00e7e\u015fitli televizyon programlar\u0131 ile dergi ve gazete gibi s\u00fcreli yay\u0131nlarda varl\u0131k g\u00f6stermektedir ancak bu yeterli de\u011fildir. Elinizdeki bu \u00e7al\u0131\u015fma alan\u0131nda uzmanla\u015fm\u0131\u015f 19 T\u00fcrkbilimci ile yap\u0131lan s\u00f6yle\u015filerden derlenmi\u015f hem bir r\u00f6portaj hem de bir s\u00f6yle\u015fi kitab\u0131d\u0131r. T\u00fcrkolojinin g\u00fcncel sorunlar\u0131na yer verilmi\u015f ve dil ve edebiyat ile ilgili bir\u00e7ok konuya temas edilmi\u015ftir. Bu bak\u0131mdan hem zevkle okunabilecek bir kitap hem de yeni ara\u015ft\u0131r\u0131c\u0131lara kaynak olabilecek bir \u00e7al\u0131\u015fmad\u0131r.<\/p>\n","protected":false},"featured_media":20095,"comment_status":"closed","ping_status":"closed","template":"","meta":[],"product_brand":[],"product_cat":[15],"product_tag":[],"class_list":{"0":"post-20093","1":"product","2":"type-product","3":"status-publish","4":"has-post-thumbnail","6":"product_cat-dilbilim","8":"first","9":"instock","10":"sale","11":"shipping-taxable","12":"purchasable","13":"product-type-simple"},"_links":{"self":[{"href":"https:\/\/kutluyayinevi.com\/magaza\/wp-json\/wp\/v2\/product\/20093","targetHints":{"allow":["GET"]}}],"collection":[{"href":"https:\/\/kutluyayinevi.com\/magaza\/wp-json\/wp\/v2\/product"}],"about":[{"href":"https:\/\/kutluyayinevi.com\/magaza\/wp-json\/wp\/v2\/types\/product"}],"replies":[{"embeddable":true,"href":"https:\/\/kutluyayinevi.com\/magaza\/wp-json\/wp\/v2\/comments?post=20093"}],"wp:featuredmedia":[{"embeddable":true,"href":"https:\/\/kutluyayinevi.com\/magaza\/wp-json\/wp\/v2\/media\/20095"}],"wp:attachment":[{"href":"https:\/\/kutluyayinevi.com\/magaza\/wp-json\/wp\/v2\/media?parent=20093"}],"wp:term":[{"taxonomy":"product_brand","embeddable":true,"href":"https:\/\/kutluyayinevi.com\/magaza\/wp-json\/wp\/v2\/product_brand?post=20093"},{"taxonomy":"product_cat","embeddable":true,"href":"https:\/\/kutluyayinevi.com\/magaza\/wp-json\/wp\/v2\/product_cat?post=20093"},{"taxonomy":"product_tag","embeddable":true,"href":"https:\/\/kutluyayinevi.com\/magaza\/wp-json\/wp\/v2\/product_tag?post=20093"}],"curies":[{"name":"wp","href":"https:\/\/api.w.org\/{rel}","templated":true}]}}