{"id":20116,"date":"2020-12-09T18:57:26","date_gmt":"2020-12-09T15:57:26","guid":{"rendered":"https:\/\/kutluyayinevi.com\/magaza\/?post_type=product&#038;p=20116"},"modified":"2025-01-31T12:03:55","modified_gmt":"2025-01-31T09:03:55","slug":"marianin-gunlugu-zuhal-saadet-dinc","status":"publish","type":"product","link":"https:\/\/kutluyayinevi.com\/magaza\/urun\/marianin-gunlugu-zuhal-saadet-dinc\/","title":{"rendered":"Maria&#8217;n\u0131n G\u00fcnl\u00fc\u011f\u00fc &#8211; Zuhal Saadet Din\u00e7"},"content":{"rendered":"","protected":false},"excerpt":{"rendered":"<div class=\"wysiwyg prd_description\">\n<p>&#8220;O k\u00fc\u00e7\u00fck berbat h\u00fccrede \u00f6l\u00fcmle ya\u015fam aras\u0131ndaki o ince, k\u0131r\u0131lgan \u00e7izgide gidip gelmek.&#8221;<\/p>\n<p>S\u0131cak bir gecede \u00f6lmeyi istemezdim do\u011frusu. Beni bir bahar g\u00fcn\u00fc giyotine g\u00f6t\u00fcrseler daha iyi olurdu \u00e7\u00fcnk\u00fc ben kendimi t\u0131pk\u0131 topra\u011fa her defas\u0131nda d\u00fc\u015fen cemre gibi hissediyorum ve bir g\u00fcn bir yerlerde tekrar Maria olarak de\u011filse de bir ba\u015fka kad\u0131n olarak da d\u00fcnyaya gelmek isterdim. Asl\u0131nda \u015fu s\u0131ralar en \u00e7okta bunun olmas\u0131 i\u00e7in dua ediyorum ancak \u00f6l\u00fcm mahk\u00fbmu olan birinin duas\u0131n\u0131 Tanr\u0131 kabul eder mi? Bilemiyorum.<\/p>\n<p>Sevgili g\u00fcnl\u00fck, bu son sat\u0131rlar\u0131m art\u0131k seninle de vedala\u015fma zaman\u0131m geldi. Umar\u0131m ki bir g\u00fcn seni, saklad\u0131\u011f\u0131m bu kuytu yerden bulurlar ve b\u00fct\u00fcn ya\u015fad\u0131\u011f\u0131m ger\u00e7ekler ortaya \u00e7\u0131kar. G\u00fcnl\u00fc\u011f\u00fcm\u00fcn son sat\u0131rlar\u0131 ama her \u015fey bitmedi. Belki ba\u015fka bir zamanda ve ba\u015fka bir kad\u0131n bedeninde yeniden hayat bulur ve Maria oldu\u011fumu hat\u0131rlarsam ya\u015fad\u0131\u011f\u0131m bu cehennem azab\u0131n\u0131 kaleme al\u0131p yazaca\u011f\u0131m. \u0130\u015fte ancak o zaman ruhum sonsuz bir huzura kavu\u015fur.<\/p>\n<p>Zengin, soylu ve \u00e7ok g\u00fczel bir kad\u0131n olsan\u0131z, her i\u015finizi ayr\u0131 bir hizmet\u00e7iye yapt\u0131rsayd\u0131n\u0131z, s\u0131k\u0131nt\u0131, keder, sorun nedir hi\u00e7 bilmezken birden bire haks\u0131z iftiralarla su\u00e7lan\u0131p bir h\u00fccreye at\u0131lsan\u0131z ne hissederdiniz?<\/p>\n<\/div>\n","protected":false},"featured_media":20117,"comment_status":"closed","ping_status":"closed","template":"","meta":[],"product_brand":[],"product_cat":[24],"product_tag":[],"class_list":{"0":"post-20116","1":"product","2":"type-product","3":"status-publish","4":"has-post-thumbnail","6":"product_cat-roman","8":"first","9":"instock","10":"sale","11":"shipping-taxable","12":"purchasable","13":"product-type-simple"},"_links":{"self":[{"href":"https:\/\/kutluyayinevi.com\/magaza\/wp-json\/wp\/v2\/product\/20116","targetHints":{"allow":["GET"]}}],"collection":[{"href":"https:\/\/kutluyayinevi.com\/magaza\/wp-json\/wp\/v2\/product"}],"about":[{"href":"https:\/\/kutluyayinevi.com\/magaza\/wp-json\/wp\/v2\/types\/product"}],"replies":[{"embeddable":true,"href":"https:\/\/kutluyayinevi.com\/magaza\/wp-json\/wp\/v2\/comments?post=20116"}],"wp:featuredmedia":[{"embeddable":true,"href":"https:\/\/kutluyayinevi.com\/magaza\/wp-json\/wp\/v2\/media\/20117"}],"wp:attachment":[{"href":"https:\/\/kutluyayinevi.com\/magaza\/wp-json\/wp\/v2\/media?parent=20116"}],"wp:term":[{"taxonomy":"product_brand","embeddable":true,"href":"https:\/\/kutluyayinevi.com\/magaza\/wp-json\/wp\/v2\/product_brand?post=20116"},{"taxonomy":"product_cat","embeddable":true,"href":"https:\/\/kutluyayinevi.com\/magaza\/wp-json\/wp\/v2\/product_cat?post=20116"},{"taxonomy":"product_tag","embeddable":true,"href":"https:\/\/kutluyayinevi.com\/magaza\/wp-json\/wp\/v2\/product_tag?post=20116"}],"curies":[{"name":"wp","href":"https:\/\/api.w.org\/{rel}","templated":true}]}}