{"id":20178,"date":"2020-11-30T16:14:57","date_gmt":"2020-11-30T13:14:57","guid":{"rendered":"https:\/\/kutluyayinevi.com\/magaza\/?post_type=product&#038;p=20178"},"modified":"2025-01-31T12:26:40","modified_gmt":"2025-01-31T09:26:40","slug":"kisa-ve-anlamli-sozler-fehmi-sartik","status":"publish","type":"product","link":"https:\/\/kutluyayinevi.com\/magaza\/urun\/kisa-ve-anlamli-sozler-fehmi-sartik\/","title":{"rendered":"K\u0131sa ve Anlaml\u0131 S\u00f6zler &#8211; Fehmi Sart\u0131k"},"content":{"rendered":"","protected":false},"excerpt":{"rendered":"<p>Ne olursan\u0131z olun<br \/>\nAma \u015ferefsiz olmay\u0131n<br \/>\n\u00c7\u00fcnk\u00fc \u015ferefsizli\u011fin bin \u00e7e\u015fidi var<br \/>\nO bin \u00e7e\u015fidin i\u00e7inde adaml\u0131k yok<\/p>\n","protected":false},"featured_media":20179,"comment_status":"closed","ping_status":"closed","template":"","meta":[],"product_brand":[],"product_cat":[76],"product_tag":[],"class_list":{"0":"post-20178","1":"product","2":"type-product","3":"status-publish","4":"has-post-thumbnail","6":"product_cat-ozlu-sozler","8":"first","9":"instock","10":"sale","11":"shipping-taxable","12":"purchasable","13":"product-type-simple"},"_links":{"self":[{"href":"https:\/\/kutluyayinevi.com\/magaza\/wp-json\/wp\/v2\/product\/20178","targetHints":{"allow":["GET"]}}],"collection":[{"href":"https:\/\/kutluyayinevi.com\/magaza\/wp-json\/wp\/v2\/product"}],"about":[{"href":"https:\/\/kutluyayinevi.com\/magaza\/wp-json\/wp\/v2\/types\/product"}],"replies":[{"embeddable":true,"href":"https:\/\/kutluyayinevi.com\/magaza\/wp-json\/wp\/v2\/comments?post=20178"}],"wp:featuredmedia":[{"embeddable":true,"href":"https:\/\/kutluyayinevi.com\/magaza\/wp-json\/wp\/v2\/media\/20179"}],"wp:attachment":[{"href":"https:\/\/kutluyayinevi.com\/magaza\/wp-json\/wp\/v2\/media?parent=20178"}],"wp:term":[{"taxonomy":"product_brand","embeddable":true,"href":"https:\/\/kutluyayinevi.com\/magaza\/wp-json\/wp\/v2\/product_brand?post=20178"},{"taxonomy":"product_cat","embeddable":true,"href":"https:\/\/kutluyayinevi.com\/magaza\/wp-json\/wp\/v2\/product_cat?post=20178"},{"taxonomy":"product_tag","embeddable":true,"href":"https:\/\/kutluyayinevi.com\/magaza\/wp-json\/wp\/v2\/product_tag?post=20178"}],"curies":[{"name":"wp","href":"https:\/\/api.w.org\/{rel}","templated":true}]}}