{"id":20236,"date":"2021-01-15T18:07:22","date_gmt":"2021-01-15T15:07:22","guid":{"rendered":"https:\/\/kutluyayinevi.com\/magaza\/?post_type=product&#038;p=20236"},"modified":"2026-02-20T12:30:30","modified_gmt":"2026-02-20T09:30:30","slug":"kisa-kisa-sosyal-medya-tadinda-metin-sevil","status":"publish","type":"product","link":"https:\/\/kutluyayinevi.com\/magaza\/urun\/kisa-kisa-sosyal-medya-tadinda-metin-sevil\/","title":{"rendered":"K\u0131sa K\u0131sa &#8211; Sosyal Medya Tad\u0131nda &#8211; Metin Sevil"},"content":{"rendered":"","protected":false},"excerpt":{"rendered":"<div class=\"wysiwyg prd_description\">\n<p>Bu seferki kitab\u0131m kitap okumay\u0131 sevenin de sevmeyenin de, vakti olan\u0131n da olmayan\u0131n da hi\u00e7 s\u0131k\u0131lmadan, su gibi okuyaca\u011f\u0131 cinsten!<\/p>\n<p>Madem uzun yaz\u0131lar\u0131 okumay\u0131 hi\u00e7 sevmiyoruz, madem pek\u00e7o\u011fumuzun &#8220;Okumamak&#8221;tan kast\u0131 sadece k\u0131sa sosyal medya payla\u015f\u0131mlar\u0131n\u0131 okumak olmu\u015f, ben de bu tarz\u00a0 bir \u00e7al\u0131\u015fma yaparak 5 y\u0131l i\u00e7inde ki\u015fisel facebook hesab\u0131mda payla\u015ft\u0131\u011f\u0131m t\u00fcm &#8220;K\u0131sa yaz\u0131lar\u0131&#8221; iki kapak aras\u0131nda toplad\u0131m. Hem derli toplu olarak bir yerde bulunsun, hem \u00e7ocuklar\u0131ma miras kals\u0131n hem de sonradan arkada\u015f oldu\u011fum ve ka\u00e7\u0131rd\u0131klar\u0131n\u0131 okumak isteyen\u00a0 arkada\u015flar\u0131m olursa hepsini bulabilsin \u015feklinde s\u0131ralayabilirim ama\u00e7lad\u0131klar\u0131m\u0131.<\/p>\n<p>&#8220;K\u0131sa yaz\u0131&#8221; deyip ge\u00e7meyelim. Bazen bir kitap ile anlat\u0131lacak mesele anlat\u0131l\u0131r k\u0131sac\u0131k bir yaz\u0131 ile. Hem de \u00e7o\u011fu zaman daha kolay ve daha etkili bir \u015fekilde.<\/p>\n<p>Kimleri kimleri\u00a0 d\u00fc\u015f\u00fcnmeye sevk edip akl\u0131ndaki zincirleri k\u0131rd\u0131rd\u0131 bu yaz\u0131lar bir bilseniz&#8230;<\/p>\n<p>\u0130yi okumalar!<\/p>\n<\/div>\n","protected":false},"featured_media":20237,"comment_status":"closed","ping_status":"closed","template":"","meta":[],"product_brand":[],"product_cat":[19],"product_tag":[],"class_list":{"0":"post-20236","1":"product","2":"type-product","3":"status-publish","4":"has-post-thumbnail","6":"product_cat-din-tasavvuf","8":"first","9":"instock","10":"sale","11":"shipping-taxable","12":"purchasable","13":"product-type-simple"},"_links":{"self":[{"href":"https:\/\/kutluyayinevi.com\/magaza\/wp-json\/wp\/v2\/product\/20236","targetHints":{"allow":["GET"]}}],"collection":[{"href":"https:\/\/kutluyayinevi.com\/magaza\/wp-json\/wp\/v2\/product"}],"about":[{"href":"https:\/\/kutluyayinevi.com\/magaza\/wp-json\/wp\/v2\/types\/product"}],"replies":[{"embeddable":true,"href":"https:\/\/kutluyayinevi.com\/magaza\/wp-json\/wp\/v2\/comments?post=20236"}],"wp:featuredmedia":[{"embeddable":true,"href":"https:\/\/kutluyayinevi.com\/magaza\/wp-json\/wp\/v2\/media\/20237"}],"wp:attachment":[{"href":"https:\/\/kutluyayinevi.com\/magaza\/wp-json\/wp\/v2\/media?parent=20236"}],"wp:term":[{"taxonomy":"product_brand","embeddable":true,"href":"https:\/\/kutluyayinevi.com\/magaza\/wp-json\/wp\/v2\/product_brand?post=20236"},{"taxonomy":"product_cat","embeddable":true,"href":"https:\/\/kutluyayinevi.com\/magaza\/wp-json\/wp\/v2\/product_cat?post=20236"},{"taxonomy":"product_tag","embeddable":true,"href":"https:\/\/kutluyayinevi.com\/magaza\/wp-json\/wp\/v2\/product_tag?post=20236"}],"curies":[{"name":"wp","href":"https:\/\/api.w.org\/{rel}","templated":true}]}}