{"id":20300,"date":"2021-02-03T11:31:33","date_gmt":"2021-02-03T08:31:33","guid":{"rendered":"https:\/\/kutluyayinevi.com\/magaza\/?post_type=product&#038;p=20300"},"modified":"2025-01-31T12:58:27","modified_gmt":"2025-01-31T09:58:27","slug":"zamanin-durdugu-anlar-bir-urolojik-roman-doc-dr-haluk-soylemez","status":"publish","type":"product","link":"https:\/\/kutluyayinevi.com\/magaza\/urun\/zamanin-durdugu-anlar-bir-urolojik-roman-doc-dr-haluk-soylemez\/","title":{"rendered":"Zaman\u0131n Durdu\u011fu Anlar &#8211; Bir \u00dcrolojik Roman &#8211; Do\u00e7. Dr. Haluk S\u00f6ylemez"},"content":{"rendered":"","protected":false},"excerpt":{"rendered":"<p>Do\u00e7. Dr. Haluk S\u00f6ylemez 1977 Malatya do\u011fumlu olup, ilk\u00f6\u011frenimini Malatya&#8217;da, liseyi Sivas&#8217;ta bitirdikten sonra Cerrahpa\u015fa T\u0131p Fak\u00fcltesi&#8217;nde okudu. T\u0131p Fak\u00fcltesi&#8217;nden 2001 y\u0131l\u0131nda mezun olup \u00fcroloji ihtisas\u0131n\u0131 tamamlayarak \u00dcroloji Uzman\u0131 oldu. Mecburi hizmet ve vatani g\u00f6revini bitirdikten sonra mesle\u011fine bir akademisyen olarak devam etti. Bu kapsamda Dicle \u00dcniversitesi&#8217;nde ve Hacettepe \u00dcniversitesi&#8217;nde \u00e7al\u0131\u015ft\u0131. \u015eu anda \u00f6zel sekt\u00f6rde g\u00f6revine devam etmektedir.<\/p>\n<p>T\u0131bbi terimlerden uzak kalarak yazd\u0131\u011f\u0131 bu romanla, \u00fcrolojik birka\u00e7 hastal\u0131k hakk\u0131nda fark\u0131ndal\u0131k olu\u015fturmay\u0131 ama\u00e7layan yazar, ayn\u0131 zamanda devam ettirdi\u011fi hasta muayenesi ve tedavisinin d\u0131\u015f\u0131na \u00e7\u0131kararak da faydal\u0131 olmaya \u00e7al\u0131\u015fm\u0131\u015ft\u0131r.<\/p>\n","protected":false},"featured_media":20301,"comment_status":"closed","ping_status":"closed","template":"","meta":[],"product_brand":[],"product_cat":[24],"product_tag":[],"class_list":{"0":"post-20300","1":"product","2":"type-product","3":"status-publish","4":"has-post-thumbnail","6":"product_cat-roman","8":"first","9":"instock","10":"sale","11":"shipping-taxable","12":"purchasable","13":"product-type-simple"},"_links":{"self":[{"href":"https:\/\/kutluyayinevi.com\/magaza\/wp-json\/wp\/v2\/product\/20300","targetHints":{"allow":["GET"]}}],"collection":[{"href":"https:\/\/kutluyayinevi.com\/magaza\/wp-json\/wp\/v2\/product"}],"about":[{"href":"https:\/\/kutluyayinevi.com\/magaza\/wp-json\/wp\/v2\/types\/product"}],"replies":[{"embeddable":true,"href":"https:\/\/kutluyayinevi.com\/magaza\/wp-json\/wp\/v2\/comments?post=20300"}],"wp:featuredmedia":[{"embeddable":true,"href":"https:\/\/kutluyayinevi.com\/magaza\/wp-json\/wp\/v2\/media\/20301"}],"wp:attachment":[{"href":"https:\/\/kutluyayinevi.com\/magaza\/wp-json\/wp\/v2\/media?parent=20300"}],"wp:term":[{"taxonomy":"product_brand","embeddable":true,"href":"https:\/\/kutluyayinevi.com\/magaza\/wp-json\/wp\/v2\/product_brand?post=20300"},{"taxonomy":"product_cat","embeddable":true,"href":"https:\/\/kutluyayinevi.com\/magaza\/wp-json\/wp\/v2\/product_cat?post=20300"},{"taxonomy":"product_tag","embeddable":true,"href":"https:\/\/kutluyayinevi.com\/magaza\/wp-json\/wp\/v2\/product_tag?post=20300"}],"curies":[{"name":"wp","href":"https:\/\/api.w.org\/{rel}","templated":true}]}}