{"id":20374,"date":"2021-03-05T18:37:35","date_gmt":"2021-03-05T15:37:35","guid":{"rendered":"https:\/\/kutluyayinevi.com\/magaza\/?post_type=product&#038;p=20374"},"modified":"2025-01-31T13:14:46","modified_gmt":"2025-01-31T10:14:46","slug":"kara-kutu-yunus-emre-oz","status":"publish","type":"product","link":"https:\/\/kutluyayinevi.com\/magaza\/urun\/kara-kutu-yunus-emre-oz\/","title":{"rendered":"Kara Kutu &#8211; Yunus Emre \u00d6z"},"content":{"rendered":"","protected":false},"excerpt":{"rendered":"<p>Korku. \u00d6l\u00fcm\u00fcn k\u0131y\u0131s\u0131ndayken dahi hissemedi\u011fim o muazzam duygu. Bir\u00e7ok insan\u0131 hayata tutunduran, bir\u00e7o\u011funu da ipe g\u00f6t\u00fcren ya\u015fanm\u0131\u015fl\u0131klar\u0131n yeg\u00e2ne sebebi. Al\u0131\u015fm\u0131\u015fl\u0131\u011f\u0131m m\u0131 yoksa art\u0131k t\u00fcm v\u00fccudumda hissedebildi\u011fim teslimiyet hissi mi beni bu duygudan mahrum b\u0131rak\u0131yordu? Bir yandan \u00f6l\u00fcms\u00fczm\u00fc\u015f\u00fcm gibi hissetmem, di\u011fer yandan ise g\u00f6zlerimi her kapatt\u0131\u011f\u0131mda biraz daha sonuma yakla\u015ft\u0131\u011f\u0131m\u0131 d\u00fc\u015f\u00fcnd\u00fcren bu his miydi, b\u00fct\u00fcn ya\u015fant\u0131m\u0131 etkileyen? Onca soru, onca cevap. Hi\u00e7biri \u015fu an bulundu\u011fum durumdan beni kurtaramazd\u0131. Bildi\u011fim tek bir \u015fey vard\u0131 o da art\u0131k korkmuyordum. Ne g\u00f6zleri alev k\u0131rm\u0131z\u0131s\u0131 cellad\u0131mdan ne de \u00fczerime inan kanla boyanm\u0131\u015f baltadan.<\/p>\n","protected":false},"featured_media":20375,"comment_status":"closed","ping_status":"closed","template":"","meta":[],"product_brand":[],"product_cat":[24],"product_tag":[],"class_list":{"0":"post-20374","1":"product","2":"type-product","3":"status-publish","4":"has-post-thumbnail","6":"product_cat-roman","8":"first","9":"instock","10":"sale","11":"shipping-taxable","12":"purchasable","13":"product-type-simple"},"_links":{"self":[{"href":"https:\/\/kutluyayinevi.com\/magaza\/wp-json\/wp\/v2\/product\/20374","targetHints":{"allow":["GET"]}}],"collection":[{"href":"https:\/\/kutluyayinevi.com\/magaza\/wp-json\/wp\/v2\/product"}],"about":[{"href":"https:\/\/kutluyayinevi.com\/magaza\/wp-json\/wp\/v2\/types\/product"}],"replies":[{"embeddable":true,"href":"https:\/\/kutluyayinevi.com\/magaza\/wp-json\/wp\/v2\/comments?post=20374"}],"wp:featuredmedia":[{"embeddable":true,"href":"https:\/\/kutluyayinevi.com\/magaza\/wp-json\/wp\/v2\/media\/20375"}],"wp:attachment":[{"href":"https:\/\/kutluyayinevi.com\/magaza\/wp-json\/wp\/v2\/media?parent=20374"}],"wp:term":[{"taxonomy":"product_brand","embeddable":true,"href":"https:\/\/kutluyayinevi.com\/magaza\/wp-json\/wp\/v2\/product_brand?post=20374"},{"taxonomy":"product_cat","embeddable":true,"href":"https:\/\/kutluyayinevi.com\/magaza\/wp-json\/wp\/v2\/product_cat?post=20374"},{"taxonomy":"product_tag","embeddable":true,"href":"https:\/\/kutluyayinevi.com\/magaza\/wp-json\/wp\/v2\/product_tag?post=20374"}],"curies":[{"name":"wp","href":"https:\/\/api.w.org\/{rel}","templated":true}]}}