{"id":20433,"date":"2021-03-22T17:00:55","date_gmt":"2021-03-22T14:00:55","guid":{"rendered":"https:\/\/kutluyayinevi.com\/magaza\/?post_type=product&#038;p=20433"},"modified":"2026-02-19T17:30:49","modified_gmt":"2026-02-19T14:30:49","slug":"egitim-yoneticisi-ve-ogretmenler-icin-yonetimde-protokol-kurallari-ve-kurumsal-iletisim-arif-dede","status":"publish","type":"product","link":"https:\/\/kutluyayinevi.com\/magaza\/urun\/egitim-yoneticisi-ve-ogretmenler-icin-yonetimde-protokol-kurallari-ve-kurumsal-iletisim-arif-dede\/","title":{"rendered":"E\u011fitim Y\u00f6neticisi ve \u00d6\u011fretmenler \u0130\u00e7in Y\u00f6netimde Protokol Kurallar\u0131 ve Kurumsal \u0130leti\u015fim &#8211; Arif Dede"},"content":{"rendered":"","protected":false},"excerpt":{"rendered":"<p>Okullarda e\u011fitim \u00f6\u011fretim faaliyetleri ve bu faaliyetlerin ayr\u0131lmaz par\u00e7as\u0131 olan toplant\u0131, t\u00f6ren, program ve etkinliklerde en \u00f6nemli unsur insan ve insani ili\u015fkilerdir. \u00d6\u011fretmenlerin ve y\u00f6neticilerin g\u00f6revlerini yaparken resmi ve sosyal ili\u015fkilerde ba\u015far\u0131l\u0131 olabilmeleri i\u00e7in protokol kurallar\u0131n\u0131 bilmeleri ve hatas\u0131z uygulamalar\u0131 \u00f6nemlidir. Emek ve zaman harcayarak yap\u0131lan \u00e7ok g\u00fczel bir etkinli\u011fin uygulanmas\u0131nda ve sunumunda yap\u0131lan protokol ve usul hatalar\u0131 nedeniyle, s\u00f6z konusu etkinlik davetlilerin, konuklar\u0131n ve kat\u0131l\u0131mc\u0131lar\u0131n ele\u015ftirilerine maruz kalmaktad\u0131r. \u015eirazl\u0131 \u015fair ve alim Sadi \u015e\u0130RAZ\u0130\u2019nin dedi\u011fi gibi: \u201cYANLI\u015e USLUP DO\u011eRU S\u00d6Z\u00dcN CELLADIDIR.\u201d<\/p>\n<p>\u00d6\u011fretmenlikten \u0130l Mill\u00ee E\u011fitim M\u00fcd\u00fcrl\u00fc\u011f\u00fc dahil bulundu\u011fum t\u00fcm g\u00f6revlerde ald\u0131\u011f\u0131m hizmet i\u00e7i e\u011fitim faaliyetlerinde edindi\u011fim teorik bilgilerle y\u00f6netici veya uygulay\u0131c\u0131 olarak kat\u0131ld\u0131\u011f\u0131m toplant\u0131, t\u00f6ren ve di\u011fer etkinliklerde edindi\u011fim bilgi ve tecr\u00fcbeleri; \u00f6rnek olaylarla destekleyerek bu kitab\u0131 ortaya \u00e7\u0131kard\u0131m. Gayret bizim takdir kadir\u015finas okuyucular\u0131nd\u0131r.<\/p>\n<p>Meslekta\u015flar\u0131ma ve bu konuya ilgi duyan herkese faydal\u0131 olmas\u0131n\u0131 diliyorum.<\/p>\n","protected":false},"featured_media":20436,"comment_status":"closed","ping_status":"closed","template":"","meta":[],"product_brand":[],"product_cat":[32],"product_tag":[],"class_list":{"0":"post-20433","1":"product","2":"type-product","3":"status-publish","4":"has-post-thumbnail","6":"product_cat-kisisel-gelisim","8":"first","9":"instock","10":"sale","11":"shipping-taxable","12":"purchasable","13":"product-type-simple"},"_links":{"self":[{"href":"https:\/\/kutluyayinevi.com\/magaza\/wp-json\/wp\/v2\/product\/20433","targetHints":{"allow":["GET"]}}],"collection":[{"href":"https:\/\/kutluyayinevi.com\/magaza\/wp-json\/wp\/v2\/product"}],"about":[{"href":"https:\/\/kutluyayinevi.com\/magaza\/wp-json\/wp\/v2\/types\/product"}],"replies":[{"embeddable":true,"href":"https:\/\/kutluyayinevi.com\/magaza\/wp-json\/wp\/v2\/comments?post=20433"}],"wp:featuredmedia":[{"embeddable":true,"href":"https:\/\/kutluyayinevi.com\/magaza\/wp-json\/wp\/v2\/media\/20436"}],"wp:attachment":[{"href":"https:\/\/kutluyayinevi.com\/magaza\/wp-json\/wp\/v2\/media?parent=20433"}],"wp:term":[{"taxonomy":"product_brand","embeddable":true,"href":"https:\/\/kutluyayinevi.com\/magaza\/wp-json\/wp\/v2\/product_brand?post=20433"},{"taxonomy":"product_cat","embeddable":true,"href":"https:\/\/kutluyayinevi.com\/magaza\/wp-json\/wp\/v2\/product_cat?post=20433"},{"taxonomy":"product_tag","embeddable":true,"href":"https:\/\/kutluyayinevi.com\/magaza\/wp-json\/wp\/v2\/product_tag?post=20433"}],"curies":[{"name":"wp","href":"https:\/\/api.w.org\/{rel}","templated":true}]}}