{"id":20449,"date":"2021-03-31T18:42:26","date_gmt":"2021-03-31T15:42:26","guid":{"rendered":"https:\/\/kutluyayinevi.com\/magaza\/?post_type=product&#038;p=20449"},"modified":"2025-01-31T13:29:32","modified_gmt":"2025-01-31T10:29:32","slug":"keloglan-ve-sigircik-kuslari-tahsin-melan","status":"publish","type":"product","link":"https:\/\/kutluyayinevi.com\/magaza\/urun\/keloglan-ve-sigircik-kuslari-tahsin-melan\/","title":{"rendered":"Kelo\u011flan ve S\u0131\u011f\u0131rc\u0131k Ku\u015flar\u0131 &#8211; Tahsin Melan"},"content":{"rendered":"","protected":false},"excerpt":{"rendered":"<p>Genellikle masal deyince her nedense devler, cinler, periler akla gelir. Oysa ger\u00e7eklerin yans\u0131t\u0131lmas\u0131yla da masallar yaz\u0131labilir.<\/p>\n<p>\u0130\u015fte elinizdeki bu masal kitab\u0131nda do\u011fa kanunlar\u0131n\u0131 yans\u0131tan ilgin\u00e7 olaylar\u0131n nas\u0131l kurgulan\u0131p masals\u0131 \u00f6gelere d\u00f6n\u00fc\u015ft\u00fc\u011f\u00fcn\u00fc g\u00f6receksiniz.<\/p>\n<p>Masal tad\u0131ndaki bu kurgu i\u00e7inde \u00e7ocuklar i\u00e7in \u201csevgi\u201d kavram\u0131 \u00e7er\u00e7evesinde pek \u00e7ok \u00f6\u011fretinin de bar\u0131nd\u0131\u011f\u0131na \u015fahit olacaks\u0131n\u0131z.<\/p>\n","protected":false},"featured_media":20450,"comment_status":"closed","ping_status":"closed","template":"","meta":[],"product_brand":[],"product_cat":[75],"product_tag":[],"class_list":{"0":"post-20449","1":"product","2":"type-product","3":"status-publish","4":"has-post-thumbnail","6":"product_cat-masal","8":"first","9":"instock","10":"sale","11":"shipping-taxable","12":"purchasable","13":"product-type-simple"},"_links":{"self":[{"href":"https:\/\/kutluyayinevi.com\/magaza\/wp-json\/wp\/v2\/product\/20449","targetHints":{"allow":["GET"]}}],"collection":[{"href":"https:\/\/kutluyayinevi.com\/magaza\/wp-json\/wp\/v2\/product"}],"about":[{"href":"https:\/\/kutluyayinevi.com\/magaza\/wp-json\/wp\/v2\/types\/product"}],"replies":[{"embeddable":true,"href":"https:\/\/kutluyayinevi.com\/magaza\/wp-json\/wp\/v2\/comments?post=20449"}],"wp:featuredmedia":[{"embeddable":true,"href":"https:\/\/kutluyayinevi.com\/magaza\/wp-json\/wp\/v2\/media\/20450"}],"wp:attachment":[{"href":"https:\/\/kutluyayinevi.com\/magaza\/wp-json\/wp\/v2\/media?parent=20449"}],"wp:term":[{"taxonomy":"product_brand","embeddable":true,"href":"https:\/\/kutluyayinevi.com\/magaza\/wp-json\/wp\/v2\/product_brand?post=20449"},{"taxonomy":"product_cat","embeddable":true,"href":"https:\/\/kutluyayinevi.com\/magaza\/wp-json\/wp\/v2\/product_cat?post=20449"},{"taxonomy":"product_tag","embeddable":true,"href":"https:\/\/kutluyayinevi.com\/magaza\/wp-json\/wp\/v2\/product_tag?post=20449"}],"curies":[{"name":"wp","href":"https:\/\/api.w.org\/{rel}","templated":true}]}}