{"id":20467,"date":"2021-04-06T15:17:49","date_gmt":"2021-04-06T12:17:49","guid":{"rendered":"https:\/\/kutluyayinevi.com\/magaza\/?post_type=product&#038;p=20467"},"modified":"2025-01-31T13:40:25","modified_gmt":"2025-01-31T10:40:25","slug":"sehr-i-ask-bursa-mustafa-emir-eldemir","status":"publish","type":"product","link":"https:\/\/kutluyayinevi.com\/magaza\/urun\/sehr-i-ask-bursa-mustafa-emir-eldemir\/","title":{"rendered":"\u015eehr-i A\u015fk &#8220;Bursa&#8221; &#8211; Mustafa Emir Eldemir"},"content":{"rendered":"","protected":false},"excerpt":{"rendered":"<p>S\u0131yr\u0131ld\u0131k her bir kederin aras\u0131ndan<br \/>\nBizleri yeti\u015ftiren \u015fehre adad\u0131k hayallerimizi<br \/>\nSevinci de h\u00fczn\u00fc de bir bir aralad\u0131k<br \/>\nBu \u015fehirde \u00e7ocuklu\u011fumuzun \u00e7\u0131rp\u0131nan mutlulu\u011funu<br \/>\nBu \u015fehre hasret ya\u015fayan gen\u00e7li\u011fimize b\u0131rakt\u0131k<\/p>\n","protected":false},"featured_media":20482,"comment_status":"closed","ping_status":"closed","template":"","meta":[],"product_brand":[],"product_cat":[22],"product_tag":[],"class_list":{"0":"post-20467","1":"product","2":"type-product","3":"status-publish","4":"has-post-thumbnail","6":"product_cat-siir","8":"first","9":"instock","10":"sale","11":"shipping-taxable","12":"purchasable","13":"product-type-simple"},"_links":{"self":[{"href":"https:\/\/kutluyayinevi.com\/magaza\/wp-json\/wp\/v2\/product\/20467","targetHints":{"allow":["GET"]}}],"collection":[{"href":"https:\/\/kutluyayinevi.com\/magaza\/wp-json\/wp\/v2\/product"}],"about":[{"href":"https:\/\/kutluyayinevi.com\/magaza\/wp-json\/wp\/v2\/types\/product"}],"replies":[{"embeddable":true,"href":"https:\/\/kutluyayinevi.com\/magaza\/wp-json\/wp\/v2\/comments?post=20467"}],"wp:featuredmedia":[{"embeddable":true,"href":"https:\/\/kutluyayinevi.com\/magaza\/wp-json\/wp\/v2\/media\/20482"}],"wp:attachment":[{"href":"https:\/\/kutluyayinevi.com\/magaza\/wp-json\/wp\/v2\/media?parent=20467"}],"wp:term":[{"taxonomy":"product_brand","embeddable":true,"href":"https:\/\/kutluyayinevi.com\/magaza\/wp-json\/wp\/v2\/product_brand?post=20467"},{"taxonomy":"product_cat","embeddable":true,"href":"https:\/\/kutluyayinevi.com\/magaza\/wp-json\/wp\/v2\/product_cat?post=20467"},{"taxonomy":"product_tag","embeddable":true,"href":"https:\/\/kutluyayinevi.com\/magaza\/wp-json\/wp\/v2\/product_tag?post=20467"}],"curies":[{"name":"wp","href":"https:\/\/api.w.org\/{rel}","templated":true}]}}