{"id":20472,"date":"2021-04-06T15:42:02","date_gmt":"2021-04-06T12:42:02","guid":{"rendered":"https:\/\/kutluyayinevi.com\/magaza\/?post_type=product&#038;p=20472"},"modified":"2025-01-31T13:46:00","modified_gmt":"2025-01-31T10:46:00","slug":"gecmisten-gelecege-21-yuzyilda-turkiye-sinan-basaran","status":"publish","type":"product","link":"https:\/\/kutluyayinevi.com\/magaza\/urun\/gecmisten-gelecege-21-yuzyilda-turkiye-sinan-basaran\/","title":{"rendered":"Ge\u00e7mi\u015ften Gelece\u011fe &#8211; 21. Y\u00fczy\u0131lda T\u00fcrkiye &#8211; Sinan Ba\u015faran"},"content":{"rendered":"","protected":false},"excerpt":{"rendered":"<p>\u015eanl\u0131 tarihimizi, yak\u0131n tarihimizde kurmu\u015f oldu\u011fumuz en \u00f6nemli devlet olan Osmanl\u0131 \u0130mparatorlu\u011funu bize unutturmaya, unutturamasa bile i\u015fi suland\u0131rmaya ve zihinlerimizi buland\u0131rmaya \u00e7al\u0131\u015fan \u00e7arp\u0131k tarih anlay\u0131\u015f\u0131n\u0131 ve bu tarih \u00f6\u011fretim ve e\u011fitimini de\u011fi\u015ftirmek zorunday\u0131z. B\u00f6lgemizde ve d\u00fcnyada oynanan t\u00fcm entrikalar\u0131 ve oyunlar\u0131 durdurman\u0131n tek yolu, oyun kurucu olmakt\u0131r. Oyun kurucu olman\u0131n yolu da, yeniden Osmanl\u0131 gibi d\u00fc\u015f\u00fcnmek ve bu sayede tarihteki belirleyici konumumuzu tekrar elde etmektir.<\/p>\n<p>Bir di\u011fer belirleyici g\u00fcc\u00fcm\u00fcz, \u00e7\u0131\u011f gibi gelen gen\u00e7li\u011fimizdir. Onlar\u0131n k\u0131ymetini bilmeliyiz. K\u0131ymetlerini bilelim ki; t\u00fcm d\u00fcnyada \u2018Z ku\u015fa\u011f\u0131\u2019 olarak tan\u0131mlanan bug\u00fcnk\u00fc gen\u00e7li\u011fimizi, ge\u00e7mi\u015fte, 1970\u2019li y\u0131llardaki gibi heba etmeyelim. Onlar\u0131n oyuna gelmemesi ve saplant\u0131l\u0131 ideolojilere ve marjinal gruplara alet olmamalar\u0131 i\u00e7in sorgulay\u0131c\u0131 ve verimli bir e\u011fitim sistemini devreye sokal\u0131m.<\/p>\n<p>Unutmayal\u0131m: Her \u015feye ra\u011fmen, gelecek bizimdir. \u00dcstad Necip Faz\u0131l\u2019\u0131n etkileyici dizelerindeki gibi: \u2018\u2019Yar\u0131n, elbet bizim, elbet bizimdir! G\u00fcn do\u011fmu\u015f, g\u00fcn batm\u0131\u015f, ebed bizimdir!\u2019\u2019<\/p>\n","protected":false},"featured_media":20480,"comment_status":"closed","ping_status":"closed","template":"","meta":[],"product_brand":[],"product_cat":[26],"product_tag":[],"class_list":{"0":"post-20472","1":"product","2":"type-product","3":"status-publish","4":"has-post-thumbnail","6":"product_cat-deneme","8":"first","9":"instock","10":"sale","11":"shipping-taxable","12":"purchasable","13":"product-type-simple"},"_links":{"self":[{"href":"https:\/\/kutluyayinevi.com\/magaza\/wp-json\/wp\/v2\/product\/20472","targetHints":{"allow":["GET"]}}],"collection":[{"href":"https:\/\/kutluyayinevi.com\/magaza\/wp-json\/wp\/v2\/product"}],"about":[{"href":"https:\/\/kutluyayinevi.com\/magaza\/wp-json\/wp\/v2\/types\/product"}],"replies":[{"embeddable":true,"href":"https:\/\/kutluyayinevi.com\/magaza\/wp-json\/wp\/v2\/comments?post=20472"}],"wp:featuredmedia":[{"embeddable":true,"href":"https:\/\/kutluyayinevi.com\/magaza\/wp-json\/wp\/v2\/media\/20480"}],"wp:attachment":[{"href":"https:\/\/kutluyayinevi.com\/magaza\/wp-json\/wp\/v2\/media?parent=20472"}],"wp:term":[{"taxonomy":"product_brand","embeddable":true,"href":"https:\/\/kutluyayinevi.com\/magaza\/wp-json\/wp\/v2\/product_brand?post=20472"},{"taxonomy":"product_cat","embeddable":true,"href":"https:\/\/kutluyayinevi.com\/magaza\/wp-json\/wp\/v2\/product_cat?post=20472"},{"taxonomy":"product_tag","embeddable":true,"href":"https:\/\/kutluyayinevi.com\/magaza\/wp-json\/wp\/v2\/product_tag?post=20472"}],"curies":[{"name":"wp","href":"https:\/\/api.w.org\/{rel}","templated":true}]}}