{"id":20474,"date":"2021-04-06T15:52:14","date_gmt":"2021-04-06T12:52:14","guid":{"rendered":"https:\/\/kutluyayinevi.com\/magaza\/?post_type=product&#038;p=20474"},"modified":"2025-01-31T13:23:04","modified_gmt":"2025-01-31T10:23:04","slug":"ask-i-muebbed-huzun-ve-sevda-siirleri-fikret-genli","status":"publish","type":"product","link":"https:\/\/kutluyayinevi.com\/magaza\/urun\/ask-i-muebbed-huzun-ve-sevda-siirleri-fikret-genli\/","title":{"rendered":"A\u015fk-\u0131 M\u00fcebbed &#8211; H\u00fcz\u00fcn ve Sevda \u015eiirleri &#8211; Fikret Genli"},"content":{"rendered":"","protected":false},"excerpt":{"rendered":"<p>Y\u00fcrekler aras\u0131 bir yolculuktur \u015fiir.<br \/>\nHer dura\u011f\u0131nda ayr\u0131 bir renk ayr\u0131 bir tat olan.<br \/>\nBazen sevda dura\u011f\u0131nda a\u015fk\u0131n bam telinde mutlulukla dolar,<br \/>\nbazen de h\u00fcz\u00fcn dura\u011f\u0131nda ac\u0131yla yanar insan.<br \/>\nG\u00f6n\u00fcl yolculu\u011fumun her dura\u011f\u0131nda h\u00fczn\u00fcme ve sevdama dair y\u00fcre\u011fimden kalemime d\u00f6k\u00fclenleri sizlerle payla\u015fmak istedim.<br \/>\nA\u015fkla ve mutlulukla yol al\u0131n&#8230;<\/p>\n","protected":false},"featured_media":20479,"comment_status":"closed","ping_status":"closed","template":"","meta":[],"product_brand":[],"product_cat":[22],"product_tag":[],"class_list":{"0":"post-20474","1":"product","2":"type-product","3":"status-publish","4":"has-post-thumbnail","6":"product_cat-siir","8":"first","9":"instock","10":"sale","11":"shipping-taxable","12":"purchasable","13":"product-type-simple"},"_links":{"self":[{"href":"https:\/\/kutluyayinevi.com\/magaza\/wp-json\/wp\/v2\/product\/20474","targetHints":{"allow":["GET"]}}],"collection":[{"href":"https:\/\/kutluyayinevi.com\/magaza\/wp-json\/wp\/v2\/product"}],"about":[{"href":"https:\/\/kutluyayinevi.com\/magaza\/wp-json\/wp\/v2\/types\/product"}],"replies":[{"embeddable":true,"href":"https:\/\/kutluyayinevi.com\/magaza\/wp-json\/wp\/v2\/comments?post=20474"}],"wp:featuredmedia":[{"embeddable":true,"href":"https:\/\/kutluyayinevi.com\/magaza\/wp-json\/wp\/v2\/media\/20479"}],"wp:attachment":[{"href":"https:\/\/kutluyayinevi.com\/magaza\/wp-json\/wp\/v2\/media?parent=20474"}],"wp:term":[{"taxonomy":"product_brand","embeddable":true,"href":"https:\/\/kutluyayinevi.com\/magaza\/wp-json\/wp\/v2\/product_brand?post=20474"},{"taxonomy":"product_cat","embeddable":true,"href":"https:\/\/kutluyayinevi.com\/magaza\/wp-json\/wp\/v2\/product_cat?post=20474"},{"taxonomy":"product_tag","embeddable":true,"href":"https:\/\/kutluyayinevi.com\/magaza\/wp-json\/wp\/v2\/product_tag?post=20474"}],"curies":[{"name":"wp","href":"https:\/\/api.w.org\/{rel}","templated":true}]}}