{"id":20477,"date":"2021-04-06T15:56:21","date_gmt":"2021-04-06T12:56:21","guid":{"rendered":"https:\/\/kutluyayinevi.com\/magaza\/?post_type=product&#038;p=20477"},"modified":"2026-02-27T15:02:17","modified_gmt":"2026-02-27T12:02:17","slug":"bir-hiyerarside-vuruluyorum-mustafa-emre-kamis","status":"publish","type":"product","link":"https:\/\/kutluyayinevi.com\/magaza\/urun\/bir-hiyerarside-vuruluyorum-mustafa-emre-kamis\/","title":{"rendered":"Bir Hiyerar\u015fide Vuruluyorum &#8211; Mustafa Emre Kam\u0131\u015f"},"content":{"rendered":"","protected":false},"excerpt":{"rendered":"<p>Aksini iddia edenler olabilir ama. Her \u00e7ocuk \u015fiir yazar. Anlam\u0131 olmayan c\u00fcmleleri bir araya getirerek kendince bir mana yarat\u0131r. Ve bu mana pe\u015finde ko\u015fturur durur. O y\u00fczden \u015fiir yazmaya devam edenlerin \u00e7ocuklu\u011fa \u00f6zlem duyduklar\u0131na yemin edebilirim. Bir \u00e7ocuk konu\u015fmadan evvel akl\u0131ndan ne muazzam \u015fiirler ge\u00e7irmi\u015ftir. D\u00fcnyan\u0131n en g\u00fczel \u015fiiri onun yan\u0131na bile yakla\u015famaz.<\/p>\n<p>Gel zaman git zaman d\u00fcnya gailesi ile \u015fiir yazmay\u0131, bir resme bakmay\u0131, insanca ve adaletli davranmay\u0131 k\u00fc\u00e7\u00fcmseyen kelli felli ya\u015fl\u0131 adamlar bize \u015fiiri unutturuverir. Bizde de hata olmas\u0131 muhtemeldir. \u00c7\u00fcnk\u00fc yeterince fazla oldu\u011fumuzu g\u00f6sterememi\u015fizdir. O y\u00fczden g\u00f6kku\u015fa\u011f\u0131 gibi \u00e7ocuklar g\u0131pgri yeti\u015fkinlerin elinde solar durur. Ve bu d\u00f6ng\u00fc -istisnas\u0131z- hep b\u00f6yle devam eder.<\/p>\n<p>\u015eiir bu d\u00fcnyan\u0131n yang\u0131n merdivenidir efendiler! D\u00fczeni y\u0131kmaz, iyile\u015ftirmez, kar\u0131n doyurmaz ama insanlara \u00e7ocuklu\u011funu hat\u0131rlat\u0131r. Hayata do\u011frudan bakmay\u0131. O ilk andaki gibi sadece g\u00f6rd\u00fc\u011f\u00fcn\u00fc anlatmay\u0131. Kendili\u011finden bir anlam yaratmay\u0131 \u00f6\u011fretir.<\/p>\n","protected":false},"featured_media":20478,"comment_status":"closed","ping_status":"closed","template":"","meta":[],"product_brand":[],"product_cat":[22],"product_tag":[],"class_list":{"0":"post-20477","1":"product","2":"type-product","3":"status-publish","4":"has-post-thumbnail","6":"product_cat-siir","8":"first","9":"outofstock","10":"sale","11":"shipping-taxable","12":"purchasable","13":"product-type-simple"},"_links":{"self":[{"href":"https:\/\/kutluyayinevi.com\/magaza\/wp-json\/wp\/v2\/product\/20477","targetHints":{"allow":["GET"]}}],"collection":[{"href":"https:\/\/kutluyayinevi.com\/magaza\/wp-json\/wp\/v2\/product"}],"about":[{"href":"https:\/\/kutluyayinevi.com\/magaza\/wp-json\/wp\/v2\/types\/product"}],"replies":[{"embeddable":true,"href":"https:\/\/kutluyayinevi.com\/magaza\/wp-json\/wp\/v2\/comments?post=20477"}],"wp:featuredmedia":[{"embeddable":true,"href":"https:\/\/kutluyayinevi.com\/magaza\/wp-json\/wp\/v2\/media\/20478"}],"wp:attachment":[{"href":"https:\/\/kutluyayinevi.com\/magaza\/wp-json\/wp\/v2\/media?parent=20477"}],"wp:term":[{"taxonomy":"product_brand","embeddable":true,"href":"https:\/\/kutluyayinevi.com\/magaza\/wp-json\/wp\/v2\/product_brand?post=20477"},{"taxonomy":"product_cat","embeddable":true,"href":"https:\/\/kutluyayinevi.com\/magaza\/wp-json\/wp\/v2\/product_cat?post=20477"},{"taxonomy":"product_tag","embeddable":true,"href":"https:\/\/kutluyayinevi.com\/magaza\/wp-json\/wp\/v2\/product_tag?post=20477"}],"curies":[{"name":"wp","href":"https:\/\/api.w.org\/{rel}","templated":true}]}}