{"id":20595,"date":"2021-04-14T09:49:28","date_gmt":"2021-04-14T06:49:28","guid":{"rendered":"https:\/\/kutluyayinevi.com\/magaza\/?post_type=product&#038;p=20595"},"modified":"2025-01-31T13:30:31","modified_gmt":"2025-01-31T10:30:31","slug":"cins-i-latif-naciye-tekerek","status":"publish","type":"product","link":"https:\/\/kutluyayinevi.com\/magaza\/urun\/cins-i-latif-naciye-tekerek\/","title":{"rendered":"Cins-i Latif &#8211; Naciye Tekerek"},"content":{"rendered":"","protected":false},"excerpt":{"rendered":"<p>Ah!<br \/>\nBiz kad\u0131nlar&#8230;<br \/>\nAk\u0131ll\u0131, ruhu dingin, t\u00fcm g\u00fczelliklere, zarafetlere ilham veren varl\u0131k.<br \/>\nKendin ol!<br \/>\nKendi g\u00fcc\u00fcn\u00fcn fark\u0131na var. T\u00fcm kainat\u0131n \u00f6n\u00fcnde diz \u00e7\u00f6k\u00fc\u015f\u00fcne izin ver ki ihti\u015fam\u0131n d\u00fcnyaya \u0131\u015f\u0131k sa\u00e7s\u0131n.<br \/>\nSizlere sesleniyorum.<br \/>\nSesime kulak verin!<br \/>\nKad\u0131nlar&#8230;<br \/>\nEvet evet! Kad\u0131nlar&#8230;<br \/>\nRuhun ve zekan\u0131n birbiriyle kayna\u015ft\u0131\u011f\u0131 bir kar tanesi gibi bembeyaz ve tertemiz ba\u015ftan aya\u011f\u0131 g\u00fczelli\u011fi i\u00e7inde bar\u0131nd\u0131ran o muhte\u015fem insan.<br \/>\nCennet bile aya\u011f\u0131n\u0131n alt\u0131na serilmi\u015f var olu\u015fu kusursuz mabet.<br \/>\nSevgin, a\u015f\u0131klara mazhar olmu\u015f, \u015fiirlere destan olmu\u015f, hikayelere roman olmu\u015f&#8230;<br \/>\nAhhh!<br \/>\nBiz kad\u0131nlar, tabi tabi! Biz kad\u0131nlar&#8230;<br \/>\nFevkalade Cins-i Latifler&#8230;.<\/p>\n","protected":false},"featured_media":20596,"comment_status":"closed","ping_status":"closed","template":"","meta":[],"product_brand":[],"product_cat":[26],"product_tag":[],"class_list":{"0":"post-20595","1":"product","2":"type-product","3":"status-publish","4":"has-post-thumbnail","6":"product_cat-deneme","8":"first","9":"instock","10":"sale","11":"shipping-taxable","12":"purchasable","13":"product-type-simple"},"_links":{"self":[{"href":"https:\/\/kutluyayinevi.com\/magaza\/wp-json\/wp\/v2\/product\/20595","targetHints":{"allow":["GET"]}}],"collection":[{"href":"https:\/\/kutluyayinevi.com\/magaza\/wp-json\/wp\/v2\/product"}],"about":[{"href":"https:\/\/kutluyayinevi.com\/magaza\/wp-json\/wp\/v2\/types\/product"}],"replies":[{"embeddable":true,"href":"https:\/\/kutluyayinevi.com\/magaza\/wp-json\/wp\/v2\/comments?post=20595"}],"wp:featuredmedia":[{"embeddable":true,"href":"https:\/\/kutluyayinevi.com\/magaza\/wp-json\/wp\/v2\/media\/20596"}],"wp:attachment":[{"href":"https:\/\/kutluyayinevi.com\/magaza\/wp-json\/wp\/v2\/media?parent=20595"}],"wp:term":[{"taxonomy":"product_brand","embeddable":true,"href":"https:\/\/kutluyayinevi.com\/magaza\/wp-json\/wp\/v2\/product_brand?post=20595"},{"taxonomy":"product_cat","embeddable":true,"href":"https:\/\/kutluyayinevi.com\/magaza\/wp-json\/wp\/v2\/product_cat?post=20595"},{"taxonomy":"product_tag","embeddable":true,"href":"https:\/\/kutluyayinevi.com\/magaza\/wp-json\/wp\/v2\/product_tag?post=20595"}],"curies":[{"name":"wp","href":"https:\/\/api.w.org\/{rel}","templated":true}]}}