{"id":20666,"date":"2021-05-27T14:48:28","date_gmt":"2021-05-27T11:48:28","guid":{"rendered":"https:\/\/kutluyayinevi.com\/magaza\/?post_type=product&#038;p=20666"},"modified":"2025-02-04T10:30:21","modified_gmt":"2025-02-04T07:30:21","slug":"siir-perisi-eslem-demir","status":"publish","type":"product","link":"https:\/\/kutluyayinevi.com\/magaza\/urun\/siir-perisi-eslem-demir\/","title":{"rendered":"\u015eiir Perisi &#8211; Eslem Demir"},"content":{"rendered":"","protected":false},"excerpt":{"rendered":"<p>Y\u0131k\u0131lan hayallerin, k\u0131r\u0131lan g\u00fcvenin, mahvolmu\u015f hayat\u0131n bir zelzelesini ya\u015far insan&#8230;<\/p>\n<p>D\u00fc\u015ft\u00fcm derken yeniden kalkars\u0131n. Kayboldum derken yeniden bulursun kendini. Atars\u0131n kendini bir yaln\u0131zl\u0131\u011fa, i\u00e7inde kaybolursun. Bir daire \u00e7izersin kendine o yaln\u0131zl\u0131\u011f\u0131n\u0131n i\u00e7inde. Sana sen yeterken biri girer o \u00e7izgine. Alt\u00fcst eder her \u015feyi mahveder.<\/p>\n<p>Atars\u0131n her \u015feyi i\u00e7ine ve susars\u0131n. Sen susunca daha \u00e7ok gelirler \u00fczerine, daha \u00e7ok kanat\u0131rlar, daha \u00e7ok y\u0131prat\u0131rlar ve bunlar hep daha \u00e7okla devam eder. Bir g\u00fcn bakars\u0131n daha \u00e7ok kanam\u0131\u015f i\u00e7in ve daha \u00e7ok a\u011flars\u0131n.<br \/>\nS\u00f6z verirsin ama s\u00f6z\u00fcnde duramazs\u0131n.<br \/>\nOlmaz dersin olur, yapmam dersin yapars\u0131n her \u015feyi.<br \/>\nSonra bi&#8217; bakars\u0131n her \u015fey ge\u00e7ip gitmi\u015f, f\u0131rt\u0131nalar kopmu\u015f, herkes gitmi\u015f mant\u0131\u011f\u0131n bitmi\u015f, kalbin k\u0131r\u0131lm\u0131\u015f, \u00fcmitlerin kalmam\u0131\u015f, hayallerin suya d\u00fc\u015fm\u00fc\u015f.<br \/>\nSonu\u00e7 olarak sen kendini kendi ellerinle bitirirsin, belki hi\u00e7 de\u011fmeyecek birine belki de hi\u00e7 gelmeyecek birine.<\/p>\n<p>Bitti\u011fin anda bir ka\u011f\u0131t kalem al\u0131rs\u0131n eline. Kalemin y\u00fcre\u011fin olur anlat\u0131r sana her \u015feyi. G\u00f6zlerinin \u00f6n\u00fcne serer yanl\u0131\u015flar\u0131n\u0131. Defterin tertemiz sayfan olur, kalemle yazar, yanl\u0131\u015flar\u0131n\u0131 silginle silersin. Yazd\u0131k\u00e7a \u00e7o\u011fal\u0131r hatalar\u0131n ama sildik\u00e7e azal\u0131r. Sen de \u00f6ylesin benim i\u00e7in. Ben seni yazd\u0131k\u00e7a anlad\u0131m bir \u00e7ok \u015feyi ama bir t\u00fcrl\u00fc silmeyi \u00f6\u011frenemedim.<\/p>\n","protected":false},"featured_media":20667,"comment_status":"closed","ping_status":"closed","template":"","meta":[],"product_brand":[],"product_cat":[22],"product_tag":[],"class_list":{"0":"post-20666","1":"product","2":"type-product","3":"status-publish","4":"has-post-thumbnail","6":"product_cat-siir","8":"first","9":"instock","10":"sale","11":"shipping-taxable","12":"purchasable","13":"product-type-simple"},"_links":{"self":[{"href":"https:\/\/kutluyayinevi.com\/magaza\/wp-json\/wp\/v2\/product\/20666","targetHints":{"allow":["GET"]}}],"collection":[{"href":"https:\/\/kutluyayinevi.com\/magaza\/wp-json\/wp\/v2\/product"}],"about":[{"href":"https:\/\/kutluyayinevi.com\/magaza\/wp-json\/wp\/v2\/types\/product"}],"replies":[{"embeddable":true,"href":"https:\/\/kutluyayinevi.com\/magaza\/wp-json\/wp\/v2\/comments?post=20666"}],"wp:featuredmedia":[{"embeddable":true,"href":"https:\/\/kutluyayinevi.com\/magaza\/wp-json\/wp\/v2\/media\/20667"}],"wp:attachment":[{"href":"https:\/\/kutluyayinevi.com\/magaza\/wp-json\/wp\/v2\/media?parent=20666"}],"wp:term":[{"taxonomy":"product_brand","embeddable":true,"href":"https:\/\/kutluyayinevi.com\/magaza\/wp-json\/wp\/v2\/product_brand?post=20666"},{"taxonomy":"product_cat","embeddable":true,"href":"https:\/\/kutluyayinevi.com\/magaza\/wp-json\/wp\/v2\/product_cat?post=20666"},{"taxonomy":"product_tag","embeddable":true,"href":"https:\/\/kutluyayinevi.com\/magaza\/wp-json\/wp\/v2\/product_tag?post=20666"}],"curies":[{"name":"wp","href":"https:\/\/api.w.org\/{rel}","templated":true}]}}