{"id":20680,"date":"2021-05-28T12:26:44","date_gmt":"2021-05-28T09:26:44","guid":{"rendered":"https:\/\/kutluyayinevi.com\/magaza\/?post_type=product&#038;p=20680"},"modified":"2025-01-31T13:29:56","modified_gmt":"2025-01-31T10:29:56","slug":"bir-turkun-kibris-anilari-betul-isik","status":"publish","type":"product","link":"https:\/\/kutluyayinevi.com\/magaza\/urun\/bir-turkun-kibris-anilari-betul-isik\/","title":{"rendered":"Bir T\u00fcrk&#8217;\u00fcn K\u0131br\u0131s An\u0131lar\u0131 &#8211; Bet\u00fcl I\u015f\u0131k"},"content":{"rendered":"","protected":false},"excerpt":{"rendered":"<p>Niyazi ve Sevim, \u0130stanbul ve Tuzla\u2019da (K\u0131br\u0131s) zor \u015fartlar alt\u0131nda b\u00fcy\u00fcm\u00fc\u015flerdi. \u2018\u2019E\u011fitim evlad\u0131m, e\u011fitim.\u2019\u2019 c\u00fcmlesi, Tuzla\u2019dan ayr\u0131lan ve yeni bir hayata ba\u015flayan Niyazi\u2019nin akl\u0131na kaz\u0131nm\u0131\u015ft\u0131. Yolu Sevim\u2019le kesi\u015fen ve ona a\u015f\u0131k olan Niyazi&#8217;nin, yeni yolculuklar\u0131na ve \u00f6zg\u00fcr hayatlar\u0131na ba\u015flamadan \u00f6nce \u00fcstesinden gelmesi gereken bir zorluk vard\u0131.<\/p>\n<p>Tarih, ger\u00e7eklik ve macerayla \u00f6rt\u00fcl\u00fc bu biyografi; hayatlar\u0131n, a\u015fklar\u0131n, ili\u015fkilerin ve sabredilen zorluklar\u0131n bir tasviri niteli\u011findedir.<\/p>\n<p>YAZAR HAKKINDA:<br \/>\nBet\u00fcl I\u015eIK, 1970 y\u0131l\u0131nda Londra\u2019da d\u00fcnyaya geldi. Surrey \u00dcniversitesi\u2019nde \u0130ngiliz Edebiyat\u0131 b\u00f6l\u00fcm\u00fcn\u00fc bitirip Goldsmiths\u2019de formasyonunu tamamlad\u0131. Londra, Ankara, \u0130stanbul ve Viyana\u2019da e\u011fitimler verdi. \u015eu anda h\u00e2l\u00e2 e\u011fitim vermekte oldu\u011fu Kent \u015fehrinde \u00f6\u011fretimini s\u00fcrd\u00fcrmekte. \u2018\u2019Annemin ve babam\u0131n hi\u00e7 duyulmam\u0131\u015f hikayesini anlatmak ve hat\u0131ralar\u0131n\u0131 Bir K\u0131br\u0131s T\u00fcrk\u2019\u00fcn\u00fcn An\u0131lar\u0131\u2019nda miras olarak b\u0131rakmak uzun bir s\u00fcredir hayalimdi.\u2019\u2019<\/p>\n<p>\u00c7EV\u0130RMEN HAKKINDA:<br \/>\nMerve Sultan VURAL, Pamukkale \u00dcniversitesi \u0130ngiliz Dili ve Edebiyat\u0131 lisans b\u00f6l\u00fcm\u00fc mezunu. T\u00fcrkiye E\u011fitim G\u00f6n\u00fcll\u00fcleri Vakf\u0131 (Denizli), Atat\u00fcrk Mesleki ve Teknik Anadolu Lisesi (Denizli), Amerikan K\u00fclt\u00fcr Derne\u011fi Dil Okullar\u0131 (Ankara) kurumlar\u0131nda \u0130ngilizce \u00d6\u011fretmenli\u011fi yapt\u0131. \u0130ngilizce-T\u00fcrk\u00e7e dillerinde kar\u015f\u0131l\u0131kl\u0131 olarak kitap \u00e7evirileri yapmakta.<\/p>\n","protected":false},"featured_media":20681,"comment_status":"closed","ping_status":"closed","template":"","meta":[],"product_brand":[],"product_cat":[52],"product_tag":[],"class_list":{"0":"post-20680","1":"product","2":"type-product","3":"status-publish","4":"has-post-thumbnail","6":"product_cat-ani","8":"first","9":"instock","10":"sale","11":"shipping-taxable","12":"purchasable","13":"product-type-simple"},"_links":{"self":[{"href":"https:\/\/kutluyayinevi.com\/magaza\/wp-json\/wp\/v2\/product\/20680","targetHints":{"allow":["GET"]}}],"collection":[{"href":"https:\/\/kutluyayinevi.com\/magaza\/wp-json\/wp\/v2\/product"}],"about":[{"href":"https:\/\/kutluyayinevi.com\/magaza\/wp-json\/wp\/v2\/types\/product"}],"replies":[{"embeddable":true,"href":"https:\/\/kutluyayinevi.com\/magaza\/wp-json\/wp\/v2\/comments?post=20680"}],"wp:featuredmedia":[{"embeddable":true,"href":"https:\/\/kutluyayinevi.com\/magaza\/wp-json\/wp\/v2\/media\/20681"}],"wp:attachment":[{"href":"https:\/\/kutluyayinevi.com\/magaza\/wp-json\/wp\/v2\/media?parent=20680"}],"wp:term":[{"taxonomy":"product_brand","embeddable":true,"href":"https:\/\/kutluyayinevi.com\/magaza\/wp-json\/wp\/v2\/product_brand?post=20680"},{"taxonomy":"product_cat","embeddable":true,"href":"https:\/\/kutluyayinevi.com\/magaza\/wp-json\/wp\/v2\/product_cat?post=20680"},{"taxonomy":"product_tag","embeddable":true,"href":"https:\/\/kutluyayinevi.com\/magaza\/wp-json\/wp\/v2\/product_tag?post=20680"}],"curies":[{"name":"wp","href":"https:\/\/api.w.org\/{rel}","templated":true}]}}