{"id":20684,"date":"2021-05-28T12:37:33","date_gmt":"2021-05-28T09:37:33","guid":{"rendered":"https:\/\/kutluyayinevi.com\/magaza\/?post_type=product&#038;p=20684"},"modified":"2025-02-04T10:48:53","modified_gmt":"2025-02-04T07:48:53","slug":"dizelerin-sesi-her-telden-siirler-tahsin-melan","status":"publish","type":"product","link":"https:\/\/kutluyayinevi.com\/magaza\/urun\/dizelerin-sesi-her-telden-siirler-tahsin-melan\/","title":{"rendered":"Dizelerin Sesi &#8211; Her Telden \u015eiirler &#8211; Tahsin Melan"},"content":{"rendered":"","protected":false},"excerpt":{"rendered":"<p>Bir yerde \u015fiir okunuyorsa orada sevgi ve sayg\u0131 doruk noktas\u0131na \u00e7\u0131km\u0131\u015f demektir. \u00c7\u00fcnk\u00fc \u015fiir, duygular\u0131n ve sevgilerin doru\u011funda bar\u0131n\u0131r.<\/p>\n","protected":false},"featured_media":20685,"comment_status":"closed","ping_status":"closed","template":"","meta":[],"product_brand":[],"product_cat":[22],"product_tag":[],"class_list":{"0":"post-20684","1":"product","2":"type-product","3":"status-publish","4":"has-post-thumbnail","6":"product_cat-siir","8":"first","9":"instock","10":"sale","11":"shipping-taxable","12":"purchasable","13":"product-type-simple"},"_links":{"self":[{"href":"https:\/\/kutluyayinevi.com\/magaza\/wp-json\/wp\/v2\/product\/20684","targetHints":{"allow":["GET"]}}],"collection":[{"href":"https:\/\/kutluyayinevi.com\/magaza\/wp-json\/wp\/v2\/product"}],"about":[{"href":"https:\/\/kutluyayinevi.com\/magaza\/wp-json\/wp\/v2\/types\/product"}],"replies":[{"embeddable":true,"href":"https:\/\/kutluyayinevi.com\/magaza\/wp-json\/wp\/v2\/comments?post=20684"}],"wp:featuredmedia":[{"embeddable":true,"href":"https:\/\/kutluyayinevi.com\/magaza\/wp-json\/wp\/v2\/media\/20685"}],"wp:attachment":[{"href":"https:\/\/kutluyayinevi.com\/magaza\/wp-json\/wp\/v2\/media?parent=20684"}],"wp:term":[{"taxonomy":"product_brand","embeddable":true,"href":"https:\/\/kutluyayinevi.com\/magaza\/wp-json\/wp\/v2\/product_brand?post=20684"},{"taxonomy":"product_cat","embeddable":true,"href":"https:\/\/kutluyayinevi.com\/magaza\/wp-json\/wp\/v2\/product_cat?post=20684"},{"taxonomy":"product_tag","embeddable":true,"href":"https:\/\/kutluyayinevi.com\/magaza\/wp-json\/wp\/v2\/product_tag?post=20684"}],"curies":[{"name":"wp","href":"https:\/\/api.w.org\/{rel}","templated":true}]}}