{"id":20712,"date":"2021-06-10T13:03:25","date_gmt":"2021-06-10T10:03:25","guid":{"rendered":"https:\/\/kutluyayinevi.com\/magaza\/?post_type=product&#038;p=20712"},"modified":"2025-01-31T13:28:18","modified_gmt":"2025-01-31T10:28:18","slug":"insan-ve-toplum-suleyman-uluturk","status":"publish","type":"product","link":"https:\/\/kutluyayinevi.com\/magaza\/urun\/insan-ve-toplum-suleyman-uluturk\/","title":{"rendered":"\u0130nsan ve Toplum &#8211; S\u00fcleyman Ulut\u00fcrk"},"content":{"rendered":"","protected":false},"excerpt":{"rendered":"<p>\u0130nsanlar, birbirleriyle yak\u0131n ili\u015fkiler i\u00e7indedir. Bu ili\u015fkiler, d\u00fczenli ve uyumlu oldu\u011fu s\u00fcrece hem bireyler hem de toplum huzurlu ve g\u00fcvenli olur. \u0130li\u015fkilerin bozulmas\u0131 ise huzursuzluklara ve g\u00fcvensizli\u011fe yol a\u00e7ar.<\/p>\n<p>Bu nedenle ilahi kitaplar\u0131n hemen hepsinde su\u00e7 ve ceza kavramlar\u0131 vard\u0131r. \u0130yi ve g\u00fczel i\u015fler yapanlar\u0131n \u00f6d\u00fcllendirilece\u011fi, Tanr\u0131\u2019n\u0131n emirlerine kar\u015f\u0131 gelenlerin cezaland\u0131r\u0131laca\u011f\u0131 vurgulan\u0131r.<\/p>\n<p>Medeni bir insan, tabii olaylar\u0131n, tabiat kanunlar\u0131n\u0131n \u00e7er\u00e7evesi d\u00e2hilinde sebep-sonu\u00e7 ili\u015fkileri i\u00e7inde meydana geldi\u011fini bilir. Bu ba\u011flamda tarlada izi olmayan\u0131n harmanda g\u00f6z\u00fc olmayaca\u011f\u0131n\u0131, ekim yapmadan mahsul bi\u00e7ilemeyece\u011fini de kabul eder.<\/p>\n<p>Gen\u00e7lik, bir insan\u0131n en dinamik \u00e7a\u011f\u0131d\u0131r. Bu nedenle gen\u00e7li\u011fi madden ve manen ipotek alt\u0131na almak isteyen odaklar, \u00e7al\u0131\u015fmalar\u0131n\u0131 gen\u00e7ler \u00fczerinde yo\u011funla\u015ft\u0131r\u0131rlar.<\/p>\n<p>Tanr\u0131\u2019n\u0131n insana verdi\u011fi hayat, f\u0131rsatlar\u0131n en b\u00fcy\u00fc\u011f\u00fcd\u00fcr. Kendinizi k\u00fc\u00e7\u00fcmsemeyin. Bir milyarder i\u015f insan\u0131, bir futbol y\u0131ld\u0131z\u0131, s\u00fcper bir sanat\u00e7\u0131 olmayabilirsiniz. Fakat siz de kendi alan\u0131n\u0131zda ba\u015far\u0131l\u0131 ve \u00f6nemli bir ki\u015fi olabilirsiniz. Yeter ki kendinize inan\u0131n ve g\u00fcvenin\u2026<\/p>\n","protected":false},"featured_media":20713,"comment_status":"closed","ping_status":"closed","template":"","meta":[],"product_brand":[],"product_cat":[59],"product_tag":[],"class_list":{"0":"post-20712","1":"product","2":"type-product","3":"status-publish","4":"has-post-thumbnail","6":"product_cat-derleme","8":"first","9":"instock","10":"sale","11":"shipping-taxable","12":"purchasable","13":"product-type-simple"},"_links":{"self":[{"href":"https:\/\/kutluyayinevi.com\/magaza\/wp-json\/wp\/v2\/product\/20712","targetHints":{"allow":["GET"]}}],"collection":[{"href":"https:\/\/kutluyayinevi.com\/magaza\/wp-json\/wp\/v2\/product"}],"about":[{"href":"https:\/\/kutluyayinevi.com\/magaza\/wp-json\/wp\/v2\/types\/product"}],"replies":[{"embeddable":true,"href":"https:\/\/kutluyayinevi.com\/magaza\/wp-json\/wp\/v2\/comments?post=20712"}],"wp:featuredmedia":[{"embeddable":true,"href":"https:\/\/kutluyayinevi.com\/magaza\/wp-json\/wp\/v2\/media\/20713"}],"wp:attachment":[{"href":"https:\/\/kutluyayinevi.com\/magaza\/wp-json\/wp\/v2\/media?parent=20712"}],"wp:term":[{"taxonomy":"product_brand","embeddable":true,"href":"https:\/\/kutluyayinevi.com\/magaza\/wp-json\/wp\/v2\/product_brand?post=20712"},{"taxonomy":"product_cat","embeddable":true,"href":"https:\/\/kutluyayinevi.com\/magaza\/wp-json\/wp\/v2\/product_cat?post=20712"},{"taxonomy":"product_tag","embeddable":true,"href":"https:\/\/kutluyayinevi.com\/magaza\/wp-json\/wp\/v2\/product_tag?post=20712"}],"curies":[{"name":"wp","href":"https:\/\/api.w.org\/{rel}","templated":true}]}}