{"id":20733,"date":"2021-06-17T16:53:30","date_gmt":"2021-06-17T13:53:30","guid":{"rendered":"https:\/\/kutluyayinevi.com\/magaza\/?post_type=product&#038;p=20733"},"modified":"2025-02-04T10:29:01","modified_gmt":"2025-02-04T07:29:01","slug":"konut-siteleri-yonetimi-mevzuat-kitabi-nihat-donmez","status":"publish","type":"product","link":"https:\/\/kutluyayinevi.com\/magaza\/urun\/konut-siteleri-yonetimi-mevzuat-kitabi-nihat-donmez\/","title":{"rendered":"Konut Siteleri Y\u00f6netimi &#8211; Mevzuat Kitab\u0131 &#8211; Nihat D\u00f6nmez"},"content":{"rendered":"","protected":false},"excerpt":{"rendered":"<p class=\"western\">Konut sitelerindeki kaosun, yolsuzluk ve uyu\u015fmazl\u0131n as\u0131l sebebi, site y\u00f6netimi mevzuat\u0131na vak\u0131f olunmamas\u0131d\u0131r.<\/p>\n<p class=\"western\">Konut Site Y\u00f6netimlerinin t\u00fczel ki\u015fili\u011fi yoktur. Siteler Vergi Usul Kanuna ve \/veya T\u00fcrkiye Muhasebe Standartlar\u0131na tabi de\u011fildir. Siteler \u015firket, dernek, kooperatif vb. organizasyonlar\u0131n mevzuat\u0131na da tabi de\u011fildir ve site y\u00f6netimlerinin temel bir mevzuat\u0131 da yoktur. Site y\u00f6netimlerine yukar\u0131da say\u0131lan organizasyonlar\u0131n mevzuat\u0131n\u0131 yamamakla olu\u015fan boh\u00e7a mahkemelerimizi bo\u015f yere oyalamakta, \u00f6zel hayat\u0131n temel g\u00fcvenlik hissi olan kom\u015fuluk ili\u015fkilerini h\u0131rpalamaktad\u0131r.<\/p>\n<p class=\"western\">Siteler \u00e7ok sahiplilikten dolay\u0131, sahipsizdir. Oysa siteleri ki\u015filer de\u011fil mevzuatlar y\u00f6netir, ki\u015filer sitelere ancak ve sadece hizmet edebilir. Bu mevzuat da profesyonel ve saha tecr\u00fcbesi ile akademik s\u00fcre\u00e7 ge\u00e7irmi\u015f dan\u0131\u015fman-y\u00f6neticilerce haz\u0131rlanacak veya revize edilecek y\u00f6netim plan\u0131n\u0131n yan\u0131nda site ya\u015fam rehberi ile m\u00fcmk\u00fcn olabilmektedir.<\/p>\n<p class=\"western\">\u0130\u015fte bu kitap, piyasada site y\u00f6netimi mevzuat\u0131 hakk\u0131nda yaln\u0131zca hukuki bilgi payla\u015f\u0131m\u0131ndan ibaret olanlardan farkl\u0131, sahaya y\u00f6nelik olu\u015fturuldu ve ilgililerin faydas\u0131na sunuldu.<\/p>\n","protected":false},"featured_media":20734,"comment_status":"closed","ping_status":"closed","template":"","meta":[],"product_brand":[],"product_cat":[99],"product_tag":[],"class_list":{"0":"post-20733","1":"product","2":"type-product","3":"status-publish","4":"has-post-thumbnail","6":"product_cat-kilavuz","8":"first","9":"instock","10":"sale","11":"shipping-taxable","12":"purchasable","13":"product-type-simple"},"_links":{"self":[{"href":"https:\/\/kutluyayinevi.com\/magaza\/wp-json\/wp\/v2\/product\/20733","targetHints":{"allow":["GET"]}}],"collection":[{"href":"https:\/\/kutluyayinevi.com\/magaza\/wp-json\/wp\/v2\/product"}],"about":[{"href":"https:\/\/kutluyayinevi.com\/magaza\/wp-json\/wp\/v2\/types\/product"}],"replies":[{"embeddable":true,"href":"https:\/\/kutluyayinevi.com\/magaza\/wp-json\/wp\/v2\/comments?post=20733"}],"wp:featuredmedia":[{"embeddable":true,"href":"https:\/\/kutluyayinevi.com\/magaza\/wp-json\/wp\/v2\/media\/20734"}],"wp:attachment":[{"href":"https:\/\/kutluyayinevi.com\/magaza\/wp-json\/wp\/v2\/media?parent=20733"}],"wp:term":[{"taxonomy":"product_brand","embeddable":true,"href":"https:\/\/kutluyayinevi.com\/magaza\/wp-json\/wp\/v2\/product_brand?post=20733"},{"taxonomy":"product_cat","embeddable":true,"href":"https:\/\/kutluyayinevi.com\/magaza\/wp-json\/wp\/v2\/product_cat?post=20733"},{"taxonomy":"product_tag","embeddable":true,"href":"https:\/\/kutluyayinevi.com\/magaza\/wp-json\/wp\/v2\/product_tag?post=20733"}],"curies":[{"name":"wp","href":"https:\/\/api.w.org\/{rel}","templated":true}]}}