{"id":20735,"date":"2021-06-17T16:55:20","date_gmt":"2021-06-17T13:55:20","guid":{"rendered":"https:\/\/kutluyayinevi.com\/magaza\/?post_type=product&#038;p=20735"},"modified":"2025-02-04T10:28:31","modified_gmt":"2025-02-04T07:28:31","slug":"konut-siteleri-yonetimi-yonetim-kitabi-nihat-donmez","status":"publish","type":"product","link":"https:\/\/kutluyayinevi.com\/magaza\/urun\/konut-siteleri-yonetimi-yonetim-kitabi-nihat-donmez\/","title":{"rendered":"Konut Siteleri Y\u00f6netimi &#8211; Y\u00f6netim Kitab\u0131 &#8211; Nihat D\u00f6nmez"},"content":{"rendered":"","protected":false},"excerpt":{"rendered":"<p class=\"western\">Siteleri, y\u00f6neticiler y\u00f6netmez; kat malikleri de y\u00f6netmez, y\u00f6netemez; kat malikleri kurulu kararlar\u0131 y\u00f6netir.<\/p>\n<p class=\"western\">Siteleri deneticiler denetlemez, kat malikleri kurullar\u0131 denetler.<\/p>\n<p class=\"western\">Sitelerde tek karar mercisi kat malikleri kuruludur. Kat malikleri kurulu, yetkilendirdi\u011fi y\u00f6neticiler (vekiller) \u00fczerinden yaln\u0131zca hizmetleri ta\u015fere edebilirler, y\u00f6netim sorumlulu\u011funu kimseye b\u0131rakamazlar.<\/p>\n<p class=\"western\">\u00c7\u00fcnk\u00fc; Site y\u00f6netimi; Vergi Usul Kanunu ve T\u00fcrkiye Muhasebe Standartlar\u0131na tabii olmayan, resen bir araya gelmi\u015flikteki bir t\u00fczel ki\u015filiksizli\u011fi; 634 say\u0131l\u0131 kat m\u00fclkiyeti kanunu ve bu kanuna endeksli olarak haz\u0131rlanm\u0131\u015f Y\u00f6netim Plan\u0131 \/ bu kanunun at\u0131f yapt\u0131\u011f\u0131 di\u011fer kanun ve y\u00f6netmelikler \u00e7er\u00e7evesinde atanm\u0131\u015f veya se\u00e7ilmi\u015f, Y\u00f6netici\/Y\u00f6netim Kurullar\u0131, Denetici\/Denetim Kurullar\u0131, Kat Malikleri Genel Kurullar\u0131 vb. Organlar \u00fczerinden tan\u0131ml\u0131 alanlarda, hukuki-mali-idari-sosyal boyutlu bir yap\u0131da, personel-malzeme-e\u011fitim-prosed\u00fcr d\u00f6rtgeninde; g\u00fcvenlik-temizlik-teknik \u2013idari i\u015flerden olu\u015fan d\u00f6rt temel hizmeti sakinler memnuniyeti ve emlak de\u011ferini art\u0131r\u0131c\u0131 vizyon \u00fczerinden idari ve saha hizmetlerini tahmini b\u00fct\u00e7e yakla\u015f\u0131m\u0131 ile hakimin m\u00fcdahalesine a\u00e7\u0131k, ger\u00e7ekle\u015ftirme s\u00fcrecidir.<\/p>\n<p class=\"western\">\u0130\u015fte bu kitap, piyasada site y\u00f6netimi hakk\u0131nda yaln\u0131zca hukuki bilgi payla\u015f\u0131m\u0131ndan ibaret olanlardan farkl\u0131, sahaya y\u00f6nelik olu\u015fturuldu ve ilgililerin faydas\u0131na sunuldu.<\/p>\n","protected":false},"featured_media":20736,"comment_status":"closed","ping_status":"closed","template":"","meta":[],"product_brand":[],"product_cat":[99],"product_tag":[],"class_list":{"0":"post-20735","1":"product","2":"type-product","3":"status-publish","4":"has-post-thumbnail","6":"product_cat-kilavuz","8":"first","9":"instock","10":"sale","11":"shipping-taxable","12":"purchasable","13":"product-type-simple"},"_links":{"self":[{"href":"https:\/\/kutluyayinevi.com\/magaza\/wp-json\/wp\/v2\/product\/20735","targetHints":{"allow":["GET"]}}],"collection":[{"href":"https:\/\/kutluyayinevi.com\/magaza\/wp-json\/wp\/v2\/product"}],"about":[{"href":"https:\/\/kutluyayinevi.com\/magaza\/wp-json\/wp\/v2\/types\/product"}],"replies":[{"embeddable":true,"href":"https:\/\/kutluyayinevi.com\/magaza\/wp-json\/wp\/v2\/comments?post=20735"}],"wp:featuredmedia":[{"embeddable":true,"href":"https:\/\/kutluyayinevi.com\/magaza\/wp-json\/wp\/v2\/media\/20736"}],"wp:attachment":[{"href":"https:\/\/kutluyayinevi.com\/magaza\/wp-json\/wp\/v2\/media?parent=20735"}],"wp:term":[{"taxonomy":"product_brand","embeddable":true,"href":"https:\/\/kutluyayinevi.com\/magaza\/wp-json\/wp\/v2\/product_brand?post=20735"},{"taxonomy":"product_cat","embeddable":true,"href":"https:\/\/kutluyayinevi.com\/magaza\/wp-json\/wp\/v2\/product_cat?post=20735"},{"taxonomy":"product_tag","embeddable":true,"href":"https:\/\/kutluyayinevi.com\/magaza\/wp-json\/wp\/v2\/product_tag?post=20735"}],"curies":[{"name":"wp","href":"https:\/\/api.w.org\/{rel}","templated":true}]}}