{"id":20737,"date":"2021-06-17T16:59:04","date_gmt":"2021-06-17T13:59:04","guid":{"rendered":"https:\/\/kutluyayinevi.com\/magaza\/?post_type=product&#038;p=20737"},"modified":"2025-02-04T10:28:46","modified_gmt":"2025-02-04T07:28:46","slug":"konut-siteleri-yonetimi-denetim-kitabi-nihat-donmez","status":"publish","type":"product","link":"https:\/\/kutluyayinevi.com\/magaza\/urun\/konut-siteleri-yonetimi-denetim-kitabi-nihat-donmez\/","title":{"rendered":"Konut Siteleri Y\u00f6netimi \u2013 Denetim Kitab\u0131 \u2013 Nihat D\u00f6nmez"},"content":{"rendered":"","protected":false},"excerpt":{"rendered":"<p>Bilinenin aksine,<\/p>\n<p>Siteleri, y\u00f6neticiler y\u00f6netmez; kat malikleri de y\u00f6netmez, y\u00f6netemez;  kat malikleri kurulu kararlar\u0131 y\u00f6netir. <\/p>\n<p>Siteleri deneticiler denetlemez, kat malikleri kurullar\u0131 denetler.<\/p>\n<p>Siteler Vergi Usul Kanunu ve T\u00fcrkiye Muhasebe Standartlar\u0131na tabii de\u011fildir.<\/p>\n<p>Bu kitap, Konut Sitelerinde Y\u00f6netimin Denetlenmesini, 634 say\u0131l\u0131 Kat M\u00fclkiyeti Kanununun  41. maddesinde detayl\u0131 olarak a\u00e7\u0131klanan denetimi, sekt\u00f6r ilgililerine, y\u00f6neticiler, deneticiler \u00fczerinden t\u00fcm kat maliklerine site y\u00f6netsel ruhu yakla\u015f\u0131m\u0131 ile aktarmak, payla\u015fmak \u00fczere akademisyenlerin yan\u0131nda, saha tecr\u00fcbeleri ile i\u015fin i\u00e7inde olan bir Dan\u0131\u015fma Kurulunun da katk\u0131lar\u0131 ile kaleme al\u0131nm\u0131\u015ft\u0131r.<\/p>\n<p>\u0130\u015fte bu kitap, piyasada site y\u00f6netiminin denetimi hakk\u0131nda yaln\u0131zca mali bilgi payla\u015f\u0131m\u0131ndan ibaret olanlardan farkl\u0131, sahaya y\u00f6nelik olu\u015fturuldu ve ilgililerin faydas\u0131na sunuldu.<\/p>\n","protected":false},"featured_media":20738,"comment_status":"closed","ping_status":"closed","template":"","meta":[],"product_brand":[],"product_cat":[99],"product_tag":[],"class_list":{"0":"post-20737","1":"product","2":"type-product","3":"status-publish","4":"has-post-thumbnail","6":"product_cat-kilavuz","8":"first","9":"instock","10":"sale","11":"shipping-taxable","12":"purchasable","13":"product-type-simple"},"_links":{"self":[{"href":"https:\/\/kutluyayinevi.com\/magaza\/wp-json\/wp\/v2\/product\/20737","targetHints":{"allow":["GET"]}}],"collection":[{"href":"https:\/\/kutluyayinevi.com\/magaza\/wp-json\/wp\/v2\/product"}],"about":[{"href":"https:\/\/kutluyayinevi.com\/magaza\/wp-json\/wp\/v2\/types\/product"}],"replies":[{"embeddable":true,"href":"https:\/\/kutluyayinevi.com\/magaza\/wp-json\/wp\/v2\/comments?post=20737"}],"wp:featuredmedia":[{"embeddable":true,"href":"https:\/\/kutluyayinevi.com\/magaza\/wp-json\/wp\/v2\/media\/20738"}],"wp:attachment":[{"href":"https:\/\/kutluyayinevi.com\/magaza\/wp-json\/wp\/v2\/media?parent=20737"}],"wp:term":[{"taxonomy":"product_brand","embeddable":true,"href":"https:\/\/kutluyayinevi.com\/magaza\/wp-json\/wp\/v2\/product_brand?post=20737"},{"taxonomy":"product_cat","embeddable":true,"href":"https:\/\/kutluyayinevi.com\/magaza\/wp-json\/wp\/v2\/product_cat?post=20737"},{"taxonomy":"product_tag","embeddable":true,"href":"https:\/\/kutluyayinevi.com\/magaza\/wp-json\/wp\/v2\/product_tag?post=20737"}],"curies":[{"name":"wp","href":"https:\/\/api.w.org\/{rel}","templated":true}]}}