{"id":20751,"date":"2021-06-22T16:33:15","date_gmt":"2021-06-22T13:33:15","guid":{"rendered":"https:\/\/kutluyayinevi.com\/magaza\/?post_type=product&#038;p=20751"},"modified":"2026-02-23T10:42:11","modified_gmt":"2026-02-23T07:42:11","slug":"turkmencenin-sesleri-ve-yazimi-uzerine-yusuf-azmun","status":"publish","type":"product","link":"https:\/\/kutluyayinevi.com\/magaza\/urun\/turkmencenin-sesleri-ve-yazimi-uzerine-yusuf-azmun\/","title":{"rendered":"T\u00fcrkmencenin Sesleri ve Yaz\u0131m\u0131 \u00dczerine &#8211; Yusuf Azmun"},"content":{"rendered":"","protected":false},"excerpt":{"rendered":"<p>T\u00fcrkmencenin gramerini yerli ve yabanc\u0131 bir\u00e7ok ara\u015ft\u0131rmadan okudum. Bu ilgi \u00e7ekici T\u00fcrk leh\u00e7esinin \u00f6zellikle ses bilgisiyle ilgili baz\u0131 \u00f6zellikleri hep dikkatimi \u00e7ekmi\u015ftir. Uzun \u00fcnl\u00fcler, peltekle\u015fen s ve z sesleri\u2026 Ba\u015fkurt\u00e7adaki s-&gt; h, Yakut\u00e7adaki s-&gt; h-&gt; \u00d8 de\u011fi\u015fmesinin ilk a\u015famas\u0131n\u0131n T\u00fcrkmencedeki di\u015f aras\u0131 s oldu\u011funu anlad\u0131\u011f\u0131mda yeni bir ke\u015fifte bulundu\u011fumu sanm\u0131\u015ft\u0131m. Me\u011fer T\u00fcrkmencenin s\u0131rlar\u0131 bunlardan ibaret de\u011filmi\u015f. T\u00fcrkmence sanki bir benze\u015fmeler dili. Ve daha bir\u00e7ok seslik \u00f6zellikler&#8230; Azmun\u2019un kitab\u0131n\u0131 okudu\u011fum zaman o g\u00fcne kadar bilmedi\u011fim bir\u00e7ok s\u0131rr\u0131 \u00f6\u011frendim.<\/p>\n<p>Bir T\u00fcrkmensahra T\u00fcrkmen\u2019i olan s\u0131n\u0131f arkada\u015f\u0131m Yusuf Azmun bence ilm\u00ee hayat\u0131n\u0131n en \u00f6nemli eserini ortaya koymu\u015ftur. T\u00fcrkmencenin ses bilgisinin ayr\u0131nt\u0131lar\u0131n\u0131 \u00f6\u011frenmek isteyenler mutlaka bu esere ba\u015fvurmal\u0131d\u0131rlar.<\/p>\n<p>Ahmet Bican Ercilasun<\/p>\n","protected":false},"featured_media":20752,"comment_status":"closed","ping_status":"closed","template":"","meta":[],"product_brand":[],"product_cat":[15],"product_tag":[],"class_list":{"0":"post-20751","1":"product","2":"type-product","3":"status-publish","4":"has-post-thumbnail","6":"product_cat-dilbilim","8":"first","9":"instock","10":"sale","11":"featured","12":"shipping-taxable","13":"purchasable","14":"product-type-simple"},"_links":{"self":[{"href":"https:\/\/kutluyayinevi.com\/magaza\/wp-json\/wp\/v2\/product\/20751","targetHints":{"allow":["GET"]}}],"collection":[{"href":"https:\/\/kutluyayinevi.com\/magaza\/wp-json\/wp\/v2\/product"}],"about":[{"href":"https:\/\/kutluyayinevi.com\/magaza\/wp-json\/wp\/v2\/types\/product"}],"replies":[{"embeddable":true,"href":"https:\/\/kutluyayinevi.com\/magaza\/wp-json\/wp\/v2\/comments?post=20751"}],"wp:featuredmedia":[{"embeddable":true,"href":"https:\/\/kutluyayinevi.com\/magaza\/wp-json\/wp\/v2\/media\/20752"}],"wp:attachment":[{"href":"https:\/\/kutluyayinevi.com\/magaza\/wp-json\/wp\/v2\/media?parent=20751"}],"wp:term":[{"taxonomy":"product_brand","embeddable":true,"href":"https:\/\/kutluyayinevi.com\/magaza\/wp-json\/wp\/v2\/product_brand?post=20751"},{"taxonomy":"product_cat","embeddable":true,"href":"https:\/\/kutluyayinevi.com\/magaza\/wp-json\/wp\/v2\/product_cat?post=20751"},{"taxonomy":"product_tag","embeddable":true,"href":"https:\/\/kutluyayinevi.com\/magaza\/wp-json\/wp\/v2\/product_tag?post=20751"}],"curies":[{"name":"wp","href":"https:\/\/api.w.org\/{rel}","templated":true}]}}