{"id":20771,"date":"2021-06-29T09:20:39","date_gmt":"2021-06-29T06:20:39","guid":{"rendered":"https:\/\/kutluyayinevi.com\/magaza\/?post_type=product&#038;p=20771"},"modified":"2025-02-04T10:56:19","modified_gmt":"2025-02-04T07:56:19","slug":"singir-mingir-keloglan-tahsin-melan","status":"publish","type":"product","link":"https:\/\/kutluyayinevi.com\/magaza\/urun\/singir-mingir-keloglan-tahsin-melan\/","title":{"rendered":"\u015e\u0131ng\u0131r M\u0131ng\u0131r Kelo\u011flan &#8211; Tahsin Melan"},"content":{"rendered":"","protected":false},"excerpt":{"rendered":"<p>Oyunumuz, \u00e7ocuklara y\u00f6nelik oyunlar\u0131n olmazsa olmaz\u0131 \u00f6zellikleri do\u011frultusunda yine e\u011flendiriyor, g\u00fcld\u00fcr\u00fcyor, seyirciyle b\u00fct\u00fcnle\u015fiyor. G\u00fcl\u00fcp ge\u00e7ilesi de\u011fil. D\u00fc\u015f\u00fcnd\u00fcr\u00fcyor, tart\u0131\u015ft\u0131r\u0131yor ve kafalarda soru i\u015faretleri b\u0131rak\u0131yor. \u00c7ocu\u011fa \u00e7ocuk oldu\u011funu unutturmamaya \u00f6zen g\u00f6sterirken ayn\u0131 zamanda s\u00f6z haklar\u0131n\u0131n oldu\u011funu bilme f\u0131rsat\u0131 da sa\u011fl\u0131yor. Onlara g\u00f6n\u00fcllerince hitap etmesini bilen, birlikte geldi\u011fi ana-babas\u0131n\u0131 da memnun edecek b\u00fct\u00fcnl\u00fc\u011f\u00fc sa\u011flayan bir yap\u0131ya sahip.<\/p>\n<p>Kelo\u011flan\u2019\u0131n g\u00fcn\u00fcn\u00fc g\u00fcn etti\u011fi g\u00fcnlerden bir g\u00fcn art\u0131k anas\u0131n\u0131n sabr\u0131 ta\u015fm\u0131\u015ft\u0131r. Bir i\u015f bulmas\u0131n\u0131 ve tek ba\u015f\u0131na ayakta durabilme gayretleri g\u00f6stermesini ister. \u0130stedi\u011fi bununla da kalsa iyi. Tarla tapan ister, \u00f6k\u00fczleri olsun ister, \u00e2hir \u00f6mr\u00fcnde bir e\u015fe\u011fi olmam\u0131\u015ft\u0131r onu da ister. En \u00f6nemlisi kel o\u011fluna yak\u0131\u015f\u0131r bir gelin ister. G\u00f6n\u00fcl bu, ana y\u00fcre\u011fi\u2026 Daha neler neler ister. \u0130stemesine ister amma\u2026 Nas\u0131l olacak? \u0130\u015fte bu a\u00e7mazlar\u0131n a\u00e7ar\u0131 oyunumuz \u015e\u0131ng\u0131r M\u0131ng\u0131r Kelo\u011flan\u2019da sakl\u0131.<\/p>\n","protected":false},"featured_media":20772,"comment_status":"closed","ping_status":"closed","template":"","meta":[],"product_brand":[],"product_cat":[61],"product_tag":[],"class_list":{"0":"post-20771","1":"product","2":"type-product","3":"status-publish","4":"has-post-thumbnail","6":"product_cat-tiyatro","8":"first","9":"instock","10":"sale","11":"shipping-taxable","12":"purchasable","13":"product-type-simple"},"_links":{"self":[{"href":"https:\/\/kutluyayinevi.com\/magaza\/wp-json\/wp\/v2\/product\/20771","targetHints":{"allow":["GET"]}}],"collection":[{"href":"https:\/\/kutluyayinevi.com\/magaza\/wp-json\/wp\/v2\/product"}],"about":[{"href":"https:\/\/kutluyayinevi.com\/magaza\/wp-json\/wp\/v2\/types\/product"}],"replies":[{"embeddable":true,"href":"https:\/\/kutluyayinevi.com\/magaza\/wp-json\/wp\/v2\/comments?post=20771"}],"wp:featuredmedia":[{"embeddable":true,"href":"https:\/\/kutluyayinevi.com\/magaza\/wp-json\/wp\/v2\/media\/20772"}],"wp:attachment":[{"href":"https:\/\/kutluyayinevi.com\/magaza\/wp-json\/wp\/v2\/media?parent=20771"}],"wp:term":[{"taxonomy":"product_brand","embeddable":true,"href":"https:\/\/kutluyayinevi.com\/magaza\/wp-json\/wp\/v2\/product_brand?post=20771"},{"taxonomy":"product_cat","embeddable":true,"href":"https:\/\/kutluyayinevi.com\/magaza\/wp-json\/wp\/v2\/product_cat?post=20771"},{"taxonomy":"product_tag","embeddable":true,"href":"https:\/\/kutluyayinevi.com\/magaza\/wp-json\/wp\/v2\/product_tag?post=20771"}],"curies":[{"name":"wp","href":"https:\/\/api.w.org\/{rel}","templated":true}]}}