{"id":20812,"date":"2021-07-15T13:18:49","date_gmt":"2021-07-15T10:18:49","guid":{"rendered":"https:\/\/kutluyayinevi.com\/magaza\/?post_type=product&#038;p=20812"},"modified":"2025-02-04T10:37:10","modified_gmt":"2025-02-04T07:37:10","slug":"bir-oykunun-hikayesi-tolga-bahceci","status":"publish","type":"product","link":"https:\/\/kutluyayinevi.com\/magaza\/urun\/bir-oykunun-hikayesi-tolga-bahceci\/","title":{"rendered":"Bir \u00d6yk\u00fcn\u00fcn Hikayesi &#8211; Tolga Bah\u00e7eci"},"content":{"rendered":"","protected":false},"excerpt":{"rendered":"<p>\u0130nsan hayat\u0131n\u0131 y\u00fcksek tirajl\u0131 koca bir roman zannediyor. Bir roman zannetti\u011fimiz hayat\u0131m\u0131z asl\u0131nda tarihin ak\u0131\u015f\u0131nda k\u00fc\u00e7\u00fcc\u00fck bir hik\u00e2yeden ibaret. T\u0131pk\u0131 &#8220;Me\u00e7hul Adam\u0131n Hik\u00e2yesi&#8221; gibi geride b\u0131rakt\u0131\u011f\u0131m\u0131z izlerle l\u00e2y\u0131k bulundu\u011fumuz \u00fc\u00e7 ya da d\u00f6rt harfli bir s\u00f6zc\u00fckle hat\u0131rlanaca\u011f\u0131m\u0131z k\u00fc\u00e7\u00fcc\u00fck bir hik\u00e2ye. &#8220;\u0130yi&#8221; veya &#8220;k\u00f6t\u00fc&#8221;.<\/p>\n","protected":false},"featured_media":20813,"comment_status":"closed","ping_status":"closed","template":"","meta":[],"product_brand":[],"product_cat":[23],"product_tag":[],"class_list":{"0":"post-20812","1":"product","2":"type-product","3":"status-publish","4":"has-post-thumbnail","6":"product_cat-hikaye","8":"first","9":"instock","10":"sale","11":"shipping-taxable","12":"purchasable","13":"product-type-simple"},"_links":{"self":[{"href":"https:\/\/kutluyayinevi.com\/magaza\/wp-json\/wp\/v2\/product\/20812","targetHints":{"allow":["GET"]}}],"collection":[{"href":"https:\/\/kutluyayinevi.com\/magaza\/wp-json\/wp\/v2\/product"}],"about":[{"href":"https:\/\/kutluyayinevi.com\/magaza\/wp-json\/wp\/v2\/types\/product"}],"replies":[{"embeddable":true,"href":"https:\/\/kutluyayinevi.com\/magaza\/wp-json\/wp\/v2\/comments?post=20812"}],"wp:featuredmedia":[{"embeddable":true,"href":"https:\/\/kutluyayinevi.com\/magaza\/wp-json\/wp\/v2\/media\/20813"}],"wp:attachment":[{"href":"https:\/\/kutluyayinevi.com\/magaza\/wp-json\/wp\/v2\/media?parent=20812"}],"wp:term":[{"taxonomy":"product_brand","embeddable":true,"href":"https:\/\/kutluyayinevi.com\/magaza\/wp-json\/wp\/v2\/product_brand?post=20812"},{"taxonomy":"product_cat","embeddable":true,"href":"https:\/\/kutluyayinevi.com\/magaza\/wp-json\/wp\/v2\/product_cat?post=20812"},{"taxonomy":"product_tag","embeddable":true,"href":"https:\/\/kutluyayinevi.com\/magaza\/wp-json\/wp\/v2\/product_tag?post=20812"}],"curies":[{"name":"wp","href":"https:\/\/api.w.org\/{rel}","templated":true}]}}