{"id":20853,"date":"2021-08-13T17:34:28","date_gmt":"2021-08-13T14:34:28","guid":{"rendered":"https:\/\/kutluyayinevi.com\/magaza\/?post_type=product&#038;p=20853"},"modified":"2026-02-20T09:48:30","modified_gmt":"2026-02-20T06:48:30","slug":"filmde-da-vinci-izleri-eldar-bora","status":"publish","type":"product","link":"https:\/\/kutluyayinevi.com\/magaza\/urun\/filmde-da-vinci-izleri-eldar-bora\/","title":{"rendered":"Film&#8217;de Da V\u0131nc\u0131 \u0130zleri &#8211; Eldar Bora"},"content":{"rendered":"","protected":false},"excerpt":{"rendered":"<p>Resim ve heykel sanat\u0131nda perspektif ve g\u00f6rme en \u00f6nemli konulardan biridir. Leonardo da Vinci \u015f\u00fcphesiz ki d\u00f6neminin yeg\u00e2ne ressamlar\u0131ndan biriydi ve bilimsel ki\u015fili\u011finin sanat\u0131nda \u00e7ok b\u00fcy\u00fck etkileri bulunmaktayd\u0131.<\/p>\n<p>Leonardo, ba\u015flang\u0131\u00e7ta g\u00f6z\u00fcn alg\u0131lad\u0131\u011f\u0131 \u015feyin d\u00fcnyan\u0131n hakiki g\u00f6r\u00fcnt\u00fcs\u00fc oldu\u011funa inanmaktayd\u0131. Optik alan\u0131ndaki incelemelerini devam ettirdik\u00e7e bu kan\u0131s\u0131n\u0131n do\u011fru olmayaca\u011f\u0131n\u0131 fark etmi\u015fti. Leonardo, insan g\u00f6z\u00fcn\u00fcn v\u00fccuttaki en \u00f6nemli organ oldu\u011funu d\u00fc\u015f\u00fcn\u00fcyordu. &#8220;Camera obscura&#8221;, Leonardo&#8217;nun birlikte \u00e7al\u0131\u015ft\u0131\u011f\u0131 en ilgin\u00e7 optik icatlardan biriydi. Bunlardan birini kullanan ilk ki\u015fi o de\u011fildi ancak bir &#8220;camera obscura&#8221;n\u0131n \u00e7al\u0131\u015fma \u015fekli ile insan g\u00f6z\u00fcn\u00fcn i\u015fleyi\u015fi aras\u0131ndaki benzerli\u011fi ilk fark eden ki\u015fiydi. B\u00fcy\u00fck sanat\u00e7\u0131 Leonardo da Vinci&#8217;nin, &#8220;karanl\u0131k oda&#8221;da k\u00fc\u00e7\u00fck bir deli\u011fin d\u0131\u015f d\u00fcnyadaki yans\u0131mas\u0131n\u0131 aksettirmesi, ger\u00e7ek foto\u011fraf\u00e7\u0131l\u0131k tarihindeki \u00f6nemli ba\u015flang\u0131c\u0131 say\u0131lmaktad\u0131r.<\/p>\n<p>R\u00f6nesans \u00f6ncesinden optik ve \u0131\u015f\u0131k \u00e7al\u0131\u015fmalar\u0131yla bug\u00fcnk\u00fc sinema mant\u0131\u011f\u0131n\u0131n ana temellerinin ilk ad\u0131m\u0131 asl\u0131nda \u0130bn el-Heysem ile at\u0131lm\u0131\u015f olabilir ancak \u201cBana bal\u0131k verme, tutmay\u0131 \u00f6\u011fret!\u201d mant\u0131\u011f\u0131n\u0131 ele ald\u0131\u011f\u0131m\u0131zda \u015f\u00fcphesiz ki Leonardo da Vinci&#8217;nin &#8220;camera obscura&#8221;s\u0131 ve bunun ilerlemesindeki katk\u0131s\u0131 d\u00fcnya sinemas\u0131 ve foto\u011fraf\u00e7\u0131l\u0131\u011f\u0131 i\u00e7in paha bi\u00e7ilemez say\u0131labilir \u00e7\u00fcnk\u00fc \u00fc\u00e7 evrede sinema ve foto\u011fraf\u00e7\u0131l\u0131\u011f\u0131 ele al\u0131rsak (ke\u015ffetme, geli\u015ftirme, \u00fcretme) R\u00f6nesans d\u00f6nemi \u00e7al\u0131\u015fmalar\u0131n\u0131, ke\u015ffetme evresi olarak kabul edebiliriz.<\/p>\n","protected":false},"featured_media":20854,"comment_status":"closed","ping_status":"closed","template":"","meta":[],"product_brand":[],"product_cat":[106],"product_tag":[],"class_list":{"0":"post-20853","1":"product","2":"type-product","3":"status-publish","4":"has-post-thumbnail","6":"product_cat-akademik","8":"first","9":"instock","10":"sale","11":"shipping-taxable","12":"purchasable","13":"product-type-simple"},"_links":{"self":[{"href":"https:\/\/kutluyayinevi.com\/magaza\/wp-json\/wp\/v2\/product\/20853","targetHints":{"allow":["GET"]}}],"collection":[{"href":"https:\/\/kutluyayinevi.com\/magaza\/wp-json\/wp\/v2\/product"}],"about":[{"href":"https:\/\/kutluyayinevi.com\/magaza\/wp-json\/wp\/v2\/types\/product"}],"replies":[{"embeddable":true,"href":"https:\/\/kutluyayinevi.com\/magaza\/wp-json\/wp\/v2\/comments?post=20853"}],"wp:featuredmedia":[{"embeddable":true,"href":"https:\/\/kutluyayinevi.com\/magaza\/wp-json\/wp\/v2\/media\/20854"}],"wp:attachment":[{"href":"https:\/\/kutluyayinevi.com\/magaza\/wp-json\/wp\/v2\/media?parent=20853"}],"wp:term":[{"taxonomy":"product_brand","embeddable":true,"href":"https:\/\/kutluyayinevi.com\/magaza\/wp-json\/wp\/v2\/product_brand?post=20853"},{"taxonomy":"product_cat","embeddable":true,"href":"https:\/\/kutluyayinevi.com\/magaza\/wp-json\/wp\/v2\/product_cat?post=20853"},{"taxonomy":"product_tag","embeddable":true,"href":"https:\/\/kutluyayinevi.com\/magaza\/wp-json\/wp\/v2\/product_tag?post=20853"}],"curies":[{"name":"wp","href":"https:\/\/api.w.org\/{rel}","templated":true}]}}