{"id":20873,"date":"2021-08-27T17:53:24","date_gmt":"2021-08-27T14:53:24","guid":{"rendered":"https:\/\/kutluyayinevi.com\/magaza\/?post_type=product&#038;p=20873"},"modified":"2026-02-19T14:37:29","modified_gmt":"2026-02-19T11:37:29","slug":"beni-yarim-birakma-taha-yildiz","status":"publish","type":"product","link":"https:\/\/kutluyayinevi.com\/magaza\/urun\/beni-yarim-birakma-taha-yildiz\/","title":{"rendered":"Beni Yar\u0131m B\u0131rakma &#8211; Taha Y\u0131ld\u0131z"},"content":{"rendered":"","protected":false},"excerpt":{"rendered":"<p>Bu koca \u015fehir s\u0131\u011fd\u0131ramad\u0131 bizi, bir hayale bile s\u0131\u011famad\u0131k. D\u00fc\u015f yorgunu y\u00fcre\u011fimin, uykusuz sabahlar\u0131na uyand\u0131 hasta y\u00fcre\u011fim. Bug\u00fcn son kez ge\u00e7tim soka\u011f\u0131ndan, kald\u0131r\u0131mlarda izi kalm\u0131\u015f hat\u0131ralar\u0131n. Yoklu\u011fun en \u00e7ok g\u00f6zlerimden anla\u015f\u0131l\u0131yor; nas\u0131l ki nemli bir \u00e7ift g\u00f6z\u00fcn nezaretinde ya\u015fand\u0131 yorgun gece hat\u0131ralar\u0131m, \u015fimdi s\u00f6yle bana, bir intihar ka\u00e7 cinayet b\u0131rak\u0131r ard\u0131nda?<\/p>\n","protected":false},"featured_media":20874,"comment_status":"closed","ping_status":"closed","template":"","meta":[],"product_brand":[],"product_cat":[24],"product_tag":[],"class_list":{"0":"post-20873","1":"product","2":"type-product","3":"status-publish","4":"has-post-thumbnail","6":"product_cat-roman","8":"first","9":"instock","10":"sale","11":"shipping-taxable","12":"purchasable","13":"product-type-simple"},"_links":{"self":[{"href":"https:\/\/kutluyayinevi.com\/magaza\/wp-json\/wp\/v2\/product\/20873","targetHints":{"allow":["GET"]}}],"collection":[{"href":"https:\/\/kutluyayinevi.com\/magaza\/wp-json\/wp\/v2\/product"}],"about":[{"href":"https:\/\/kutluyayinevi.com\/magaza\/wp-json\/wp\/v2\/types\/product"}],"replies":[{"embeddable":true,"href":"https:\/\/kutluyayinevi.com\/magaza\/wp-json\/wp\/v2\/comments?post=20873"}],"wp:featuredmedia":[{"embeddable":true,"href":"https:\/\/kutluyayinevi.com\/magaza\/wp-json\/wp\/v2\/media\/20874"}],"wp:attachment":[{"href":"https:\/\/kutluyayinevi.com\/magaza\/wp-json\/wp\/v2\/media?parent=20873"}],"wp:term":[{"taxonomy":"product_brand","embeddable":true,"href":"https:\/\/kutluyayinevi.com\/magaza\/wp-json\/wp\/v2\/product_brand?post=20873"},{"taxonomy":"product_cat","embeddable":true,"href":"https:\/\/kutluyayinevi.com\/magaza\/wp-json\/wp\/v2\/product_cat?post=20873"},{"taxonomy":"product_tag","embeddable":true,"href":"https:\/\/kutluyayinevi.com\/magaza\/wp-json\/wp\/v2\/product_tag?post=20873"}],"curies":[{"name":"wp","href":"https:\/\/api.w.org\/{rel}","templated":true}]}}