{"id":20879,"date":"2021-08-27T18:13:06","date_gmt":"2021-08-27T15:13:06","guid":{"rendered":"https:\/\/kutluyayinevi.com\/magaza\/?post_type=product&#038;p=20879"},"modified":"2026-02-20T11:32:00","modified_gmt":"2026-02-20T08:32:00","slug":"insan-olmak-ne-zormus-abdulkadir-ulas","status":"publish","type":"product","link":"https:\/\/kutluyayinevi.com\/magaza\/urun\/insan-olmak-ne-zormus-abdulkadir-ulas\/","title":{"rendered":"\u0130nsan Olmak Ne Zormu\u015f &#8211; Abdulkadir Ula\u015f"},"content":{"rendered":"","protected":false},"excerpt":{"rendered":"<p>Abdulkadir Ula\u015f, 8 Ekim 1973&#8217;te Diyarbak\u0131r&#8217;\u0131n Ba\u011flar Mahallesinde do\u011fdu. ilk\u00f6\u011fretimini Alip\u0131nar Okulunda okudu. Ortaokulu okurken baz\u0131 nedenlerden okulu b\u0131rakmak zorunda kald\u0131. 2011 y\u0131l\u0131nda &#8220;Bir Tutam D\u00fc\u015f&#8221; ad\u0131nda ilk \u015fiir kitab\u0131n\u0131 \u00e7\u0131kard\u0131. \u015eiir \u00e7evresinin dikkatini \u00e7ekti. Bir k\u0131z di\u011feri erkek iki \u00e7ocu\u011fu var. \u015fu an \u0130zmir&#8217;de oturmaktad\u0131r.<\/p>\n<p>Eskiden insanlarda para yoktu amma insanl\u0131k vard\u0131. Sevgi, sayg\u0131 vard\u0131. \u0130yi saf temiz niyetli kom\u015fuluk vard\u0131. Y\u00fcreklerde vicdan merhamet vard\u0131. Edep haya terbiye denen insani de\u011ferler vard\u0131. Ne yaz\u0131k ki bu ahir zamanda hi\u00e7biri kalmad\u0131.<\/p>\n<p>\u0130nsanl\u0131k maneviyatt\u0131 ne yaz\u0131k ki unuttu.<br \/>\nNefsinin pe\u015finden gidip maddiyata sar\u0131ld\u0131.<br \/>\nBenlik kavgas\u0131na d\u00fc\u015ft\u00fc. Kazanmak i\u00e7in her t\u00fcrl\u00fc<br \/>\nZalimli\u011fi mubah sayd\u0131. Unutulmas\u0131n ki ilk ben davas\u0131n\u0131 g\u00fcden \u015feytand\u0131r. \u0130nsanlar k\u00f6hne bat\u0131l<br \/>\nFikirlerde do\u011fruyu, huzuru bulmak ister beyhudedir.<br \/>\nTemeli \u00e7\u00fcr\u00fck bat\u0131l fikirle beslenen her teori her ideoloji hak ve hakikat<br \/>\nKar\u015f\u0131s\u0131nda kaybetmeye mahkumdur.<br \/>\nHak gelince bat\u0131l zelil olur.<\/p>\n","protected":false},"featured_media":20880,"comment_status":"closed","ping_status":"closed","template":"","meta":[],"product_brand":[],"product_cat":[22],"product_tag":[],"class_list":{"0":"post-20879","1":"product","2":"type-product","3":"status-publish","4":"has-post-thumbnail","6":"product_cat-siir","8":"first","9":"instock","10":"sale","11":"shipping-taxable","12":"purchasable","13":"product-type-simple"},"_links":{"self":[{"href":"https:\/\/kutluyayinevi.com\/magaza\/wp-json\/wp\/v2\/product\/20879","targetHints":{"allow":["GET"]}}],"collection":[{"href":"https:\/\/kutluyayinevi.com\/magaza\/wp-json\/wp\/v2\/product"}],"about":[{"href":"https:\/\/kutluyayinevi.com\/magaza\/wp-json\/wp\/v2\/types\/product"}],"replies":[{"embeddable":true,"href":"https:\/\/kutluyayinevi.com\/magaza\/wp-json\/wp\/v2\/comments?post=20879"}],"wp:featuredmedia":[{"embeddable":true,"href":"https:\/\/kutluyayinevi.com\/magaza\/wp-json\/wp\/v2\/media\/20880"}],"wp:attachment":[{"href":"https:\/\/kutluyayinevi.com\/magaza\/wp-json\/wp\/v2\/media?parent=20879"}],"wp:term":[{"taxonomy":"product_brand","embeddable":true,"href":"https:\/\/kutluyayinevi.com\/magaza\/wp-json\/wp\/v2\/product_brand?post=20879"},{"taxonomy":"product_cat","embeddable":true,"href":"https:\/\/kutluyayinevi.com\/magaza\/wp-json\/wp\/v2\/product_cat?post=20879"},{"taxonomy":"product_tag","embeddable":true,"href":"https:\/\/kutluyayinevi.com\/magaza\/wp-json\/wp\/v2\/product_tag?post=20879"}],"curies":[{"name":"wp","href":"https:\/\/api.w.org\/{rel}","templated":true}]}}