{"id":20897,"date":"2021-09-07T09:28:57","date_gmt":"2021-09-07T06:28:57","guid":{"rendered":"https:\/\/kutluyayinevi.com\/magaza\/?post_type=product&#038;p=20897"},"modified":"2025-05-01T18:41:30","modified_gmt":"2025-05-01T15:41:30","slug":"kutlu-yayinevi-korece-seti-ender-caglar-ucak-3-kitap","status":"publish","type":"product","link":"https:\/\/kutluyayinevi.com\/magaza\/urun\/kutlu-yayinevi-korece-seti-ender-caglar-ucak-3-kitap\/","title":{"rendered":"Kutlu Yay\u0131nevi Korece Seti &#8211; Ender \u00c7a\u011flar U\u00e7ak (3 Kitap)"},"content":{"rendered":"","protected":false},"excerpt":{"rendered":"<ul>\n<li>Ender \u00c7a\u011flar U\u00e7ak&#8217;\u0131n TOPIK s\u0131nav\u0131 i\u00e7in haz\u0131rlad\u0131\u011f\u0131 3 kitab\u0131n bir arada bulundu\u011fu kampanyal\u0131 sat\u0131\u015f\u0131m\u0131zd\u0131r.<\/li>\n<\/ul>\n","protected":false},"featured_media":20898,"comment_status":"closed","ping_status":"closed","template":"","meta":[],"product_brand":[],"product_cat":[74],"product_tag":[],"class_list":{"0":"post-20897","1":"product","2":"type-product","3":"status-publish","4":"has-post-thumbnail","6":"product_cat-egitim","8":"first","9":"instock","10":"sale","11":"shipping-taxable","12":"purchasable","13":"product-type-simple"},"_links":{"self":[{"href":"https:\/\/kutluyayinevi.com\/magaza\/wp-json\/wp\/v2\/product\/20897","targetHints":{"allow":["GET"]}}],"collection":[{"href":"https:\/\/kutluyayinevi.com\/magaza\/wp-json\/wp\/v2\/product"}],"about":[{"href":"https:\/\/kutluyayinevi.com\/magaza\/wp-json\/wp\/v2\/types\/product"}],"replies":[{"embeddable":true,"href":"https:\/\/kutluyayinevi.com\/magaza\/wp-json\/wp\/v2\/comments?post=20897"}],"wp:featuredmedia":[{"embeddable":true,"href":"https:\/\/kutluyayinevi.com\/magaza\/wp-json\/wp\/v2\/media\/20898"}],"wp:attachment":[{"href":"https:\/\/kutluyayinevi.com\/magaza\/wp-json\/wp\/v2\/media?parent=20897"}],"wp:term":[{"taxonomy":"product_brand","embeddable":true,"href":"https:\/\/kutluyayinevi.com\/magaza\/wp-json\/wp\/v2\/product_brand?post=20897"},{"taxonomy":"product_cat","embeddable":true,"href":"https:\/\/kutluyayinevi.com\/magaza\/wp-json\/wp\/v2\/product_cat?post=20897"},{"taxonomy":"product_tag","embeddable":true,"href":"https:\/\/kutluyayinevi.com\/magaza\/wp-json\/wp\/v2\/product_tag?post=20897"}],"curies":[{"name":"wp","href":"https:\/\/api.w.org\/{rel}","templated":true}]}}